{"id":8,"date":"2016-06-06T10:39:47","date_gmt":"2016-06-06T08:39:47","guid":{"rendered":"http:\/\/www.gtronic.it\/test\/?page_id=8"},"modified":"2020-12-22T02:08:02","modified_gmt":"2020-12-22T01:08:02","slug":"microcontrollori-pic","status":"publish","type":"page","link":"https:\/\/www.gtronic.it\/test\/index.php\/microcontrollori-pic\/","title":{"rendered":"Micro-GT Microcontrollori PIC"},"content":{"rendered":"<p>I corsi di programmazione dei microcontrollori PIC si tengono a Padova il <strong>marted\u00ec<\/strong> e e il <strong>gioved\u00ec<\/strong> dalle ore 18:00 alle ore 23:00, nella sede di Via Andorra 22, 35127, zona industriale di Padova. E&#8217; possibile, per chi viene da fuori citt\u00e0 frequentare nelle sessioni week end e richiedere il convitto. La durata del corso \u00e8 di 40 ore e il costo, compresa IVA, \u00e8 di 300\u20ac. richiedere info su \u00a0ad.noctis@gmail.com<\/p>\n<p><a href=\"http:\/\/www.gtronic.it\/community\/community.html\">per andare alla community della Micro-GT<\/a>\u00a0 (contiene numerosi programmi template)<\/p>\n<p>vai al forum <a href=\"https:\/\/l.facebook.com\/l.php?u=https%3A%2F%2Felettronicachepassione.forumfree.it%2F&amp;h=AT1dbvbjewbGmGHkZYdQnvfieapgoNRe5bdkqIqjVujLG2DIqFjwLe5lSrsPyQ-D57IUcUYuNvFbuJviIQOODYSUkItvGJ8HBAiEp8pMLU1dbVITcm298keGfgOuOcd7-DxI-A\">Elettronica che passione<\/a><\/p>\n<p>Sito per i compilatori Hi-Tech\u00a0<a href=\"http:\/\/www.htsoft.com\/\">http:\/\/www.htsoft.com\/<\/a><\/p>\n<p><strong><a href=\"https:\/\/microgt.wordpress.com\/?page_id=179&amp;preview=true\" target=\"_blank\"><u><span style=\"color: #0066cc;\">Un breve corso che vi aiuter\u00e0 a fare i primi passi<\/span><\/u><\/a><\/strong><\/p>\n<ol>\n<li>Scarica un set completo di programmi per PIC18 compatibili Micro-GT\u00a0<a href=\"http:\/\/www.gtronic.it\/test\/wp-content\/uploads\/2017\/01\/PIC18F_examples.zip\">PIC18F_examples<\/a><\/li>\n<li>Tutorial internet 18F2550 e 18F4550 <a href=\"http:\/\/www.gtronic.it\/test\/wp-content\/uploads\/2016\/06\/C18-XC8_how-to.docx\">C18-XC8_how to<\/a><\/li>\n<li>Esempio Led Blink\u00a0<a href=\"http:\/\/www.gtronic.it\/test\/wp-content\/uploads\/2016\/06\/18F45k22-Blink-led.zip\">18F45k22 Blink led<\/a><\/li>\n<li>Scarica programmi demo in XC8 per 16F1829 <a href=\"http:\/\/www.gtronic.it\/test\/wp-content\/uploads\/2016\/06\/XC8-programming-16F1829.zip\">XC8 programming 16F1829<\/a><\/li>\n<li>Scarica documentazione per CODE Configurator <a href=\"http:\/\/www.gtronic.it\/test\/wp-content\/uploads\/2016\/06\/MplabX_code_configurator.docx\">MplabX_code_configurator<\/a><\/li>\n<li>Scarica databook descrittivo <a href=\"http:\/\/www.gtronic.it\/test\/wp-content\/uploads\/2016\/06\/XC8-compiler-1.pdf\">XC8 compiler<\/a><\/li>\n<\/ol>\n<p><strong>Micro-GT IDE<br \/>\n<\/strong>Ideale per la didattica<\/p>\n<p><img decoding=\"async\" loading=\"lazy\" class=\"alignnone size-full wp-image-210\" src=\"http:\/\/www.gtronic.it\/test\/wp-content\/uploads\/2016\/06\/Schede-Micro-GT-1.jpg\" alt=\"Schede Micro-GT\" width=\"2612\" height=\"1469\" srcset=\"https:\/\/www.gtronic.it\/test\/wp-content\/uploads\/2016\/06\/Schede-Micro-GT-1.jpg 2612w, https:\/\/www.gtronic.it\/test\/wp-content\/uploads\/2016\/06\/Schede-Micro-GT-1-300x169.jpg 300w, https:\/\/www.gtronic.it\/test\/wp-content\/uploads\/2016\/06\/Schede-Micro-GT-1-768x432.jpg 768w, https:\/\/www.gtronic.it\/test\/wp-content\/uploads\/2016\/06\/Schede-Micro-GT-1-1024x576.jpg 1024w, https:\/\/www.gtronic.it\/test\/wp-content\/uploads\/2016\/06\/Schede-Micro-GT-1-500x281.jpg 500w\" sizes=\"(max-width: 2612px) 100vw, 2612px\" \/><\/p>\n<p><strong>Micro-GT MINI<br \/>\n<\/strong>Per studenti e Hobbisti, ottima per progetti di robotica<\/p>\n<p><a href=\"https:\/\/microgt.wordpress.com\/prodotti-micro-gt\/micro-gt-mini\/\" target=\"_blank\"><img decoding=\"async\" loading=\"lazy\" class=\"alignnone size-thumbnail wp-image-203\" src=\"https:\/\/microgt.files.wordpress.com\/2016\/01\/microgtmini.jpg?w=150&amp;h=127\" alt=\"microGTmini\" width=\"150\" height=\"127\" \/><\/a><\/p>\n<p>Ordina una Micro-GT mini via posta elettronica ad.noctis@gmail.com<\/p>\n<p><strong>Documentazione tecnica:<\/strong><\/p>\n<ul>\n<li><a href=\"http:\/\/www.gtronic.it\/test\/wp-content\/uploads\/2016\/06\/RTOS-per-PIC.pdf\">RTOS per PIC<\/a><\/li>\n<li><a href=\"http:\/\/www.gtronic.it\/test\/wp-content\/uploads\/2016\/06\/Accelerometro-inclinometro-Marco-Gottardo-Articolo-pubblicato-su-Grix-1.pdf\">Accelerometro inclinometro Marco Gottardo Articolo pubblicato su Grix<\/a><\/li>\n<li><a href=\"http:\/\/www.gtronic.it\/test\/wp-content\/uploads\/2016\/06\/accelerometro_display4bit.zip\">accelerometro_display4bit<\/a><\/li>\n<li>Vecchia tesina <a href=\"http:\/\/www.gtronic.it\/test\/wp-content\/uploads\/2016\/06\/sistemi-informatici-per-la-robotica.doc\">sistemi informatici per la robotica<\/a><\/li>\n<li>Hitech C manual <a href=\"http:\/\/www.gtronic.it\/test\/wp-content\/uploads\/2016\/06\/HTC_PIC_manual.pdf\">HTC_PIC_manual<\/a><\/li>\n<li>Display Hitachi 44780 <a href=\"http:\/\/www.gtronic.it\/test\/wp-content\/uploads\/2016\/06\/hd44780.pdf\"><u><span style=\"color: #0066cc;\">hd44780<\/span><\/u><\/a><\/li>\n<li><a href=\"http:\/\/www.gtronic.it\/test\/wp-content\/uploads\/2016\/06\/HD44780.-4bit-mode-example.pdf\"><u><span style=\"color: #0066cc;\">HD44780. 4bit mode example<\/span><\/u><\/a><\/li>\n<li><a href=\"http:\/\/www.gtronic.it\/test\/wp-content\/uploads\/2016\/06\/C-per-pic16.pdf\">C per pic16<\/a><\/li>\n<li><a href=\"http:\/\/www.gtronic.it\/test\/wp-content\/uploads\/2016\/06\/XC8-compiler.pdf\">XC8 compiler<\/a><\/li>\n<li><a href=\"http:\/\/www.gtronic.it\/test\/?page_id=1865&amp;preview=true\">RTC per PIC32<\/a><\/li>\n<li><\/li>\n<\/ul>\n<p><strong>Schemi essenziali:<\/strong><\/p>\n<p><img decoding=\"async\" loading=\"lazy\" class=\"alignnone size-full wp-image-1088\" src=\"http:\/\/www.gtronic.it\/test\/wp-content\/uploads\/2016\/06\/Display_2x16_4bit.png\" alt=\"Display_2x16_4bit\" width=\"560\" height=\"578\" srcset=\"https:\/\/www.gtronic.it\/test\/wp-content\/uploads\/2016\/06\/Display_2x16_4bit.png 560w, https:\/\/www.gtronic.it\/test\/wp-content\/uploads\/2016\/06\/Display_2x16_4bit-291x300.png 291w\" sizes=\"(max-width: 560px) 100vw, 560px\" \/><\/p>\n<p>Programma di controllo display a 4 bit <a href=\"http:\/\/www.gtronic.it\/test\/wp-content\/uploads\/2016\/06\/LCD_hitech_4_bit.zip\">LCD_hitech_4_bit<\/a><\/p>\n","protected":false},"excerpt":{"rendered":"<p>I corsi di programmazione dei microcontrollori PIC si tengono a Padova il marted\u00ec e e il gioved\u00ec dalle ore 18:00 alle ore 23:00, nella sede di Via Andorra 22, 35127, zona industriale di Padova. E&#8217; possibile, per chi viene da &hellip; <a href=\"https:\/\/www.gtronic.it\/test\/index.php\/microcontrollori-pic\/\">Continua a leggere<span class=\"meta-nav\">&rarr;<\/span><\/a><\/p>\n","protected":false},"author":1,"featured_media":0,"parent":0,"menu_order":0,"comment_status":"closed","ping_status":"closed","template":"","meta":[],"_links":{"self":[{"href":"https:\/\/www.gtronic.it\/test\/index.php\/wp-json\/wp\/v2\/pages\/8"}],"collection":[{"href":"https:\/\/www.gtronic.it\/test\/index.php\/wp-json\/wp\/v2\/pages"}],"about":[{"href":"https:\/\/www.gtronic.it\/test\/index.php\/wp-json\/wp\/v2\/types\/page"}],"author":[{"embeddable":true,"href":"https:\/\/www.gtronic.it\/test\/index.php\/wp-json\/wp\/v2\/users\/1"}],"replies":[{"embeddable":true,"href":"https:\/\/www.gtronic.it\/test\/index.php\/wp-json\/wp\/v2\/comments?post=8"}],"version-history":[{"count":31,"href":"https:\/\/www.gtronic.it\/test\/index.php\/wp-json\/wp\/v2\/pages\/8\/revisions"}],"predecessor-version":[{"id":3086,"href":"https:\/\/www.gtronic.it\/test\/index.php\/wp-json\/wp\/v2\/pages\/8\/revisions\/3086"}],"wp:attachment":[{"href":"https:\/\/www.gtronic.it\/test\/index.php\/wp-json\/wp\/v2\/media?parent=8"}],"curies":[{"name":"wp","href":"https:\/\/api.w.org\/{rel}","templated":true}]}}