{"id":5882,"date":"2026-03-07T17:50:43","date_gmt":"2026-03-07T16:50:43","guid":{"rendered":"https:\/\/www.gtronic.it\/test\/?page_id=5882"},"modified":"2026-03-07T18:49:11","modified_gmt":"2026-03-07T17:49:11","slug":"tempo-attivazione-mangiatoie-impostabile-da-hmi","status":"publish","type":"page","link":"https:\/\/www.gtronic.it\/test\/index.php\/tempo-attivazione-mangiatoie-impostabile-da-hmi\/","title":{"rendered":"Tempo attivazione mangiatoie impostabile da HMI"},"content":{"rendered":"\n<p><strong>Problema<\/strong>: Una vasca per allevamento del pesce e munita di un distributore automatico del mangime. <\/p>\n\n\n\n<p><a href=\"http:\/\/www.gtronic.it\/test\/wp-content\/uploads\/2026\/03\/tempo-durata-accensione-impostabile-da-HMI-2.zip\" data-type=\"URL\" data-id=\"http:\/\/www.gtronic.it\/test\/wp-content\/uploads\/2026\/03\/tempo-durata-accensione-impostabile-da-HMI-2.zip\">Scarica il programma in formato ZAP20<\/a><\/p>\n\n\n\n<p>Questo deve essere fornito a un&#8217;ora prestabilita per una durata temporale che dipende dall&#8217;et\u00e0, quindi dalla misura, dei pesci nella vasca.<\/p>\n\n\n\n<figure class=\"wp-block-image size-large is-resized\"><img decoding=\"async\" loading=\"lazy\" src=\"https:\/\/www.gtronic.it\/test\/wp-content\/uploads\/2026\/03\/HMI-mangiatoie-impostabili-1-1024x710.png\" alt=\"\" class=\"wp-image-5891\" width=\"614\" height=\"425\" srcset=\"https:\/\/www.gtronic.it\/test\/wp-content\/uploads\/2026\/03\/HMI-mangiatoie-impostabili-1-1024x710.png 1024w, https:\/\/www.gtronic.it\/test\/wp-content\/uploads\/2026\/03\/HMI-mangiatoie-impostabili-1-300x208.png 300w, https:\/\/www.gtronic.it\/test\/wp-content\/uploads\/2026\/03\/HMI-mangiatoie-impostabili-1-768x532.png 768w, https:\/\/www.gtronic.it\/test\/wp-content\/uploads\/2026\/03\/HMI-mangiatoie-impostabili-1-433x300.png 433w, https:\/\/www.gtronic.it\/test\/wp-content\/uploads\/2026\/03\/HMI-mangiatoie-impostabili-1.png 1098w\" sizes=\"(max-width: 614px) 100vw, 614px\" \/><\/figure>\n\n\n\n<p>Si crea il progetto con la consueta suddivisione dei blocchi nel project tree.<\/p>\n\n\n\n<figure class=\"wp-block-image size-full\"><img decoding=\"async\" loading=\"lazy\" width=\"350\" height=\"366\" src=\"https:\/\/www.gtronic.it\/test\/wp-content\/uploads\/2026\/03\/Project-tree.png\" alt=\"\" class=\"wp-image-5895\" srcset=\"https:\/\/www.gtronic.it\/test\/wp-content\/uploads\/2026\/03\/Project-tree.png 350w, https:\/\/www.gtronic.it\/test\/wp-content\/uploads\/2026\/03\/Project-tree-287x300.png 287w\" sizes=\"(max-width: 350px) 100vw, 350px\" \/><\/figure>\n\n\n\n<p>L&#8217;operatore user\u00e0 il pannello per inserire il valore in grandezza naturale, ad esempio un minuto e quindici secondi, che verr\u00e0 convertita in una misura compitabile con il segnale PT del timer TP, ovvero millisecondi.<\/p>\n\n\n\n<figure class=\"wp-block-image size-full\"><img decoding=\"async\" loading=\"lazy\" width=\"627\" height=\"312\" src=\"https:\/\/www.gtronic.it\/test\/wp-content\/uploads\/2026\/03\/time-variables.png\" alt=\"\" class=\"wp-image-5897\" srcset=\"https:\/\/www.gtronic.it\/test\/wp-content\/uploads\/2026\/03\/time-variables.png 627w, https:\/\/www.gtronic.it\/test\/wp-content\/uploads\/2026\/03\/time-variables-300x149.png 300w, https:\/\/www.gtronic.it\/test\/wp-content\/uploads\/2026\/03\/time-variables-500x249.png 500w\" sizes=\"(max-width: 627px) 100vw, 627px\" \/><\/figure>\n\n\n\n<p>Sopra \u00e8 mostrato il contenuto del DB che contiene le variabili per le impostazioni temporali, in modo particolare la variabile DTL che permette l&#8217;utilizzo dell&#8217;orologio hardware. Sono mostrati i campi con il loro formato, quelle utili in questo caso sono minuti e secondi di tipo USINT, quindi interi corti senza segno.<\/p>\n\n\n\n<figure class=\"wp-block-image size-full\"><img decoding=\"async\" loading=\"lazy\" width=\"664\" height=\"590\" src=\"https:\/\/www.gtronic.it\/test\/wp-content\/uploads\/2026\/03\/tempo-impostabile-da-HMI-1.png\" alt=\"\" class=\"wp-image-5885\" srcset=\"https:\/\/www.gtronic.it\/test\/wp-content\/uploads\/2026\/03\/tempo-impostabile-da-HMI-1.png 664w, https:\/\/www.gtronic.it\/test\/wp-content\/uploads\/2026\/03\/tempo-impostabile-da-HMI-1-300x267.png 300w, https:\/\/www.gtronic.it\/test\/wp-content\/uploads\/2026\/03\/tempo-impostabile-da-HMI-1-338x300.png 338w\" sizes=\"(max-width: 664px) 100vw, 664px\" \/><\/figure>\n\n\n\n<p>L&#8217;algoritmo prevede quindi il calcolo di  minuti * 60 * 1000 a cui aggiungere secondi * 1000, si ottiene grazie alla funzione &#8220;calcolate&#8221; un&#8217;unica variabile di tipo DINT.<\/p>\n\n\n\n<figure class=\"wp-block-image size-full\"><img decoding=\"async\" loading=\"lazy\" width=\"502\" height=\"211\" src=\"https:\/\/www.gtronic.it\/test\/wp-content\/uploads\/2026\/03\/calcolate.png\" alt=\"\" class=\"wp-image-5887\" srcset=\"https:\/\/www.gtronic.it\/test\/wp-content\/uploads\/2026\/03\/calcolate.png 502w, https:\/\/www.gtronic.it\/test\/wp-content\/uploads\/2026\/03\/calcolate-300x126.png 300w, https:\/\/www.gtronic.it\/test\/wp-content\/uploads\/2026\/03\/calcolate-500x210.png 500w\" sizes=\"(max-width: 502px) 100vw, 502px\" \/><\/figure>\n\n\n\n<p>Il timer di tipo TP crea un&#8217;uscita Boolean di tipo monostabile, che resta attiva per il tempo richiesta dal pannello operatore.<\/p>\n\n\n\n<p>Come ulteriore esercizio viene lasciato al lettore di produrre tre pasti giornalieri, a ore diversificate, ad esempio mattino, mezzogiorno, sera, della durata prefissata dagli appositi campi.<\/p>\n\n\n\n<p>Il programma \u00e8 scaricabile e sviluppato per TIA V20, con CPU 1214C DC\/DC\/DC, V4.6 e pannello operatore KTP700 basic ver 17.0.0.0, ma potr\u00e0 essere adeguato alle versioni successive.<\/p>\n\n\n\n<h1 class=\"wp-block-heading\">Edizione scolastica per adozione esprimendo preferenza a maggio 2026:<\/h1>\n\n\n<div class=\"wp-block-image\">\n<figure class=\"alignleft size-full\"><img decoding=\"async\" loading=\"lazy\" width=\"283\" height=\"425\" src=\"http:\/\/www.gtronic.it\/test\/wp-content\/uploads\/2026\/03\/TIA-V18-edizione-studenti.jpg\" alt=\"\" class=\"wp-image-5894\" srcset=\"https:\/\/www.gtronic.it\/test\/wp-content\/uploads\/2026\/03\/TIA-V18-edizione-studenti.jpg 283w, https:\/\/www.gtronic.it\/test\/wp-content\/uploads\/2026\/03\/TIA-V18-edizione-studenti-200x300.jpg 200w\" sizes=\"(max-width: 283px) 100vw, 283px\" \/><\/figure><\/div>\n\n\n<p>Questo libro \u00e8 stato appositamente riveduto e ampliato per ottimizzarlo all\u2019uso nelle scuole Italiane. Il prezzo \u00e8 stato ridotto al minimo per non gravare sulle spese scolastiche delle famiglie. Amazon lo offre sia con bonus cultura e del merito che <strong>con carta del docente<\/strong>.<\/p>\n\n\n\n<p>E\u2019 possibile ordinarlo anche in stock tramite Casa editrice G-Tronic all&#8217;ingrosso o la libreria Progetto di Padova, sede di via Gradenigo, referente sig Giolo Denis, che vi spiega la pratica per usare la carta del docente.<\/p>\n\n\n\n<p>Formato libro trasportabile nello zainetto.<\/p>\n\n\n\n<p><strong>ISBN: \u00a0979-8396076563<br>pagine: 624<br>costo medio: 28 euro<\/strong><\/p>\n\n\n\n<p><strong>Corsi per docenti e per studenti<\/strong>, nel periodo estivo, modalit\u00e0 campus: Capacit\u00e0 ricettiva fino a 10 allievi per sessione settimanale pi\u00f9 docente accompagnatore. Sede via andorra 22, 35127, zona industriale di Padova.  Chiedi info per costi e per periodo di svolgimento tra Maggio e Luglio<\/p>\n\n\n\n<p><a href=\"https:\/\/www.gtronic.it\/test\/index.php\/programmazione-plc\/\">Torna alla pagina &#8220;Programmazione PLC&#8221;<\/a><\/p>\n","protected":false},"excerpt":{"rendered":"<p>Problema: Una vasca per allevamento del pesce e munita di un distributore automatico del mangime. Scarica il programma in formato ZAP20 Questo deve essere fornito a un&#8217;ora prestabilita per una durata temporale che dipende dall&#8217;et\u00e0, quindi dalla misura, dei pesci &hellip; <a href=\"https:\/\/www.gtronic.it\/test\/index.php\/tempo-attivazione-mangiatoie-impostabile-da-hmi\/\">Continua a leggere<span class=\"meta-nav\">&rarr;<\/span><\/a><\/p>\n","protected":false},"author":1,"featured_media":0,"parent":0,"menu_order":0,"comment_status":"closed","ping_status":"closed","template":"","meta":[],"_links":{"self":[{"href":"https:\/\/www.gtronic.it\/test\/index.php\/wp-json\/wp\/v2\/pages\/5882"}],"collection":[{"href":"https:\/\/www.gtronic.it\/test\/index.php\/wp-json\/wp\/v2\/pages"}],"about":[{"href":"https:\/\/www.gtronic.it\/test\/index.php\/wp-json\/wp\/v2\/types\/page"}],"author":[{"embeddable":true,"href":"https:\/\/www.gtronic.it\/test\/index.php\/wp-json\/wp\/v2\/users\/1"}],"replies":[{"embeddable":true,"href":"https:\/\/www.gtronic.it\/test\/index.php\/wp-json\/wp\/v2\/comments?post=5882"}],"version-history":[{"count":13,"href":"https:\/\/www.gtronic.it\/test\/index.php\/wp-json\/wp\/v2\/pages\/5882\/revisions"}],"predecessor-version":[{"id":5906,"href":"https:\/\/www.gtronic.it\/test\/index.php\/wp-json\/wp\/v2\/pages\/5882\/revisions\/5906"}],"wp:attachment":[{"href":"https:\/\/www.gtronic.it\/test\/index.php\/wp-json\/wp\/v2\/media?parent=5882"}],"curies":[{"name":"wp","href":"https:\/\/api.w.org\/{rel}","templated":true}]}}