{"id":5105,"date":"2023-04-30T14:24:51","date_gmt":"2023-04-30T12:24:51","guid":{"rendered":"http:\/\/www.gtronic.it\/test\/?page_id=5105"},"modified":"2023-04-30T16:01:51","modified_gmt":"2023-04-30T14:01:51","slug":"trapanatrice-esame-di-fine-anno","status":"publish","type":"page","link":"https:\/\/www.gtronic.it\/test\/index.php\/trapanatrice-esame-di-fine-anno\/","title":{"rendered":"Trapanatrice: esame di fine anno"},"content":{"rendered":"<p>In questo progetto \u00e8 realizzato un ciclo di trapanatura a 4 mandrini allineati in grado di eseguire una sequenza preordinata, nel tempo e nel numero di fori.<\/p>\n<p><strong>Testo dell&#8217;esame da proporre ai ragazzi:\u00a0<\/strong><\/p>\n<ul>\n<li>tempo di sviluppo 2h<\/li>\n<li>difficolt\u00e0: medio bassa (versione temporizzata)<\/li>\n<li>difficolt\u00e0: media (versione con quote da encoder)<\/li>\n<\/ul>\n<p>Un sistema di trapanatura automatico \u00e8 composto da 4 mandrini vincolati a muoversi allineati rispetto alla lunghezza del piano di lavoro, o analogamente i mandrini stanno fermi e trasla all&#8217;indietro l&#8217;intero piano.<\/p>\n<p>La discesa dei mandrini \u00e8 invece indipendente, cos\u00ec che la prima fila di fori possa ad esempio essere eseguita cos\u00ec:<\/p>\n<ul>\n<li>T1 = off (significa non esegue il foro)<\/li>\n<li>T2=on (il mandrino fora)<\/li>\n<li>T3=off\u00a0(significa non esegue il foro)<\/li>\n<li>T4=on\u00a0(il mandrino fora)<\/li>\n<\/ul>\n<p>Vengono forniti i tempi di movimento (versione semplice) oppure le quote encoder(versione pi\u00f9 complicata).<\/p>\n<p>I tempi di movimento e foratura sono dati dal diagramma temporale:<\/p>\n<p><img decoding=\"async\" loading=\"lazy\" class=\"alignnone size-full wp-image-5117\" src=\"http:\/\/www.gtronic.it\/test\/wp-content\/uploads\/2023\/04\/trapanatrice_2.png\" alt=\"trapanatrice_2\" width=\"677\" height=\"420\" srcset=\"https:\/\/www.gtronic.it\/test\/wp-content\/uploads\/2023\/04\/trapanatrice_2.png 677w, https:\/\/www.gtronic.it\/test\/wp-content\/uploads\/2023\/04\/trapanatrice_2-300x186.png 300w, https:\/\/www.gtronic.it\/test\/wp-content\/uploads\/2023\/04\/trapanatrice_2-484x300.png 484w\" sizes=\"(max-width: 677px) 100vw, 677px\" \/><\/p>\n<p>Il dente di sega si ripete nel tempo dopo trascorsi 26 secondi.<\/p>\n<p>Mentre il piano di lavoro \u00e8 mostrato in questa immagine che mostra i fori eseguiti:<\/p>\n<p><img decoding=\"async\" loading=\"lazy\" class=\"alignnone size-full wp-image-5120\" src=\"http:\/\/www.gtronic.it\/test\/wp-content\/uploads\/2023\/04\/trapanatrice_1-1.png\" alt=\"trapanatrice_1\" width=\"626\" height=\"571\" srcset=\"https:\/\/www.gtronic.it\/test\/wp-content\/uploads\/2023\/04\/trapanatrice_1-1.png 626w, https:\/\/www.gtronic.it\/test\/wp-content\/uploads\/2023\/04\/trapanatrice_1-1-300x274.png 300w, https:\/\/www.gtronic.it\/test\/wp-content\/uploads\/2023\/04\/trapanatrice_1-1-329x300.png 329w\" sizes=\"(max-width: 626px) 100vw, 626px\" \/><\/p>\n<p>Nella versione temporizzata si presume che la discesa dei mandrini, che avviene per eccitazione dei solenoide di valvole monostabili pneumatiche 3\/2, duri 2,5 secondi e che lo stesso tempo di 2,5 sia impiegato dai mandrini per risalire.<\/p>\n<p>Nell&#8217;immagine di punto di zero macchina (home) \u00e8 mostrato sul lato a sinistra e il gruppo di mandrini si sposta verso destra.<\/p>\n<p><img decoding=\"async\" loading=\"lazy\" class=\"alignnone size-full wp-image-4653\" src=\"http:\/\/www.gtronic.it\/test\/wp-content\/uploads\/2022\/03\/trapanatrice.png\" alt=\"trapanatrice\" width=\"713\" height=\"495\" srcset=\"https:\/\/www.gtronic.it\/test\/wp-content\/uploads\/2022\/03\/trapanatrice.png 713w, https:\/\/www.gtronic.it\/test\/wp-content\/uploads\/2022\/03\/trapanatrice-300x208.png 300w, https:\/\/www.gtronic.it\/test\/wp-content\/uploads\/2022\/03\/trapanatrice-432x300.png 432w\" sizes=\"(max-width: 713px) 100vw, 713px\" \/><\/p>\n<p>La soluzione proposta, scaricabile dal link e apribile con TIA V18, CPU1214C DC\/DC\/DC, pannello KTP700basic, \u00e8 di tipo con temporizzazioni.\u00a0 L&#8217;allievo che giunge a questa soluzione totalizza il punteggio di 80\/100.<\/p>\n<p>scarica il programma testato -&gt;\u00a0<a href=\"http:\/\/www.gtronic.it\/test\/wp-content\/uploads\/2023\/04\/Trapanatrice.zip\">Trapanatrice<\/a><\/p>\n<p>L&#8217;allievo che sviluppa la soluzione con quote raggiunte tramite encoder e rilevate tramite configurazione di HSC totalizza il punteggio di 100\/100.<\/p>\n<p>Libro scolastico consigliato per l&#8217;anno scolastico 2023\/2024:<\/p>\n<p><img decoding=\"async\" loading=\"lazy\" class=\"alignnone size-full wp-image-4224\" src=\"http:\/\/www.gtronic.it\/test\/wp-content\/uploads\/2022\/05\/per-ITI-e-IPSIA-ediz-2022.png\" alt=\"per ITI e IPSIA ediz 2022\" width=\"874\" height=\"677\" srcset=\"https:\/\/www.gtronic.it\/test\/wp-content\/uploads\/2022\/05\/per-ITI-e-IPSIA-ediz-2022.png 874w, https:\/\/www.gtronic.it\/test\/wp-content\/uploads\/2022\/05\/per-ITI-e-IPSIA-ediz-2022-300x232.png 300w, https:\/\/www.gtronic.it\/test\/wp-content\/uploads\/2022\/05\/per-ITI-e-IPSIA-ediz-2022-768x595.png 768w, https:\/\/www.gtronic.it\/test\/wp-content\/uploads\/2022\/05\/per-ITI-e-IPSIA-ediz-2022-387x300.png 387w\" sizes=\"(max-width: 874px) 100vw, 874px\" \/><\/p>\n<p><a href=\"https:\/\/www.amazon.it\/dp\/B09HFZLF4V\">Link diretto anche per acquisto con carta del docente e bonus cultura, app18<\/a><\/p>\n<p><strong>Procedura per l&#8217;adozione presso istituti scolastici statali.<\/strong><\/p>\n<p>E&#8217; sufficiente collegarsi al portale AIE, e identificare la pagina &#8220;adozioni&#8221;. Inserire il codice dell&#8217;istituto,<\/p>\n<ul>\n<li>Il codice dell&#8217;istituto, disponibile in segreteria.<\/li>\n<li>il codice ISBN:979-8486336553,<\/li>\n<li>l&#8217;editore:\u00a0<span class=\"a-text-bold\">\u200e\u00a0<\/span>Independently published (28 settembre 2021)<\/li>\n<li>edizione: terza edizione 2022.<\/li>\n<li>il titolo completo:<br \/>\n<h1 id=\"title\" class=\"a-spacing-none a-text-normal\"><span id=\"productTitle\" class=\"a-size-extra-large\">Let\u2019s program a PLC First step in TIA Portal V17 Esercitazioni guidate per istituti tecnici<\/span><\/h1>\n<\/li>\n<\/ul>\n<p>In base alla libert\u00e0 di docenza ogni insegnante ha la facolt\u00e0 di proporre il libro di testo pi\u00f9 idoneo allo svolgimento ottimale della propria docenza, secondo i programmi ministeriali.<\/p>\n<p><a href=\"http:\/\/www.gtronic.it\/test\/index.php\/programmazione-plc\/\">Torna alla pagina programmazione PLC<\/a><\/p>\n","protected":false},"excerpt":{"rendered":"<p>In questo progetto \u00e8 realizzato un ciclo di trapanatura a 4 mandrini allineati in grado di eseguire una sequenza preordinata, nel tempo e nel numero di fori. Testo dell&#8217;esame da proporre ai ragazzi:\u00a0 tempo di sviluppo 2h difficolt\u00e0: medio bassa &hellip; <a href=\"https:\/\/www.gtronic.it\/test\/index.php\/trapanatrice-esame-di-fine-anno\/\">Continua a leggere<span class=\"meta-nav\">&rarr;<\/span><\/a><\/p>\n","protected":false},"author":1,"featured_media":0,"parent":0,"menu_order":0,"comment_status":"closed","ping_status":"closed","template":"","meta":[],"_links":{"self":[{"href":"https:\/\/www.gtronic.it\/test\/index.php\/wp-json\/wp\/v2\/pages\/5105"}],"collection":[{"href":"https:\/\/www.gtronic.it\/test\/index.php\/wp-json\/wp\/v2\/pages"}],"about":[{"href":"https:\/\/www.gtronic.it\/test\/index.php\/wp-json\/wp\/v2\/types\/page"}],"author":[{"embeddable":true,"href":"https:\/\/www.gtronic.it\/test\/index.php\/wp-json\/wp\/v2\/users\/1"}],"replies":[{"embeddable":true,"href":"https:\/\/www.gtronic.it\/test\/index.php\/wp-json\/wp\/v2\/comments?post=5105"}],"version-history":[{"count":11,"href":"https:\/\/www.gtronic.it\/test\/index.php\/wp-json\/wp\/v2\/pages\/5105\/revisions"}],"predecessor-version":[{"id":5121,"href":"https:\/\/www.gtronic.it\/test\/index.php\/wp-json\/wp\/v2\/pages\/5105\/revisions\/5121"}],"wp:attachment":[{"href":"https:\/\/www.gtronic.it\/test\/index.php\/wp-json\/wp\/v2\/media?parent=5105"}],"curies":[{"name":"wp","href":"https:\/\/api.w.org\/{rel}","templated":true}]}}