{"id":4004,"date":"2022-04-15T00:20:45","date_gmt":"2022-04-14T22:20:45","guid":{"rendered":"http:\/\/www.gtronic.it\/test\/?page_id=4004"},"modified":"2024-04-27T22:06:26","modified_gmt":"2024-04-27T20:06:26","slug":"ricette","status":"publish","type":"page","link":"https:\/\/www.gtronic.it\/test\/index.php\/ricette\/","title":{"rendered":"Ricette"},"content":{"rendered":"<p>Le ricette permettono di selezionare set di dati tra quelli disponibili al fine di attivarne dei sotto insiemi o raggrupparli in set diversi.<\/p>\n<p>Nell&#8217;esempio che segue \u00e8 mostrato come il PLC, tramite le funzioni HMI, \u00e8 in grado di modellare una ricetta che casualmente \u00e8 di tipo gastronomico, ma nulla vieta che abbia un aspetto di gestione magazzino o di caricamento si semilavorati su stazioni di lavoro o applicazioni similari.<\/p>\n<p><iframe loading=\"lazy\" title=\"YouTube video player\" src=\"https:\/\/www.youtube.com\/embed\/2H_MpQxjPtU\" width=\"560\" height=\"315\" frameborder=\"0\" allowfullscreen=\"allowfullscreen\"><\/iframe><\/p>\n<p>Download full program -&gt;<a href=\"http:\/\/www.gtronic.it\/test\/wp-content\/uploads\/2016\/06\/ricettario_20190821_2316.zip\">ricettario_20190821_2316<\/a><\/p>\n<p>Download enanched version with silos -&gt;<a href=\"http:\/\/www.gtronic.it\/test\/wp-content\/uploads\/2016\/06\/ricettario_V16-with-silos.zip\">ricettario_V16 with silos<\/a>\u00a0 \u00a0Luglio 2020<\/p>\n<hr \/>\n<p><strong>Esempio ricette e allarmi\u00a0 (22\/12\/2022)<\/strong><\/p>\n<p>Questo programma pu\u00f2 essere utilizzato come base di partenza per applicazioni anche professionali modificando i parametri di ricetta (reagenti e prodotti da ottenere) e la lista di allarmi nel global screen.<\/p>\n<p>scarica esempio allarmi e ricette per TIA V17-&gt;\u00a0<a href=\"http:\/\/www.gtronic.it\/test\/wp-content\/uploads\/2022\/04\/esempio-ricette-e-allarmi.zip\">esempio ricette e allarmi<\/a><\/p>\n<hr \/>\n<p>Ricetta con men\u00f9 a tendina multipla<\/p>\n<p>Questo esempio mostra un sistema di carico e scarico magazzino per una fabbrica di viti.<\/p>\n<p>Gli oggetti vengono distinti per tipo di testa, lunghezza della vite, diametro, tipo di metallo, ecc.<\/p>\n<p><img decoding=\"async\" loading=\"lazy\" class=\"alignnone size-full wp-image-5496\" src=\"http:\/\/www.gtronic.it\/test\/wp-content\/uploads\/2024\/04\/HMI-magazzino-viti-menu-tendina-1.png\" alt=\"\" width=\"1422\" height=\"855\" srcset=\"https:\/\/www.gtronic.it\/test\/wp-content\/uploads\/2024\/04\/HMI-magazzino-viti-menu-tendina-1.png 1422w, https:\/\/www.gtronic.it\/test\/wp-content\/uploads\/2024\/04\/HMI-magazzino-viti-menu-tendina-1-300x180.png 300w, https:\/\/www.gtronic.it\/test\/wp-content\/uploads\/2024\/04\/HMI-magazzino-viti-menu-tendina-1-1024x616.png 1024w, https:\/\/www.gtronic.it\/test\/wp-content\/uploads\/2024\/04\/HMI-magazzino-viti-menu-tendina-1-768x462.png 768w, https:\/\/www.gtronic.it\/test\/wp-content\/uploads\/2024\/04\/HMI-magazzino-viti-menu-tendina-1-500x300.png 500w\" sizes=\"(max-width: 1422px) 100vw, 1422px\" \/><\/p>\n<hr \/>\n<p><a href=\"http:\/\/www.gtronic.it\/test\/wp-content\/uploads\/2024\/04\/Ricette-magazzino-viti.zip\">Scarica programma esempio carico scarico magazzino viti<\/a><\/p>\n<p>Dal seguente link \u00e8 possibile scaricare un articolo preliminare, sviluppato durante i corsi campus della G-Tronic, a Aprile 2024.<\/p>\n<p>L&#8217;articolo scaricabile \u00e8 la bozza che sar\u00e0 ampliata e sistemata con tecniche editoriali come capitolo del testo &#8220;Advanced PLC programming&#8221;.<\/p>\n<ul>\n<li>programma ZAP19-&gt; <a href=\"http:\/\/www.gtronic.it\/test\/wp-content\/uploads\/2024\/04\/Ricette-magazzino-viti.zip\">Ricette magazzino viti<\/a><\/li>\n<li>File Docx-&gt;\u00a0 <a href=\"http:\/\/www.gtronic.it\/test\/wp-content\/uploads\/2024\/04\/Magazzino-viti.docx\">Magazzino viti<\/a><\/li>\n<\/ul>\n<hr \/>\n<p><a href=\"http:\/\/www.gtronic.it\/test\/index.php\/programmazione-plc\/\">Torna alla pagina &#8220;programmazione PLC&#8221;<\/a><\/p>\n","protected":false},"excerpt":{"rendered":"<p>Le ricette permettono di selezionare set di dati tra quelli disponibili al fine di attivarne dei sotto insiemi o raggrupparli in set diversi. Nell&#8217;esempio che segue \u00e8 mostrato come il PLC, tramite le funzioni HMI, \u00e8 in grado di modellare &hellip; <a href=\"https:\/\/www.gtronic.it\/test\/index.php\/ricette\/\">Continua a leggere<span class=\"meta-nav\">&rarr;<\/span><\/a><\/p>\n","protected":false},"author":1,"featured_media":0,"parent":0,"menu_order":0,"comment_status":"closed","ping_status":"closed","template":"","meta":[],"_links":{"self":[{"href":"https:\/\/www.gtronic.it\/test\/index.php\/wp-json\/wp\/v2\/pages\/4004"}],"collection":[{"href":"https:\/\/www.gtronic.it\/test\/index.php\/wp-json\/wp\/v2\/pages"}],"about":[{"href":"https:\/\/www.gtronic.it\/test\/index.php\/wp-json\/wp\/v2\/types\/page"}],"author":[{"embeddable":true,"href":"https:\/\/www.gtronic.it\/test\/index.php\/wp-json\/wp\/v2\/users\/1"}],"replies":[{"embeddable":true,"href":"https:\/\/www.gtronic.it\/test\/index.php\/wp-json\/wp\/v2\/comments?post=4004"}],"version-history":[{"count":12,"href":"https:\/\/www.gtronic.it\/test\/index.php\/wp-json\/wp\/v2\/pages\/4004\/revisions"}],"predecessor-version":[{"id":5504,"href":"https:\/\/www.gtronic.it\/test\/index.php\/wp-json\/wp\/v2\/pages\/4004\/revisions\/5504"}],"wp:attachment":[{"href":"https:\/\/www.gtronic.it\/test\/index.php\/wp-json\/wp\/v2\/media?parent=4004"}],"curies":[{"name":"wp","href":"https:\/\/api.w.org\/{rel}","templated":true}]}}