{"id":3948,"date":"2022-04-09T09:21:42","date_gmt":"2022-04-09T07:21:42","guid":{"rendered":"http:\/\/www.gtronic.it\/test\/?page_id=3948"},"modified":"2022-04-20T00:48:28","modified_gmt":"2022-04-19T22:48:28","slug":"esercitazioni-per-its-marconi","status":"publish","type":"page","link":"https:\/\/www.gtronic.it\/test\/index.php\/esercitazioni-per-its-marconi\/","title":{"rendered":"Esercitazioni per ITS Marconi"},"content":{"rendered":"<p><strong>Selettore tramite encoder realizzato per ITS Marconi di Trento<\/strong><\/p>\n<p>Questo programma \u00e8 ottimale sia per prove di laboratorio in itinere che come prova di accertamento finale.<\/p>\n<ol>\n<li><strong>Livello di difficolt\u00e0<\/strong>: Medio<\/li>\n<li><strong>Prerequisiti<\/strong>: Avere seguito la lezione su contatori veloci e comparatori<\/li>\n<li><strong>percentuale di successo<\/strong>: 90% in classe con media preparazione<\/li>\n<li><strong>contenuto tecnico<\/strong>: professionale applicativo<\/li>\n<li><strong>Nozioni da conoscere<\/strong>: Realizzazione di liste grafiche, logiche combinatorie, configurazioni hardware dei contatori veloci.<\/li>\n<\/ol>\n<p>Un encoder con caratteristiche:<\/p>\n<ul>\n<li>incrementale<\/li>\n<li>2000PR<\/li>\n<li>push-pull output<\/li>\n<\/ul>\n<p>E&#8217; collegato agli ingressi %I0.0 e %I0.1 della CPU modello S7-1214C DC\/DC\/DC<\/p>\n<p>L&#8217;asse dell&#8217;encoder \u00e8 collegato a una manopola che \u00e8 poi divisa in 4 settori, come da disegno.<\/p>\n<p>Realizzare il programma per il controllo delle valvole come da tabelle mostrate in corrispondenza di ciascuno dei settori. Usare l&#8217;immagine come sfondo di una screen dell&#8217;HMI.<\/p>\n<p><img decoding=\"async\" loading=\"lazy\" class=\"alignnone size-full wp-image-3954\" src=\"http:\/\/www.gtronic.it\/test\/wp-content\/uploads\/2022\/04\/selettore-encoder.png\" alt=\"selettore encoder\" width=\"975\" height=\"468\" srcset=\"https:\/\/www.gtronic.it\/test\/wp-content\/uploads\/2022\/04\/selettore-encoder.png 975w, https:\/\/www.gtronic.it\/test\/wp-content\/uploads\/2022\/04\/selettore-encoder-300x144.png 300w, https:\/\/www.gtronic.it\/test\/wp-content\/uploads\/2022\/04\/selettore-encoder-768x369.png 768w, https:\/\/www.gtronic.it\/test\/wp-content\/uploads\/2022\/04\/selettore-encoder-500x240.png 500w\" sizes=\"(max-width: 975px) 100vw, 975px\" \/><\/p>\n<p>L&#8217;animazione della manopola avviene tramite Graphic list di cui si forniscono i 4 elementi da utilizzare.<\/p>\n<p><img decoding=\"async\" loading=\"lazy\" class=\"alignnone size-full wp-image-3957\" src=\"http:\/\/www.gtronic.it\/test\/wp-content\/uploads\/2022\/04\/settore-1.png\" alt=\"settore 1\" width=\"143\" height=\"148\" \/> <img decoding=\"async\" loading=\"lazy\" class=\"alignnone size-full wp-image-3958\" src=\"http:\/\/www.gtronic.it\/test\/wp-content\/uploads\/2022\/04\/settore-2.png\" alt=\"settore 2\" width=\"143\" height=\"148\" \/> <img decoding=\"async\" loading=\"lazy\" class=\"alignnone size-full wp-image-3959\" src=\"http:\/\/www.gtronic.it\/test\/wp-content\/uploads\/2022\/04\/settore-3.png\" alt=\"settore 3\" width=\"143\" height=\"148\" \/> <img decoding=\"async\" loading=\"lazy\" class=\"alignnone size-full wp-image-3960\" src=\"http:\/\/www.gtronic.it\/test\/wp-content\/uploads\/2022\/04\/settore-4.png\" alt=\"settore 4\" width=\"143\" height=\"148\" \/><\/p>\n<p>Dato che l&#8217;encoder da utilizzare fornisce 2000PR per ogni 500 impulsi si avr\u00e0 un cambio di settore e di conseguenza di combinazione delle valvole attive.<\/p>\n<p>Come ultima cosa si proceder\u00e0 alla creazione della pagina che realizza la visualizzazione runtime dello stato delle valvole su 4 elementi Trend opportunamente alleggeriti dalle opzioni e configurati in modalit\u00e0 BAR.<\/p>\n<p><img decoding=\"async\" loading=\"lazy\" class=\"alignnone size-full wp-image-3962\" src=\"http:\/\/www.gtronic.it\/test\/wp-content\/uploads\/2022\/04\/trend-settore-1-selezionato.png\" alt=\"trend settore 1 selezionato\" width=\"895\" height=\"685\" srcset=\"https:\/\/www.gtronic.it\/test\/wp-content\/uploads\/2022\/04\/trend-settore-1-selezionato.png 895w, https:\/\/www.gtronic.it\/test\/wp-content\/uploads\/2022\/04\/trend-settore-1-selezionato-300x230.png 300w, https:\/\/www.gtronic.it\/test\/wp-content\/uploads\/2022\/04\/trend-settore-1-selezionato-768x588.png 768w, https:\/\/www.gtronic.it\/test\/wp-content\/uploads\/2022\/04\/trend-settore-1-selezionato-392x300.png 392w\" sizes=\"(max-width: 895px) 100vw, 895px\" \/><\/p>\n<p>Le barre scorrono da destra verso sinistra e nell&#8217;immagine, all&#8217;attuale lato destro, \u00e8 indicato che il selettore si trova nel settore 2 in cui gli stati sono EV0=0, e EV1,EV2=1.<\/p>\n<p>Il campo +800 se di input manuale puo simulare l&#8217;encoder in caso di mancanza del componente in laboratorio, oppure, a macchina terminata e messa in opera mostra l&#8217;effettiva quota raggiunta da esso e va quindi posto solo in output.<\/p>\n<p>Si ricorda che dal punto di vista hardware gli encoder possono avere bisogno, oppure no di resistenze di pull-up.<\/p>\n<p><img decoding=\"async\" loading=\"lazy\" class=\"alignnone size-full wp-image-3964\" src=\"http:\/\/www.gtronic.it\/test\/wp-content\/uploads\/2022\/04\/teoria-base-encoder.png\" alt=\"teoria base encoder\" width=\"1850\" height=\"1626\" srcset=\"https:\/\/www.gtronic.it\/test\/wp-content\/uploads\/2022\/04\/teoria-base-encoder.png 1850w, https:\/\/www.gtronic.it\/test\/wp-content\/uploads\/2022\/04\/teoria-base-encoder-300x264.png 300w, https:\/\/www.gtronic.it\/test\/wp-content\/uploads\/2022\/04\/teoria-base-encoder-768x675.png 768w, https:\/\/www.gtronic.it\/test\/wp-content\/uploads\/2022\/04\/teoria-base-encoder-1024x900.png 1024w, https:\/\/www.gtronic.it\/test\/wp-content\/uploads\/2022\/04\/teoria-base-encoder-341x300.png 341w\" sizes=\"(max-width: 1850px) 100vw, 1850px\" \/><\/p>\n<p>Download programma svolto:\u00a0<a href=\"http:\/\/www.gtronic.it\/test\/wp-content\/uploads\/2022\/04\/settore-3.zip\">settore 3<\/a><\/p>\n<p>Download versione completa per TIA V17:<a href=\"http:\/\/www.gtronic.it\/test\/wp-content\/uploads\/2022\/04\/selettore-encoder-1.zip\">selettore encoder 1<\/a><br \/>\n<iframe loading=\"lazy\" title=\"YouTube video player\" src=\"https:\/\/www.youtube.com\/embed\/4Ce2z-mVN5A\" width=\"560\" height=\"315\" frameborder=\"0\" allowfullscreen=\"allowfullscreen\"><\/iframe><br \/>\n<a href=\"https:\/\/youtu.be\/4Ce2z-mVN5A\">https:\/\/youtu.be\/4Ce2z-mVN5A<\/a><\/p>\n<hr \/>\n<p><strong>Domanda per la teoria:<\/strong><\/p>\n<div class=\"bi6gxh9e\"><span class=\"d2edcug0 hpfvmrgz qv66sw1b c1et5uql lr9zc1uh jq4qci2q a3bd9o3v b1v8xokw oo9gr5id\">\u00a0E&#8217; possibile gestire i pulsanti di emergenza tramite un sistema programmabile piuttosto che in maniera cablata o con centraline di sicurezza?<\/span><\/div>\n<div class=\"bi6gxh9e\"><span class=\"d2edcug0 hpfvmrgz qv66sw1b c1et5uql lr9zc1uh jq4qci2q a3bd9o3v b1v8xokw oo9gr5id\"><b>Risposta<\/b>: Si, \u00e8 possibile a patto che il sistema programmabile e tutte le parti in gioco, hardware e software siano certificate per operare in questo ambito.<\/span><\/div>\n<div class=\"bi6gxh9e\"><span class=\"d2edcug0 hpfvmrgz qv66sw1b c1et5uql lr9zc1uh jq4qci2q a3bd9o3v b1v8xokw oo9gr5id\">Deve essere certificato sia l&#8217;hardware che il software.<\/span><\/div>\n<div class=\"bi6gxh9e\"><span class=\"d2edcug0 hpfvmrgz qv66sw1b c1et5uql lr9zc1uh jq4qci2q a3bd9o3v b1v8xokw oo9gr5id\">Ad esempio, in TIA PORTAL di Siemens \u00e8 possibile la valutazione del segnale per lo sgancio di emergenza \u00e8 valutato in modalit\u00e0 doppia indicata con 1oo2, impostabile via software. I cablaggi sono mostrati nell&#8217;immagine e prevedono il montaggio sugli slot della CPU modello &#8220;F&#8221; anche di un blocchetto di digital input di tipo &#8220;F&#8221;.<\/span><\/div>\n<div class=\"bi6gxh9e\"><span class=\"d2edcug0 hpfvmrgz qv66sw1b c1et5uql lr9zc1uh jq4qci2q a3bd9o3v b1v8xokw oo9gr5id\">I blocchetti software vengono prelevati da un libreria certificata dal TUV e richiedono delle conoscenze di base analoghe a quelle del montaggio che prima veniva svolto con centraline dedicate, ad esempio della PILZ.<\/span><\/div>\n<div class=\"bi6gxh9e\"><span class=\"d2edcug0 hpfvmrgz qv66sw1b c1et5uql lr9zc1uh jq4qci2q a3bd9o3v b1v8xokw oo9gr5id\">Nell&#8217;esempio \u00e8 mostrato il cablaggio di un Emergency stop, che per analogia pu\u00f2 essere esteso a una catena di sicurezza.<\/span><\/div>\n<div class=\"bi6gxh9e\"><span class=\"d2edcug0 hpfvmrgz qv66sw1b c1et5uql lr9zc1uh jq4qci2q a3bd9o3v b1v8xokw oo9gr5id\">I blocchetti software gestiscono il tempo di discrepanza tra la commutazione dei due contatti interni, an esempio 20ms. Viene gestino anche il tempo massimo di intervento fino a 500ms.<\/span><\/div>\n<div class=\"bi6gxh9e\"><span class=\"d2edcug0 hpfvmrgz qv66sw1b c1et5uql lr9zc1uh jq4qci2q a3bd9o3v b1v8xokw oo9gr5id\">In genere il software si compone di due blocchetti, E-Stop seguito da FEED_BK, che richiedono la lettura del pulsante di Aknowledge per ripristinare il funzionamento dopo il riarmo del pulsante di emergenza, come previsto dalle normative.<\/span><\/div>\n<div class=\"bi6gxh9e\"><img decoding=\"async\" loading=\"lazy\" class=\"alignnone size-full wp-image-4059\" src=\"http:\/\/www.gtronic.it\/test\/wp-content\/uploads\/2022\/04\/Safety-Emergency-stop.jpg\" alt=\"Safety Emergency stop\" width=\"595\" height=\"547\" srcset=\"https:\/\/www.gtronic.it\/test\/wp-content\/uploads\/2022\/04\/Safety-Emergency-stop.jpg 595w, https:\/\/www.gtronic.it\/test\/wp-content\/uploads\/2022\/04\/Safety-Emergency-stop-300x276.jpg 300w, https:\/\/www.gtronic.it\/test\/wp-content\/uploads\/2022\/04\/Safety-Emergency-stop-326x300.jpg 326w\" sizes=\"(max-width: 595px) 100vw, 595px\" \/><\/div>\n<div class=\"bi6gxh9e\"><\/div>\n<p><strong>bibliografia<\/strong>:<\/p>\n<p><img decoding=\"async\" loading=\"lazy\" class=\"alignnone size-full wp-image-3872\" src=\"http:\/\/www.gtronic.it\/test\/wp-content\/uploads\/2022\/03\/Esercitazioni-PLC-2022-Gottardo.jpg\" alt=\"Esercitazioni PLC 2022 Gottardo\" width=\"914\" height=\"511\" srcset=\"https:\/\/www.gtronic.it\/test\/wp-content\/uploads\/2022\/03\/Esercitazioni-PLC-2022-Gottardo.jpg 914w, https:\/\/www.gtronic.it\/test\/wp-content\/uploads\/2022\/03\/Esercitazioni-PLC-2022-Gottardo-300x168.jpg 300w, https:\/\/www.gtronic.it\/test\/wp-content\/uploads\/2022\/03\/Esercitazioni-PLC-2022-Gottardo-768x429.jpg 768w, https:\/\/www.gtronic.it\/test\/wp-content\/uploads\/2022\/03\/Esercitazioni-PLC-2022-Gottardo-500x280.jpg 500w\" sizes=\"(max-width: 914px) 100vw, 914px\" \/><\/p>\n<p><a href=\"http:\/\/www.gtronic.it\/test\/index.php\/programmazione-plc\/\">Torna alla pagina PLC programming corsi G-Tronic<\/a><\/p>\n","protected":false},"excerpt":{"rendered":"<p>Selettore tramite encoder realizzato per ITS Marconi di Trento Questo programma \u00e8 ottimale sia per prove di laboratorio in itinere che come prova di accertamento finale. Livello di difficolt\u00e0: Medio Prerequisiti: Avere seguito la lezione su contatori veloci e comparatori &hellip; <a href=\"https:\/\/www.gtronic.it\/test\/index.php\/esercitazioni-per-its-marconi\/\">Continua a leggere<span class=\"meta-nav\">&rarr;<\/span><\/a><\/p>\n","protected":false},"author":1,"featured_media":0,"parent":0,"menu_order":0,"comment_status":"closed","ping_status":"closed","template":"","meta":[],"_links":{"self":[{"href":"https:\/\/www.gtronic.it\/test\/index.php\/wp-json\/wp\/v2\/pages\/3948"}],"collection":[{"href":"https:\/\/www.gtronic.it\/test\/index.php\/wp-json\/wp\/v2\/pages"}],"about":[{"href":"https:\/\/www.gtronic.it\/test\/index.php\/wp-json\/wp\/v2\/types\/page"}],"author":[{"embeddable":true,"href":"https:\/\/www.gtronic.it\/test\/index.php\/wp-json\/wp\/v2\/users\/1"}],"replies":[{"embeddable":true,"href":"https:\/\/www.gtronic.it\/test\/index.php\/wp-json\/wp\/v2\/comments?post=3948"}],"version-history":[{"count":20,"href":"https:\/\/www.gtronic.it\/test\/index.php\/wp-json\/wp\/v2\/pages\/3948\/revisions"}],"predecessor-version":[{"id":4061,"href":"https:\/\/www.gtronic.it\/test\/index.php\/wp-json\/wp\/v2\/pages\/3948\/revisions\/4061"}],"wp:attachment":[{"href":"https:\/\/www.gtronic.it\/test\/index.php\/wp-json\/wp\/v2\/media?parent=3948"}],"curies":[{"name":"wp","href":"https:\/\/api.w.org\/{rel}","templated":true}]}}