{"id":3867,"date":"2022-03-16T00:53:00","date_gmt":"2022-03-15T23:53:00","guid":{"rendered":"http:\/\/www.gtronic.it\/test\/?page_id=3867"},"modified":"2022-03-16T01:12:11","modified_gmt":"2022-03-16T00:12:11","slug":"controllo-multi-nastro-trasportatore-con-fb-e-animazioni","status":"publish","type":"page","link":"https:\/\/www.gtronic.it\/test\/index.php\/controllo-multi-nastro-trasportatore-con-fb-e-animazioni\/","title":{"rendered":"Controllo multi nastro trasportatore con FB e animazioni"},"content":{"rendered":"<p>Il programma controlla 5 nastri con un unico FB che si cura della marcia arresto, il controllo della velocit\u00e0 tramite inverter, acquisizione della velocit\u00e0 desiderata tramite campo su HMI, animazione del movimento tramite freccetta scorrevole posta sul piano.<\/p>\n<p>Nell&#8217;immagine vediamo l&#8217;effetto del programma in esecuzione rappresentato in una pagina HMI.<\/p>\n<p>Il PLC utilizzato \u00e8 un S71200 modello 1214C DC\/DC\/DC e il pannello un KTP700 basic.<\/p>\n<p>Gli inverter utilizzati sono a controllo analogico e le prove sono state effettuate con Altivar 11, con aggiunta di un segnale digitale per la marcia avanti del nastro.<\/p>\n<p><img decoding=\"async\" loading=\"lazy\" class=\"alignnone size-full wp-image-3864\" src=\"http:\/\/www.gtronic.it\/test\/wp-content\/uploads\/2021\/11\/multinastro_image.png\" alt=\"multinastro_image\" width=\"1094\" height=\"832\" srcset=\"https:\/\/www.gtronic.it\/test\/wp-content\/uploads\/2021\/11\/multinastro_image.png 1094w, https:\/\/www.gtronic.it\/test\/wp-content\/uploads\/2021\/11\/multinastro_image-300x228.png 300w, https:\/\/www.gtronic.it\/test\/wp-content\/uploads\/2021\/11\/multinastro_image-768x584.png 768w, https:\/\/www.gtronic.it\/test\/wp-content\/uploads\/2021\/11\/multinastro_image-1024x779.png 1024w, https:\/\/www.gtronic.it\/test\/wp-content\/uploads\/2021\/11\/multinastro_image-394x300.png 394w\" sizes=\"(max-width: 1094px) 100vw, 1094px\" \/><\/p>\n<p>Il movimento dei nastri \u00e8 individuale bench\u00e9 controllato con una singola funziona richiamata in 5 istanze.<\/p>\n<p>In basso a destra le velocit\u00e0 sono state scalate in RPM, mentre le velocit\u00e0 desiderate sono inserite in cm\/s nel range da 0.0 a 8.5.<\/p>\n<p>L&#8217;esercizio prevede una scalatura a 1\/3 della velocit\u00e0 massima per un motore asincrono trifase a 4 poli, infatti il valore analogico massimo \u00e8 stato vincolato in uscita a 9216 pari a 104 RPM, che vengono raggiunti quando la velocit\u00e0 richiesta viene inserita al massimo ovvero 8.5 cm\/s.<\/p>\n<p>Una eventuale richiesta fuori range viene automaticamente corretta al massimo o al minimo a seconda di cosa si sia cercato di sforare (sopra o sotto i margini).<\/p>\n<p>&nbsp;<\/p>\n<p>Le nozioni per svolgere questo esercizio si possono trovare nel libro di testo:<\/p>\n<p><img decoding=\"async\" loading=\"lazy\" class=\"alignnone size-full wp-image-3872\" src=\"http:\/\/www.gtronic.it\/test\/wp-content\/uploads\/2022\/03\/Esercitazioni-PLC-2022-Gottardo.jpg\" alt=\"Esercitazioni PLC 2022 Gottardo\" width=\"914\" height=\"511\" srcset=\"https:\/\/www.gtronic.it\/test\/wp-content\/uploads\/2022\/03\/Esercitazioni-PLC-2022-Gottardo.jpg 914w, https:\/\/www.gtronic.it\/test\/wp-content\/uploads\/2022\/03\/Esercitazioni-PLC-2022-Gottardo-300x168.jpg 300w, https:\/\/www.gtronic.it\/test\/wp-content\/uploads\/2022\/03\/Esercitazioni-PLC-2022-Gottardo-768x429.jpg 768w, https:\/\/www.gtronic.it\/test\/wp-content\/uploads\/2022\/03\/Esercitazioni-PLC-2022-Gottardo-500x280.jpg 500w\" sizes=\"(max-width: 914px) 100vw, 914px\" \/><\/p>\n<p>Let\u2019s program a PLC First step in TIA Portal V17 Esercitazioni guidate per istituti tecnici: Terza edizione 2022 Copertina flessibile \u2013 28 settembre 2021<\/p>\n<p><a href=\"https:\/\/www.amazon.it\/dp\/B09HFZLF4V\"><strong>rintracciabile con ISBN:979-8486336553<\/strong><\/a><\/p>\n<p><a href=\"http:\/\/www.gtronic.it\/test\/wp-content\/uploads\/2021\/11\/multinastro.zip\">Scarica i programma testato e completo controllo multi nastro<\/a><\/p>\n<p><a href=\"http:\/\/www.gtronic.it\/test\/index.php\/sequencer-e-tamburi-ciclici\/\">Torna alla pagina programmazione PLC corsi Gottardo<\/a><\/p>\n<p>&nbsp;<\/p>\n","protected":false},"excerpt":{"rendered":"<p>Il programma controlla 5 nastri con un unico FB che si cura della marcia arresto, il controllo della velocit\u00e0 tramite inverter, acquisizione della velocit\u00e0 desiderata tramite campo su HMI, animazione del movimento tramite freccetta scorrevole posta sul piano. Nell&#8217;immagine vediamo &hellip; <a href=\"https:\/\/www.gtronic.it\/test\/index.php\/controllo-multi-nastro-trasportatore-con-fb-e-animazioni\/\">Continua a leggere<span class=\"meta-nav\">&rarr;<\/span><\/a><\/p>\n","protected":false},"author":1,"featured_media":0,"parent":0,"menu_order":0,"comment_status":"closed","ping_status":"closed","template":"","meta":[],"_links":{"self":[{"href":"https:\/\/www.gtronic.it\/test\/index.php\/wp-json\/wp\/v2\/pages\/3867"}],"collection":[{"href":"https:\/\/www.gtronic.it\/test\/index.php\/wp-json\/wp\/v2\/pages"}],"about":[{"href":"https:\/\/www.gtronic.it\/test\/index.php\/wp-json\/wp\/v2\/types\/page"}],"author":[{"embeddable":true,"href":"https:\/\/www.gtronic.it\/test\/index.php\/wp-json\/wp\/v2\/users\/1"}],"replies":[{"embeddable":true,"href":"https:\/\/www.gtronic.it\/test\/index.php\/wp-json\/wp\/v2\/comments?post=3867"}],"version-history":[{"count":3,"href":"https:\/\/www.gtronic.it\/test\/index.php\/wp-json\/wp\/v2\/pages\/3867\/revisions"}],"predecessor-version":[{"id":3873,"href":"https:\/\/www.gtronic.it\/test\/index.php\/wp-json\/wp\/v2\/pages\/3867\/revisions\/3873"}],"wp:attachment":[{"href":"https:\/\/www.gtronic.it\/test\/index.php\/wp-json\/wp\/v2\/media?parent=3867"}],"curies":[{"name":"wp","href":"https:\/\/api.w.org\/{rel}","templated":true}]}}