{"id":380,"date":"2017-01-24T18:24:04","date_gmt":"2017-01-24T17:24:04","guid":{"rendered":"http:\/\/www.gtronic.it\/test\/?page_id=380"},"modified":"2022-03-23T22:37:37","modified_gmt":"2022-03-23T21:37:37","slug":"micro-gt-ide-upgrade","status":"publish","type":"page","link":"https:\/\/www.gtronic.it\/test\/index.php\/micro-gt-ide-upgrade\/","title":{"rendered":"Micro-GT IDE upgrade"},"content":{"rendered":"<p>La Micro-GT IDE 1 \u00e8 ora disponibile con un kit di upgrade che permette di eliminare l&#8217;alimentatore esterno perch\u00e9 energizzata dalla porta USB, inoltre la connessione al PC notebook \u00e8 diretta tramite un cavo USB standard.\u00a0Il device\u00a0verr\u00e0 riconosciuto come porte seriale emulata e parametrizzabile da gestione dispositivo del pannello di controllo.<\/p>\n<p>La velocit\u00e0 di comunicazione si spinge a 115200 bps, con i nuovi bootloader pensati per il PIC 16F887 .\u00a0 Tutte le precedenti utility rimangono attive tranne il programmer integrato se la scheda viene ordinata ex-novo nella versione upgrade, come mostrata nell&#8217;immagine.<\/p>\n<p><strong>Per ordinare la Micro-GT Upgrade scrivi a<\/strong>: ad.noctis@gmail.com<\/p>\n<p><strong><a href=\"https:\/\/microgt.wordpress.com\/?page_id=179&amp;preview=true\" target=\"_blank\"><u><span style=\"color: #0066cc;\">Un breve corso che vi aiuter\u00e0 a fare i primi passi<\/span><\/u><\/a><\/strong><\/p>\n<p><a href=\"https:\/\/www.dropbox.com\/s\/lnp61vpk8ndrdo2\/HCPIC-9.70.zip?dl=0\">Scarica compilatori Hitech<\/a><\/p>\n<p>Programma Orologio visualizzato sul display a sette segmenti della Micro-GT IDE<\/p>\n<p><a href=\"http:\/\/www.gtronic.it\/test\/wp-content\/uploads\/2017\/01\/Orologio_Micro-GT_IDE.X.rar\">Scarica i sorgenti per Orologio_Micro-GT_IDE.X<\/a><\/p>\n<p>I corsi di programmazione dei microcontrollori PIC si tengono a Padova il <strong>marted\u00ec<\/strong> e e il <strong>gioved\u00ec<\/strong> dalle ore 18:00 alle ore 23:00, da gennaio 2019 nella nuova sede di Via\u00a0Andorra 22. E\u2019 possibile, per chi viene da fuori citt\u00e0 frequentare nelle sessioni week end. Sia per la versione week end che per la versione full immersion di 4 giorni comprendenti il week end \u00e8 disponibile un servizio B&amp;B. La durata del corso \u00e8 di 40 ore e il costo, compresa IVA, \u00e8 di 300\u20ac. inf su \u00a0ad.noctis@gmail.com<\/p>\n<p><strong>Corso breve XC per programmare le Micro-GT per 16F876 e 877:<\/strong><\/p>\n<ol>\n<li><a href=\"http:\/\/www.gtronic.it\/test\/wp-content\/uploads\/2017\/01\/XC8-compiler.pdf\">XC8 compiler<\/a><\/li>\n<li><a href=\"https:\/\/www.dropbox.com\/s\/7yqy8d90wy0o18z\/xc8-16-32%20compilers-v1.30-full-install-windows-installer.zip?dl=0\">XC compilers Pack<\/a><\/li>\n<li><a href=\"http:\/\/www.gtronic.it\/test\/wp-content\/uploads\/2016\/06\/XC_PIC_config-1.zip\">XC_PIC_config<\/a> \u00a0 Questo programma imposta i fuses, legge input e pilota output<\/li>\n<li><a href=\"http:\/\/www.gtronic.it\/test\/wp-content\/uploads\/2016\/06\/XC_Lampeggio.zip\">XC_Lampeggio<\/a> Questo programma esegue il lampeggio di un LED su RC0<\/li>\n<li><a href=\"http:\/\/www.gtronic.it\/test\/wp-content\/uploads\/2016\/06\/XC_supercar.zip\">XC_supercar<\/a> Il programma esegue supercar al PORTB, e definisce tutte le variabili<\/li>\n<li>Example of I2C external peripheral RTC programming -&gt;\u00a0<a href=\"http:\/\/www.gtronic.it\/test\/wp-content\/uploads\/2017\/11\/RTC_Project.zip\">RTC_Project<\/a><\/li>\n<li>Complete package of XC8 exercises -&gt;\u00a0<a href=\"http:\/\/www.gtronic.it\/test\/wp-content\/uploads\/2017\/11\/Pacchetto_progetti_PIC.zip\">Pacchetto_progetti_PIC<\/a><\/li>\n<li><a href=\"http:\/\/www.gtronic.it\/test\/wp-content\/uploads\/2017\/01\/Display-LCD-Hitachi-HD44780.zip\">Display LCD Hitachi HD44780<\/a>\u00a0con compilatore XC8<\/li>\n<\/ol>\n<p>Scarica un set completo di programmi per PIC18 compatibili Micro-GT\u00a0<a href=\"http:\/\/www.gtronic.it\/test\/wp-content\/uploads\/2017\/01\/PIC18F_examples.zip\">PIC18F_examples<\/a><\/p>\n<p>Scarica un set completo di programmi per PIC18 compatibili Micro-GT\u00a0<a href=\"http:\/\/www.gtronic.it\/test\/wp-content\/uploads\/2017\/01\/PIC18F_examples.zip\">PIC18F_examples<\/a><\/p>\n<p><strong>Corso breve XC per programmare le Micro-GT per 18F45K22 e simili:<\/strong><\/p>\n<ol>\n<li><a href=\"http:\/\/www.gtronic.it\/test\/wp-content\/uploads\/2017\/01\/StepperMotor_Rw_Fw.X.zip\">StepperMotor_Rw_Fw.X<\/a>\u00a0realizzato per 18F45k22 con Code configurator e XC8<\/li>\n<\/ol>\n<p><img decoding=\"async\" loading=\"lazy\" class=\"alignnone size-full wp-image-381\" src=\"http:\/\/www.gtronic.it\/test\/wp-content\/uploads\/2017\/01\/Micro-GT_IDE_upgrade.jpg\" alt=\"Micro-GT_IDE_upgrade\" width=\"932\" height=\"960\" srcset=\"https:\/\/www.gtronic.it\/test\/wp-content\/uploads\/2017\/01\/Micro-GT_IDE_upgrade.jpg 932w, https:\/\/www.gtronic.it\/test\/wp-content\/uploads\/2017\/01\/Micro-GT_IDE_upgrade-291x300.jpg 291w, https:\/\/www.gtronic.it\/test\/wp-content\/uploads\/2017\/01\/Micro-GT_IDE_upgrade-768x791.jpg 768w\" sizes=\"(max-width: 932px) 100vw, 932px\" \/>Rimane operativo il PIC16F877A con il medesimo bootloader.<\/p>\n<p>e&#8217; possibile trasformare la propria Micro-GT IDE semplicemente aprendo i jumper SV12 e SV11 e portandoci\u00a0i due fili TX e RX provenienti dagli strip line del kit di trasformazione. Questo potr\u00e0 essere comunque agganciato ai medesimi fori della porta COM.\u00a0 In questo caso entrambe le porte e cavi, nonch\u00e9 programmer interno,\u00a0rimangono operativi.<\/p>\n<p><img decoding=\"async\" loading=\"lazy\" class=\"alignnone size-full wp-image-389\" src=\"http:\/\/www.gtronic.it\/test\/wp-content\/uploads\/2017\/01\/Micro-GT_IDE_con-_UPGRADE.jpg\" alt=\"Micro-GT_IDE_con _UPGRADE\" width=\"640\" height=\"472\" srcset=\"https:\/\/www.gtronic.it\/test\/wp-content\/uploads\/2017\/01\/Micro-GT_IDE_con-_UPGRADE.jpg 640w, https:\/\/www.gtronic.it\/test\/wp-content\/uploads\/2017\/01\/Micro-GT_IDE_con-_UPGRADE-300x221.jpg 300w, https:\/\/www.gtronic.it\/test\/wp-content\/uploads\/2017\/01\/Micro-GT_IDE_con-_UPGRADE-407x300.jpg 407w\" sizes=\"(max-width: 640px) 100vw, 640px\" \/><\/p>\n<p>IL costo del solo KIT di upgrade, come mostrato nella figura sovrastante \u00e8 di <strong>15\u20ac<\/strong> IVA compresa, esclusa la spedizione.<\/p>\n<p><img decoding=\"async\" loading=\"lazy\" class=\"alignnone size-full wp-image-382\" src=\"http:\/\/www.gtronic.it\/test\/wp-content\/uploads\/2017\/01\/Micro-GT_IDE_Layout.jpg\" alt=\"Micro-GT_IDE_Layout\" width=\"1222\" height=\"1216\" srcset=\"https:\/\/www.gtronic.it\/test\/wp-content\/uploads\/2017\/01\/Micro-GT_IDE_Layout.jpg 1222w, https:\/\/www.gtronic.it\/test\/wp-content\/uploads\/2017\/01\/Micro-GT_IDE_Layout-150x150.jpg 150w, https:\/\/www.gtronic.it\/test\/wp-content\/uploads\/2017\/01\/Micro-GT_IDE_Layout-300x300.jpg 300w, https:\/\/www.gtronic.it\/test\/wp-content\/uploads\/2017\/01\/Micro-GT_IDE_Layout-768x764.jpg 768w, https:\/\/www.gtronic.it\/test\/wp-content\/uploads\/2017\/01\/Micro-GT_IDE_Layout-1024x1019.jpg 1024w, https:\/\/www.gtronic.it\/test\/wp-content\/uploads\/2017\/01\/Micro-GT_IDE_Layout-301x300.jpg 301w\" sizes=\"(max-width: 1222px) 100vw, 1222px\" \/><\/p>\n<p>Nella stessa maniera, il kit di trasformazione potr\u00e0 essere abbinato alla Micro-GT mini come anche agli smart controller.<\/p>\n<p><img decoding=\"async\" loading=\"lazy\" class=\"alignnone size-full wp-image-383\" src=\"http:\/\/www.gtronic.it\/test\/wp-content\/uploads\/2017\/01\/Micro-GT-mini-Layout-2.png\" alt=\"Micro-GT mini Layout (2)\" width=\"353\" height=\"295\" srcset=\"https:\/\/www.gtronic.it\/test\/wp-content\/uploads\/2017\/01\/Micro-GT-mini-Layout-2.png 353w, https:\/\/www.gtronic.it\/test\/wp-content\/uploads\/2017\/01\/Micro-GT-mini-Layout-2-300x251.png 300w\" sizes=\"(max-width: 353px) 100vw, 353px\" \/><\/p>\n<p><img decoding=\"async\" loading=\"lazy\" class=\"alignnone size-full wp-image-384\" src=\"http:\/\/www.gtronic.it\/test\/wp-content\/uploads\/2017\/01\/smart_controller-layout.png\" alt=\"smart_controller layout\" width=\"817\" height=\"435\" srcset=\"https:\/\/www.gtronic.it\/test\/wp-content\/uploads\/2017\/01\/smart_controller-layout.png 817w, https:\/\/www.gtronic.it\/test\/wp-content\/uploads\/2017\/01\/smart_controller-layout-300x160.png 300w, https:\/\/www.gtronic.it\/test\/wp-content\/uploads\/2017\/01\/smart_controller-layout-768x409.png 768w, https:\/\/www.gtronic.it\/test\/wp-content\/uploads\/2017\/01\/smart_controller-layout-500x266.png 500w\" sizes=\"(max-width: 817px) 100vw, 817px\" \/><\/p>\n<p>Per tutti i prodotti di questa pagina \u00e8 possibili richiedere anche il solo circuito stampato.<\/p>\n<p>Sito per i compilatori Hi-Tech\u00a0<a href=\"http:\/\/www.htsoft.com\/\">http:\/\/www.htsoft.com\/<\/a><\/p>\n","protected":false},"excerpt":{"rendered":"<p>La Micro-GT IDE 1 \u00e8 ora disponibile con un kit di upgrade che permette di eliminare l&#8217;alimentatore esterno perch\u00e9 energizzata dalla porta USB, inoltre la connessione al PC notebook \u00e8 diretta tramite un cavo USB standard.\u00a0Il device\u00a0verr\u00e0 riconosciuto come porte &hellip; <a href=\"https:\/\/www.gtronic.it\/test\/index.php\/micro-gt-ide-upgrade\/\">Continua a leggere<span class=\"meta-nav\">&rarr;<\/span><\/a><\/p>\n","protected":false},"author":1,"featured_media":0,"parent":0,"menu_order":0,"comment_status":"closed","ping_status":"closed","template":"","meta":[],"_links":{"self":[{"href":"https:\/\/www.gtronic.it\/test\/index.php\/wp-json\/wp\/v2\/pages\/380"}],"collection":[{"href":"https:\/\/www.gtronic.it\/test\/index.php\/wp-json\/wp\/v2\/pages"}],"about":[{"href":"https:\/\/www.gtronic.it\/test\/index.php\/wp-json\/wp\/v2\/types\/page"}],"author":[{"embeddable":true,"href":"https:\/\/www.gtronic.it\/test\/index.php\/wp-json\/wp\/v2\/users\/1"}],"replies":[{"embeddable":true,"href":"https:\/\/www.gtronic.it\/test\/index.php\/wp-json\/wp\/v2\/comments?post=380"}],"version-history":[{"count":18,"href":"https:\/\/www.gtronic.it\/test\/index.php\/wp-json\/wp\/v2\/pages\/380\/revisions"}],"predecessor-version":[{"id":3896,"href":"https:\/\/www.gtronic.it\/test\/index.php\/wp-json\/wp\/v2\/pages\/380\/revisions\/3896"}],"wp:attachment":[{"href":"https:\/\/www.gtronic.it\/test\/index.php\/wp-json\/wp\/v2\/media?parent=380"}],"curies":[{"name":"wp","href":"https:\/\/api.w.org\/{rel}","templated":true}]}}