{"id":365,"date":"2017-01-23T13:53:26","date_gmt":"2017-01-23T12:53:26","guid":{"rendered":"http:\/\/www.gtronic.it\/test\/?page_id=365"},"modified":"2019-07-26T21:15:19","modified_gmt":"2019-07-26T19:15:19","slug":"toy-plc","status":"publish","type":"page","link":"https:\/\/www.gtronic.it\/test\/index.php\/toy-plc\/","title":{"rendered":"Toy PLC"},"content":{"rendered":"<p>Per ordinare uno o pi\u00f9 esemplari di Toy PLC usa la mail ad.noctis@gmail.com<\/p>\n<p>Il Toy PLC di G-Tronic Robotics \u00e8 la scheda di controllo pi\u00f9 adeguata per il GT-Bot V1.4, un piccolo Robot didattico semovente, espandibile, ottimale per l&#8217;apprendimento\u00a0 della proggramazione dei PIC e per l&#8217;hobbistica.<\/p>\n<p><a href=\"http:\/\/www.gtronic.it\/test\/wp-content\/uploads\/2017\/01\/ToyPLC-_24input_demo.zip\">ToyPLC _24input_demo<\/a>\u00a0 \u00a0Hi-Tech compiler<\/p>\n<p><img decoding=\"async\" loading=\"lazy\" class=\"alignnone size-full wp-image-1359\" src=\"http:\/\/www.gtronic.it\/test\/wp-content\/uploads\/2017\/01\/Micro-GT_Toy_PLC_smd.png\" alt=\"Micro-GT_Toy_PLC_smd\" width=\"2297\" height=\"1609\" srcset=\"https:\/\/www.gtronic.it\/test\/wp-content\/uploads\/2017\/01\/Micro-GT_Toy_PLC_smd.png 2297w, https:\/\/www.gtronic.it\/test\/wp-content\/uploads\/2017\/01\/Micro-GT_Toy_PLC_smd-300x210.png 300w, https:\/\/www.gtronic.it\/test\/wp-content\/uploads\/2017\/01\/Micro-GT_Toy_PLC_smd-768x538.png 768w, https:\/\/www.gtronic.it\/test\/wp-content\/uploads\/2017\/01\/Micro-GT_Toy_PLC_smd-1024x717.png 1024w, https:\/\/www.gtronic.it\/test\/wp-content\/uploads\/2017\/01\/Micro-GT_Toy_PLC_smd-428x300.png 428w\" sizes=\"(max-width: 2297px) 100vw, 2297px\" \/><\/p>\n<p>I corsi di programmazione dei microcontrollori PIC si tengono a Padova il <strong>marted\u00ec<\/strong> e e il <strong>gioved\u00ec<\/strong> dalle ore 18:00 alle ore 23:00, nella sede di Via Andorra 22. E\u2019 possibile, per chi viene da fuori citt\u00e0 frequentare nelle sessioni week end. La durata del corso \u00e8 di 40 ore e il costo, compresa IVA, \u00e8 di 300\u20ac. inf su \u00a0ad.noctis@gmail.com<\/p>\n<p><img decoding=\"async\" loading=\"lazy\" class=\"alignnone size-full wp-image-369\" src=\"http:\/\/www.gtronic.it\/test\/wp-content\/uploads\/2017\/01\/Micro-GT-Toy-PLC-1.jpg\" alt=\"Micro-GT Toy PLC (1)\" width=\"1632\" height=\"1224\" srcset=\"https:\/\/www.gtronic.it\/test\/wp-content\/uploads\/2017\/01\/Micro-GT-Toy-PLC-1.jpg 1632w, https:\/\/www.gtronic.it\/test\/wp-content\/uploads\/2017\/01\/Micro-GT-Toy-PLC-1-300x225.jpg 300w, https:\/\/www.gtronic.it\/test\/wp-content\/uploads\/2017\/01\/Micro-GT-Toy-PLC-1-768x576.jpg 768w, https:\/\/www.gtronic.it\/test\/wp-content\/uploads\/2017\/01\/Micro-GT-Toy-PLC-1-1024x768.jpg 1024w, https:\/\/www.gtronic.it\/test\/wp-content\/uploads\/2017\/01\/Micro-GT-Toy-PLC-1-400x300.jpg 400w\" sizes=\"(max-width: 1632px) 100vw, 1632px\" \/><\/p>\n<p style=\"text-align: center;\"><a href=\"http:\/\/www.gtronic.it\/test\/wp-content\/uploads\/2017\/01\/Micro-GT-Toy-PLC-PTH.zip\">Micro-GT Toy PLC PTH<\/a><\/p>\n<p>Il Micro-GT Toy PLC \u00e8 un controllo espandibile, programmabile sia in Ladder (il linguaggio a contatti dei PLC) che in C tramite la piattaforma MPLABx in cui sia installato un compilatore. Il dispositivo \u00e8 adatto a tutte le applicazioni hobbistiche e ludiche oltre che ovviamente alla didattica. In questo ambito rappresenta una grande opportunit\u00e0 per i docenti delle scuole superiori che potranno nel medesimo laboratorio e con il medesimo strumento insegnare la programmazione enbedded dei PIC e la programmazione a segmenti secondo i principi fondamentali delle logiche a contatti. Il basso costo permette di attrezzare in maniera individuale le postazioni degli allievi. In fase di studio il sistema \u00e8 auto ailmentante quindi non necessita di\u00a0power supply. Anche nella versione base si dispone di 8 canali optoisolati di input, alla tensione tipica di 24V DC (come negli impianti industriali) a cui collegare in maniera diretta pulsanti, fotocellule, finecorsa, sensori magnetici, ecc. In uscita, vi sono 8 canali muniti di driver anti impulso a cui collegare carichi in open collector come piccoli rel\u00e8 di asservimento o dispositivi da controllare in logica digitale 0-24VDC. Il processore installato \u00e8 un 44pin che potr\u00e0 essere il classico\u00a0877A (data la grande\u00a0diffusione e disponibilit\u00e0 di template software) oppure un 887.\u00a0 La predisposizione per il display LCD \u00e8 con bus a 4 bit. Tutti i pin sono disponibili su connettori strip compresi gli 8 canali analogici con ADC a 10 bit.<\/p>\n<p>Metodi di programmazione:<\/p>\n<ol>\n<li>Tramite programmer inserito nella porta ICSP, come mostrato in foto, e direttamente riconosciuto dalla piattaforma ufficiale MPLAB X. Il software potr\u00e0 essere uno qualunque riconosciuto da MPLAX, ad esempio XC oppure Hitech C. molte librerie di esempio sono distribuite gratuitamente in questo sito.<\/li>\n<li>Tramite bootloader precaricato, ovvero si collega il cavo USB standard, il sistema si accende, si installa GT-Pic_Lab, distribuito gratuitamente in questo sito, tramite il tool GT_downloader oppure Micro-GT downloader\u00a0puntare al file hx che avete compilato, premere il tasto scrivi e il gioco \u00e8 fatto. Il nuovo firmware viene scaricato nella memoria del PIC e\u00a0automaticamente\u00a0mandato in esecuzione.<\/li>\n<\/ol>\n<p><a href=\"http:\/\/www.gtronic.it\/test\/wp-content\/uploads\/2017\/01\/BOOTLOADER_UniversalGT_115200_20MHz_16F887.zip\">BOOTLOADER_UniversalGT_115200_20MHz_16F887<\/a><\/p>\n<p>Demo multitasking 16F887 Hitech C\u00a0by Julian Pablo Miglio <a href=\"http:\/\/www.gtronic.it\/test\/wp-content\/uploads\/2017\/01\/tasking_demo_1_pic16f887.zip\">tasking_demo_1_pic16f887<\/a><\/p>\n<p>Il modello base \u00e8 disponibile a partire da 25\u20ac (spedizione esclusa).<\/p>\n<p>\u00e8 disponibile anche il solo circuito stampato al costo di <strong>8\u20ac<\/strong> ad esemplare compresa la spedizione.<\/p>\n<p><img decoding=\"async\" loading=\"lazy\" class=\"alignnone size-full wp-image-371\" src=\"http:\/\/www.gtronic.it\/test\/wp-content\/uploads\/2017\/01\/Micro-GT_Toy_PLC_pcb.png\" alt=\"Micro-GT_Toy_PLC_pcb\" width=\"612\" height=\"484\" srcset=\"https:\/\/www.gtronic.it\/test\/wp-content\/uploads\/2017\/01\/Micro-GT_Toy_PLC_pcb.png 612w, https:\/\/www.gtronic.it\/test\/wp-content\/uploads\/2017\/01\/Micro-GT_Toy_PLC_pcb-300x237.png 300w, https:\/\/www.gtronic.it\/test\/wp-content\/uploads\/2017\/01\/Micro-GT_Toy_PLC_pcb-379x300.png 379w\" sizes=\"(max-width: 612px) 100vw, 612px\" \/><\/p>\n<p>per ordinare uno o pi\u00f9 esemplari di Toy PLC usa la mail ad.noctis@gmail.com<\/p>\n<p>L&#8217;ambiente di programmazione laddermicro, sviluppato da terze parti,\u00a0ha questo aspetto.<\/p>\n<p><img decoding=\"async\" loading=\"lazy\" class=\"alignnone size-full wp-image-377\" src=\"http:\/\/www.gtronic.it\/test\/wp-content\/uploads\/2017\/01\/Toy_PLC_Ladder_Micro..jpg\" alt=\"Toy_PLC_Ladder_Micro.\" width=\"679\" height=\"826\" srcset=\"https:\/\/www.gtronic.it\/test\/wp-content\/uploads\/2017\/01\/Toy_PLC_Ladder_Micro..jpg 679w, https:\/\/www.gtronic.it\/test\/wp-content\/uploads\/2017\/01\/Toy_PLC_Ladder_Micro.-247x300.jpg 247w\" sizes=\"(max-width: 679px) 100vw, 679px\" \/><\/p>\n<p><img decoding=\"async\" loading=\"lazy\" class=\"alignnone size-full wp-image-378\" src=\"http:\/\/www.gtronic.it\/test\/wp-content\/uploads\/2017\/01\/Toy_PLC_segmenti_KOP.jpg\" alt=\"Toy_PLC_segmenti_KOP\" width=\"535\" height=\"960\" srcset=\"https:\/\/www.gtronic.it\/test\/wp-content\/uploads\/2017\/01\/Toy_PLC_segmenti_KOP.jpg 535w, https:\/\/www.gtronic.it\/test\/wp-content\/uploads\/2017\/01\/Toy_PLC_segmenti_KOP-167x300.jpg 167w\" sizes=\"(max-width: 535px) 100vw, 535px\" \/><\/p>\n<p>Ovviamente pu\u00f2 essere programmato in ANSI C nell&#8217;ambiente MPLAB X, ad esempio:<\/p>\n<p>if (input1 == 1) output1 = 1; else output1 = 0;<\/p>\n<p>Collezione di lavori svolti con il Toy-PLC.<\/p>\n<ol>\n<li><a href=\"http:\/\/www.gtronic.it\/community\/ascensore(8).htm\">Tesina scolastica &#8220;Ascensore\u00a0 tre piani&#8221;<\/a><\/li>\n<\/ol>\n","protected":false},"excerpt":{"rendered":"<p>Per ordinare uno o pi\u00f9 esemplari di Toy PLC usa la mail ad.noctis@gmail.com Il Toy PLC di G-Tronic Robotics \u00e8 la scheda di controllo pi\u00f9 adeguata per il GT-Bot V1.4, un piccolo Robot didattico semovente, espandibile, ottimale per l&#8217;apprendimento\u00a0 della &hellip; <a href=\"https:\/\/www.gtronic.it\/test\/index.php\/toy-plc\/\">Continua a leggere<span class=\"meta-nav\">&rarr;<\/span><\/a><\/p>\n","protected":false},"author":1,"featured_media":0,"parent":0,"menu_order":0,"comment_status":"closed","ping_status":"closed","template":"","meta":[],"_links":{"self":[{"href":"https:\/\/www.gtronic.it\/test\/index.php\/wp-json\/wp\/v2\/pages\/365"}],"collection":[{"href":"https:\/\/www.gtronic.it\/test\/index.php\/wp-json\/wp\/v2\/pages"}],"about":[{"href":"https:\/\/www.gtronic.it\/test\/index.php\/wp-json\/wp\/v2\/types\/page"}],"author":[{"embeddable":true,"href":"https:\/\/www.gtronic.it\/test\/index.php\/wp-json\/wp\/v2\/users\/1"}],"replies":[{"embeddable":true,"href":"https:\/\/www.gtronic.it\/test\/index.php\/wp-json\/wp\/v2\/comments?post=365"}],"version-history":[{"count":17,"href":"https:\/\/www.gtronic.it\/test\/index.php\/wp-json\/wp\/v2\/pages\/365\/revisions"}],"predecessor-version":[{"id":2288,"href":"https:\/\/www.gtronic.it\/test\/index.php\/wp-json\/wp\/v2\/pages\/365\/revisions\/2288"}],"wp:attachment":[{"href":"https:\/\/www.gtronic.it\/test\/index.php\/wp-json\/wp\/v2\/media?parent=365"}],"curies":[{"name":"wp","href":"https:\/\/api.w.org\/{rel}","templated":true}]}}