{"id":3607,"date":"2021-12-07T23:59:00","date_gmt":"2021-12-07T22:59:00","guid":{"rendered":"http:\/\/www.gtronic.it\/test\/?page_id=3607"},"modified":"2023-02-02T00:34:15","modified_gmt":"2023-02-01T23:34:15","slug":"stepper-motor","status":"publish","type":"page","link":"https:\/\/www.gtronic.it\/test\/index.php\/stepper-motor\/","title":{"rendered":"Stepper motor"},"content":{"rendered":"<p>Un motore stepper bipolare pu\u00f2 essere controllato con una semplice interfaccia auto costruita usando dei transistor Darlinghton, NPN di tipo TIP122.<\/p>\n<p>Questi transistor configurano due ponti H e le basi di ciascuno sono pilotate tramite resistenze da 2k2 Ohm.<\/p>\n<p>I led di segnalazione saranno molto utili durante la fase di programmazione.<\/p>\n<p><img decoding=\"async\" loading=\"lazy\" class=\"alignnone size-full wp-image-3608\" src=\"http:\/\/www.gtronic.it\/test\/wp-content\/uploads\/2021\/12\/tornio-trend.png\" alt=\"tornio trend\" width=\"615\" height=\"480\" srcset=\"https:\/\/www.gtronic.it\/test\/wp-content\/uploads\/2021\/12\/tornio-trend.png 615w, https:\/\/www.gtronic.it\/test\/wp-content\/uploads\/2021\/12\/tornio-trend-300x234.png 300w, https:\/\/www.gtronic.it\/test\/wp-content\/uploads\/2021\/12\/tornio-trend-384x300.png 384w\" sizes=\"(max-width: 615px) 100vw, 615px\" \/><\/p>\n<p>Il progetto si compone di una lista di testo che esprime se la parte mobile &#8220;chiocciola&#8221; si trova nel range ammesso pari a 150mm.<\/p>\n<p>La chiocciola, sovrapposta all&#8217;immagine fissa della vite senza fine, \u00e8 configurata come animazione orizzontale, le cui coordinate di movimento sono visibili nelle propriet\u00e0 dell&#8217;animazione stessa.<\/p>\n<p>Il progetto accetta i comandi di avanti e indietro sia dal bordo macchina FW=%I0.0 e RW=%I0.1 che dalle levette mostrate sui lati destro e sinistro dell&#8217;area grafica del touch.<\/p>\n<p>Il pulsante di reset forza lo zero nella quota raggiunta e di conseguenza la chiocciola torna subito sul lato sinistro, ovvero a 0mm\u00a0 home.<\/p>\n<p><img decoding=\"async\" loading=\"lazy\" class=\"alignnone size-full wp-image-3610\" src=\"http:\/\/www.gtronic.it\/test\/wp-content\/uploads\/2021\/12\/intefaccia-stepper.jpg\" alt=\"intefaccia stepper\" width=\"895\" height=\"418\" srcset=\"https:\/\/www.gtronic.it\/test\/wp-content\/uploads\/2021\/12\/intefaccia-stepper.jpg 895w, https:\/\/www.gtronic.it\/test\/wp-content\/uploads\/2021\/12\/intefaccia-stepper-300x140.jpg 300w, https:\/\/www.gtronic.it\/test\/wp-content\/uploads\/2021\/12\/intefaccia-stepper-768x359.jpg 768w, https:\/\/www.gtronic.it\/test\/wp-content\/uploads\/2021\/12\/intefaccia-stepper-500x234.jpg 500w\" sizes=\"(max-width: 895px) 100vw, 895px\" \/><\/p>\n<p><img decoding=\"async\" loading=\"lazy\" class=\"alignnone size-full wp-image-3613\" src=\"http:\/\/www.gtronic.it\/test\/wp-content\/uploads\/2021\/12\/schema-doppio-ponte-H.png\" alt=\"schema doppio ponte H\" width=\"903\" height=\"296\" srcset=\"https:\/\/www.gtronic.it\/test\/wp-content\/uploads\/2021\/12\/schema-doppio-ponte-H.png 903w, https:\/\/www.gtronic.it\/test\/wp-content\/uploads\/2021\/12\/schema-doppio-ponte-H-300x98.png 300w, https:\/\/www.gtronic.it\/test\/wp-content\/uploads\/2021\/12\/schema-doppio-ponte-H-768x252.png 768w, https:\/\/www.gtronic.it\/test\/wp-content\/uploads\/2021\/12\/schema-doppio-ponte-H-500x164.png 500w\" sizes=\"(max-width: 903px) 100vw, 903px\" \/><\/p>\n<p><img decoding=\"async\" loading=\"lazy\" class=\"alignnone size-full wp-image-3615\" src=\"http:\/\/www.gtronic.it\/test\/wp-content\/uploads\/2021\/12\/stepper-e-matrice.png\" alt=\"stepper e matrice\" width=\"316\" height=\"206\" srcset=\"https:\/\/www.gtronic.it\/test\/wp-content\/uploads\/2021\/12\/stepper-e-matrice.png 316w, https:\/\/www.gtronic.it\/test\/wp-content\/uploads\/2021\/12\/stepper-e-matrice-300x196.png 300w\" sizes=\"(max-width: 316px) 100vw, 316px\" \/><\/p>\n<p>I motori detti &#8216;STEP&#8217; o \u2018STEPPER\u2019, in italiano, motori &#8216;PASSO-PASSO&#8217; vengono impiegati per azionamenti di precisione come macchine a controllo numerico, stampanti, pantografi, frese, distributori automatici e molto altro.<\/p>\n<p>Anche se il disegno \u00e8 molto semplificato, si pu\u00f2 notare come il movimento sia generato modificando la polarit\u00e0 degli avvolgimenti statorici.<\/p>\n<p>Per tale motivo i lati degli avvolgimenti vengono marcati come A e A negato e B e B negato (nell&#8217;esempio usa X e Y ma \u00e8 lo stesso).<\/p>\n<p>Creiamo una tabella dove inseriamo sulle colonne i nomi degli avvolgimenti e mettiamo il numero &#8216;1&#8217; dove viene collegata la +Vcc, per questo motore +5Vdc, e zero dove colleghiamo la massa, \u00e8 facile intuire come il motore possa venire pilotato dalla ripetizione di una &#8216;MATRICE BINARIA&#8217; (la tabella in figura \u00e8 esplicativa ed \u00e8 nota come matrice \u2018fullstep\u2019, in italiano \u2018matrice di passo intero\u2019).<\/p>\n<p>Si noti come questa sia ottenuta cambiando di riga in riga la polarit\u00e0 di un solo indotto (bobina statorica).<\/p>\n<p>Se tra una transizione e l\u2019altra inseriamo la situazione di bobina spenta le righe diventano 8 e la matrice assume il nome di \u2018matrice half step\u2019, in italiano \u2018matrice di mezzo passo\u2019).<\/p>\n<p>La velocit\u00e0 di ripetizione alla morsettiera della matrice di passo regola la velocit\u00e0 del motore, nel nostro esempio manderemo alle uscite del PLC i numeri 9,5,6,10 che in binario sono:<\/p>\n<ul>\n<li>9 \u00a0= 1001\u00a0\u00a0\u00a0\u00a0\u00a0 -&gt; passo 1<\/li>\n<li>5 \u00a0= 0101\u00a0\u00a0\u00a0\u00a0\u00a0 -&gt; passo 2<\/li>\n<li>6\u00a0 = 0110\u00a0\u00a0\u00a0\u00a0\u00a0\u00a0 -&gt; passo 3<\/li>\n<li>10= 1010\u00a0\u00a0\u00a0\u00a0\u00a0 -&gt; passo 4<\/li>\n<\/ul>\n<p><a href=\"https:\/\/youtu.be\/qcdbA4VvFb8\">Visualizza il video della spiegazione su youtube<\/a><\/p>\n<p><a href=\"http:\/\/www.gtronic.it\/test\/wp-content\/uploads\/2021\/12\/motore-stepper-move-1.zip\">Scarica il programma realizzato con TIA V17, CPU 1214 DC\/DC\/DC con KTP700 basic<\/a><\/p>\n<hr \/>\n<p><strong>Pantografo a 2 assi piu mandrino<\/strong><\/p>\n<p>Questo programma esegue un foro quadrato su una latra di legno, ad esempio una porta a cui si vuole applicare una finestrella.<\/p>\n<p><a href=\"http:\/\/www.gtronic.it\/test\/wp-content\/uploads\/2021\/11\/Lez8_AsseX_AsseY_Pantografo_1214_firmware44.zip\">Lez8_AsseX_AsseY_Pantografo_1214_firmware44<\/a>\u00a0 0\/02\/2023<\/p>\n<hr \/>\n<p><strong>Versione semplificata del programma stepper motor<\/strong><\/p>\n<p>La levetta di sinistra mette in marcia avanti il motore fino alla quota inserita sull&#8217;apposito campo numerico.\u00a0 La levetta di destra porta indietro la corsa effettuata.<\/p>\n<p><img decoding=\"async\" loading=\"lazy\" class=\"alignnone size-full wp-image-3659\" src=\"http:\/\/www.gtronic.it\/test\/wp-content\/uploads\/2021\/12\/motorstepper.png\" alt=\"motorstepper\" width=\"532\" height=\"384\" srcset=\"https:\/\/www.gtronic.it\/test\/wp-content\/uploads\/2021\/12\/motorstepper.png 532w, https:\/\/www.gtronic.it\/test\/wp-content\/uploads\/2021\/12\/motorstepper-300x217.png 300w, https:\/\/www.gtronic.it\/test\/wp-content\/uploads\/2021\/12\/motorstepper-416x300.png 416w\" sizes=\"(max-width: 532px) 100vw, 532px\" \/>Download stepper motor semplificato\u00a0<a href=\"http:\/\/www.gtronic.it\/test\/wp-content\/uploads\/2021\/12\/stepper-motor.zip\">stepper motor<\/a><\/p>\n<p>Scarica il programma in formato pdf -&gt;\u00a0<a href=\"http:\/\/www.gtronic.it\/test\/wp-content\/uploads\/2021\/12\/steppermotor.pdf\">steppermotor<\/a>\u00a0pdf<\/p>\n<hr \/>\n<p>bibliografia<\/p>\n<p><img decoding=\"async\" loading=\"lazy\" class=\"alignnone size-full wp-image-3440\" src=\"http:\/\/www.gtronic.it\/test\/wp-content\/uploads\/2016\/06\/Esercitazioni-PLC-2022-Gottardo.jpg\" alt=\"Esercitazioni PLC 2022 Gottardo\" width=\"914\" height=\"511\" srcset=\"https:\/\/www.gtronic.it\/test\/wp-content\/uploads\/2016\/06\/Esercitazioni-PLC-2022-Gottardo.jpg 914w, https:\/\/www.gtronic.it\/test\/wp-content\/uploads\/2016\/06\/Esercitazioni-PLC-2022-Gottardo-300x168.jpg 300w, https:\/\/www.gtronic.it\/test\/wp-content\/uploads\/2016\/06\/Esercitazioni-PLC-2022-Gottardo-768x429.jpg 768w, https:\/\/www.gtronic.it\/test\/wp-content\/uploads\/2016\/06\/Esercitazioni-PLC-2022-Gottardo-500x280.jpg 500w\" sizes=\"(max-width: 914px) 100vw, 914px\" \/><\/p>\n<hr \/>\n<p><a href=\"http:\/\/www.gtronic.it\/test\/index.php\/programmazione-plc\/\">back to PLC programming page<\/a><\/p>\n","protected":false},"excerpt":{"rendered":"<p>Un motore stepper bipolare pu\u00f2 essere controllato con una semplice interfaccia auto costruita usando dei transistor Darlinghton, NPN di tipo TIP122. Questi transistor configurano due ponti H e le basi di ciascuno sono pilotate tramite resistenze da 2k2 Ohm. I &hellip; <a href=\"https:\/\/www.gtronic.it\/test\/index.php\/stepper-motor\/\">Continua a leggere<span class=\"meta-nav\">&rarr;<\/span><\/a><\/p>\n","protected":false},"author":1,"featured_media":0,"parent":0,"menu_order":0,"comment_status":"closed","ping_status":"closed","template":"","meta":[],"_links":{"self":[{"href":"https:\/\/www.gtronic.it\/test\/index.php\/wp-json\/wp\/v2\/pages\/3607"}],"collection":[{"href":"https:\/\/www.gtronic.it\/test\/index.php\/wp-json\/wp\/v2\/pages"}],"about":[{"href":"https:\/\/www.gtronic.it\/test\/index.php\/wp-json\/wp\/v2\/types\/page"}],"author":[{"embeddable":true,"href":"https:\/\/www.gtronic.it\/test\/index.php\/wp-json\/wp\/v2\/users\/1"}],"replies":[{"embeddable":true,"href":"https:\/\/www.gtronic.it\/test\/index.php\/wp-json\/wp\/v2\/comments?post=3607"}],"version-history":[{"count":10,"href":"https:\/\/www.gtronic.it\/test\/index.php\/wp-json\/wp\/v2\/pages\/3607\/revisions"}],"predecessor-version":[{"id":5004,"href":"https:\/\/www.gtronic.it\/test\/index.php\/wp-json\/wp\/v2\/pages\/3607\/revisions\/5004"}],"wp:attachment":[{"href":"https:\/\/www.gtronic.it\/test\/index.php\/wp-json\/wp\/v2\/media?parent=3607"}],"curies":[{"name":"wp","href":"https:\/\/api.w.org\/{rel}","templated":true}]}}