{"id":359,"date":"2017-01-22T18:17:39","date_gmt":"2017-01-22T17:17:39","guid":{"rendered":"http:\/\/www.gtronic.it\/test\/?page_id=359"},"modified":"2024-10-19T14:25:20","modified_gmt":"2024-10-19T12:25:20","slug":"catalogo-corsi-g-tronic","status":"publish","type":"page","link":"https:\/\/www.gtronic.it\/test\/index.php\/catalogo-corsi-g-tronic\/","title":{"rendered":"Catalogo corsi G-Tronic 2024."},"content":{"rendered":"<p>L&#8217;offerta formativa della G-Tronic Robotics, comprende i seguenti titoli, fornibili sia presso la nostra sede in Via Andorra 22, 35127, Zona industriale di Padova, denominata divisione didattica, Oppure in Via Quarta strada numero 3, 37129, zona industriale, denominata divisione Cultura, che nelle sedi aziendali dei clienti committenti. (nota bene: Le tariffe nei due casi sono diverse, per approfondimenti scrivere a ad.noctis@gmail.com).\u00a0 Durata dei corsi 50 ore. Si rilascia attestato di frequenza.\u00a0 La tariffa base, per i corsi tenuti presso le nostre sede \u00e8 uniformata a 305\u20ac IVA compresa. La tariffa \u00e8 diversa e va concordata se il corso si svolge presso le sedi aziendali o altri circoli culturali.<\/p>\n<ol>\n<li><strong>Programmazione dei PLC Siemens<\/strong> S7300, S71200, S71500 in ambiente TIA V19 e Step7 classico. comprende WinCC per la programmazione dei pannelli operatori touchscreen. Due terzi del carico orario saranno dedicati alle prove pratiche di programmazione e interfacciamento alle automazioni in scala. sono necessari due libri di testo, uno per la teoria e uno per gli esercizi, a carico dell&#8217;allievo.<a href=\"https:\/\/www.amazon.it\/dp\/B0CR82J3J9\"> Libro di teoria<\/a>. &#8212;\u00a0 <a href=\"https:\/\/www.amazon.it\/dp\/B09SV3LVLQ\">Libro di esercizi<\/a><\/li>\n<li><strong>Programmazione avanzata del PLC Siemens<\/strong>. Sono ammessi solo corsisti in possesso dell&#8217;attestato G-Tronic Robotics di primo livello oppure la laurea in ingegneria delle automazioni. (non altre\u00a0tipologie). <a href=\"https:\/\/www.amazon.it\/dp\/B08QRYT14D\">Libro a carico dell&#8217;allievo<\/a>. \u00e8 consigliato anche il libro professionale, pi\u00f9 rivolto allo studio dei processi che alla programmazione <a href=\"https:\/\/www.amazon.it\/dp\/B0BRGSVKFG\">Professional PLC programming edizione 2023<\/a><\/li>\n<li><strong>Programmazione dei microcontrollori PIC<\/strong>. Corso molto completo in grado di preparare il tecnico per entrare negli uffici tecnici delle aziende di progettazione elettroniche. In questo corso si usano e si imparano strumenti professionali (nessuna scorciatoia forviante come accade da anni con la nota piattaforma usate nelle scuole). Ci si basa sulle piattaforme hardware Micro-GT e si programma in XC oppure Hitech C, istallati nell&#8217;ambiente MPLABX di Microchip, azienda leader americana che ha recentemente acquisito ATMEL AVR che diventa di fatto un sottoprodotto. Esistono due versioni del libro di testo. Quello completo e quello ridotto dedicato alle scuole ITIS\/IPSIA e laboratori universitari.\u00a0 <a href=\"https:\/\/www.amazon.it\/dp\/B09WCTQH4M\">Libro programmazione PIC completo<\/a>\u00a0\u00a0 &#8212;\u00a0 <a href=\"https:\/\/www.amazon.com\/LETS-GO-PIC-Essentials-Micro-GT\/dp\/1492851523\">Versione ridotta per le scuole del libro programmazione\u00a0 PIC.<\/a><\/li>\n<li><strong>Robotica<\/strong> (si \u00e8 ammessi se si \u00e8 in possesso dell&#8217;attestato G-Tronic di programmazione dei microcontrollori PIC oppure si possiede una laurea in ingegneria informatica o elettronica, non altri tipi). Il libro sar\u00e0 disponibile a marzo 2017. Libro di testo <a href=\"https:\/\/www.amazon.it\/dp\/B085RRZGSW\">Robotica: Basi applicative.<\/a>\u00a0 \u00a0 <a href=\"https:\/\/www.amazon.it\/dp\/B08MSV1R4P\">Robot industriali vol 2<\/a><\/li>\n<li><strong>Elettronica analogica e digitale con\u00a0laboratorio SMD. <\/strong>Due terzi del carico orario si compone di prove partiche di laboratorio. Il corso comprende lo studio delle tecniche di progettazione del circuito stampato usando il CAD Eagle e la realizzazione del supporto multistrato in FR4. Verranno effettuare numerose prove di saldatura SMD. Tra la teoria indispensabile\u00a0approfondite nozioni sugli amplificatori operazionali e le loro configurazioni standard. <a href=\"http:\/\/www.lulu.com\/shop\/marco-gottardo\/elettronica-analogica-e-digitale-con-laboratorio-e-tecniche-smd-edizione-2018\/paperback\/product-23668944.html\">Libro di testo a carico dell&#8217;allievo.<\/a> Esiste un testo dedicato ai soli <a href=\"http:\/\/www.lulu.com\/shop\/marco-gottardo\/amplificatori-operazionali-edizione-2018\/paperback\/product-23666394.html\">Amplificatori Operazionali ediz. 2018<\/a><\/li>\n<li><strong>Progettazione e Costruzione di circuiti stampati<\/strong>: corso integrabile con quello di elettronica.\u00a0 <a href=\"https:\/\/www.amazon.it\/dp\/B08MSMP9RM\">Libro di testo edizione 2021\u00a0<\/a><\/li>\n<li><strong>Strumentazione biomedica e di laboratorio.<\/strong> (\u00e8 un esame di progettazione elettronica e di programmazione dei PIC, si \u00e8 ammessi\u00a0se in possesso dell&#8217;attestato G-Tronic di programmazione dei\u00a0Microcontrollori PIC oppure l&#8217;attestato G-Tronic di Elettronica analogica e digitale con tecniche SMD oppure si possiede una laurea in ingegneria biomedica. il libro sar\u00e0 disponibile in estate 2017.<\/li>\n<li><strong>Programmazione\u00a0FPGA e sistemi SoC.<\/strong> (si \u00e8 ammessi solo con la laurea in ingegneria informatica oppure elettronica oppure l&#8217;attestato G-Tronic Robotics di programmazione dei microcontrollori PIC). <a href=\"http:\/\/www.lulu.com\/shop\/marco-gottardo\/first-step-on-fpga-xilinx-introduzione-alla-progettazione-dei-sistemi-soc\/paperback\/product-22886982.html\">libro di testo a carico dell&#8217;allievo<\/a>.<\/li>\n<li><strong>Amministratore Istallatore\u00a0 e manutentore delle rei L.A.N. <\/strong> Sono previste numerose prove pratiche su hardware dedicato all&#8217;infrastruttura modem, router, proxy, switch e access point wireless, e prove di istallazione e configurazione su sistemi server su Windows e su Linux per realizzare reti con dominio, server di posta, policy sugli account degli utenti. Il Corso \u00e8 mirato a formare i nuovi sistemisti e amministratori di rete aziendale. <a href=\"http:\/\/www.lulu.com\/shop\/marco-gottardo\/amministratore-installatore-manutentore-delle-reti-lan\/paperback\/product-20924797.html\">libro di testo a carico dell&#8217;allievo.<\/a><\/li>\n<li><strong>Assemblatore e riparatore di PC desk e notebook. <\/strong>Corso essenzialmente pratico in cui si procede alla configurazione, riparazione, messa in servizio, di PC con sistemi operativi sia Windows che Linux. Le prove di laboratorio comprendo anche esempio con sistemi delle passate generazioni allo scopo di studiare l&#8217;evoluzione di Windows e di mettere il tecnico formato in grado di intervenire anche in macchine in obsolescenza. Il corso \u00e8 ottimo per la ricerca di una posizione lavorativa in un negozio di vendita e assistenza PC. <a href=\"http:\/\/www.lulu.com\/shop\/marco-gottardo\/centro-culturale-zip-corso-assemblatore-di-pc\/paperback\/product-20488652.html\">libro di testo a carico dell&#8217;allievo.<\/a><\/li>\n<\/ol>\n<p><strong>Date previste.<\/strong><\/p>\n<p><strong>Campus riservato agli studenti di ingegneria (solo atenei pubblici, no online):<\/strong><\/p>\n<ol>\n<li><strong>Due settimane<\/strong> in periodo concordabile. (offerta speciale 250\u20ac+iva + soggiorno 40\u20ac\/giorno)<\/li>\n<li><strong>Quattro settimane<\/strong> (offerta speciale 400\u20ac+iva + soggiorno 40\u20ac\/giorno)<\/li>\n<\/ol>\n<p>Si raccolgono le adesioni, prenotare solo se veramente interessati. Caparra 50\u20ac, pro capite, da detrarre dalla quota da versare al momento dell&#8217;iscrizione da effettuarsi in sede il primo giorno di lezione.\u00a0 \u00a0Il ritiro, anche per causa di forza maggiore, non comporta restituzione della caparra.<\/p>\n<p><strong>Attenzione:<\/strong> Questa offerta non \u00e8 valida per iscritti a lauree online (di qualunque tipo o nome) e universit\u00e0 private. Si potr\u00e0 usufruire del corso in date diverse e concordabili.<\/p>\n<p>Costo didattica, per campus due settimane 305\u20ac IVA compresa, se campus 4 settimane 488\u20ac iva compresa (meno la caparra gi\u00e0 versata). Pensione completa, stanza e due pasti 40\u20ac al giorno.\u00a0 \u00a0I libri di testo sono a carico dello studente e sono disponibili in Amazon.<\/p>\n<h1 id=\"title\" class=\"a-spacing-none a-text-normal\"><span id=\"productTitle\" class=\"a-size-extra-large\">Let\u2019s Program a PLC!!! 100 Esercizi di programmazione in TIA PORTAL V17 S7-1200\/1500 WinCC Basic e Advanced per HMI: sesta edizione\u00a0<\/span><span id=\"productSubtitle\" class=\"a-size-large a-color-secondary\">Copertina flessibile \u2013 18 febbraio 2022<\/span><\/h1>\n<p>ISBN: 979-8419107106\u00a0 <a href=\"https:\/\/www.amazon.it\/dp\/B09SV3LVLQ\">\u00a0Vedi libro online<\/a><\/p>\n<h2>Let&#8217;s Program a PLC (edizione 2024)<\/h2>\n<p>ISBN: 979-8873452231 \u00a0 <a href=\"https:\/\/www.amazon.it\/dp\/B0CR82J3J9\">vedi libro online<\/a><\/p>\n<p><strong>Formula 3 Week end edizione autunno 2024.<\/strong><\/p>\n<p>E&#8217; possibile prenotarsi per il corso in formula <strong>tre week end<\/strong>, previsti per novembre, dicembre 2024, con i seguenti orari.<\/p>\n<ul>\n<li>venerd\u00ec sera, fino alle 23, per chi arriva e pernotta il giorno prima, (supplemento +40\u20ac per la cena e la stanza, nessun aggravio per la didattica). Servizio navetta da e per la stazione di Padova gratuito.<\/li>\n<li>sabato mattina 9:00 &#8211; 12:30, segue pausa pranzo, pomeriggio 14:00 alle 19:00, segue pausa cena, dalle 20:30 alle 23:00.<\/li>\n<li>domenica mattina 9:00 &#8211; 12:30, pausa pranzo, pomeriggio 14:00 fino massimo 18:00. (chi ha il treno pu\u00f2 chiedere di uscire prima).<\/li>\n<li>Si ripete come sopra per un totale di 3 week end.<\/li>\n<\/ul>\n<p>Per specifiche esigenze i week end potranno essere anche non contigui e eventualmente ricollocabili.\u00a0 \u00a0Caparra 50\u20ac, (non restituibile), costo complessivo della didattica 305\u20ac (IVA compresa, meno la caparra versata, pagamento completo alla prima lezione, per la sola quota didattica). Bisogna aggiungere il costo della stanza per pernotto (30\u20ac a notte) e dei pasti\/cene (10\u20ac a consumazione).\u00a0 Si emette fattura elettronica. Si rilascia attestato di frequenza con loghi Siemens SCE &#8211; G-Tronic e A.L.S.I.\u00a0 associazione degli studenti lavoratori di ingegneria.<\/p>\n<p><strong>Calendario corsi 3 week end usufruibili anche non contigui novembre e dicembre 2024<\/strong><\/p>\n<p>sabato 2 e domenica 3 Novembre 2024<br \/>\nsabato 9 e domenica 10 Novembre 2024<br \/>\nsabato 16 e domenica 17 Novembre 2024<br \/>\nsabato 23 e domenica 24 Novembre 2024<\/p>\n<p>sabato 7 e domenica 8 Dicembre 2024<br \/>\nsabato 14 e domenica 15 Dicembre 2024<br \/>\nsabato 21 e domenica 22 Dicembre 2024<br \/>\nsabato 28 e domenica 29 Dicembre 2024<\/p>\n","protected":false},"excerpt":{"rendered":"<p>L&#8217;offerta formativa della G-Tronic Robotics, comprende i seguenti titoli, fornibili sia presso la nostra sede in Via Andorra 22, 35127, Zona industriale di Padova, denominata divisione didattica, Oppure in Via Quarta strada numero 3, 37129, zona industriale, denominata divisione Cultura, &hellip; <a href=\"https:\/\/www.gtronic.it\/test\/index.php\/catalogo-corsi-g-tronic\/\">Continua a leggere<span class=\"meta-nav\">&rarr;<\/span><\/a><\/p>\n","protected":false},"author":1,"featured_media":0,"parent":0,"menu_order":0,"comment_status":"closed","ping_status":"closed","template":"","meta":[],"_links":{"self":[{"href":"https:\/\/www.gtronic.it\/test\/index.php\/wp-json\/wp\/v2\/pages\/359"}],"collection":[{"href":"https:\/\/www.gtronic.it\/test\/index.php\/wp-json\/wp\/v2\/pages"}],"about":[{"href":"https:\/\/www.gtronic.it\/test\/index.php\/wp-json\/wp\/v2\/types\/page"}],"author":[{"embeddable":true,"href":"https:\/\/www.gtronic.it\/test\/index.php\/wp-json\/wp\/v2\/users\/1"}],"replies":[{"embeddable":true,"href":"https:\/\/www.gtronic.it\/test\/index.php\/wp-json\/wp\/v2\/comments?post=359"}],"version-history":[{"count":24,"href":"https:\/\/www.gtronic.it\/test\/index.php\/wp-json\/wp\/v2\/pages\/359\/revisions"}],"predecessor-version":[{"id":5578,"href":"https:\/\/www.gtronic.it\/test\/index.php\/wp-json\/wp\/v2\/pages\/359\/revisions\/5578"}],"wp:attachment":[{"href":"https:\/\/www.gtronic.it\/test\/index.php\/wp-json\/wp\/v2\/media?parent=359"}],"curies":[{"name":"wp","href":"https:\/\/api.w.org\/{rel}","templated":true}]}}