{"id":3498,"date":"2021-11-09T22:15:10","date_gmt":"2021-11-09T21:15:10","guid":{"rendered":"http:\/\/www.gtronic.it\/test\/?page_id=3498"},"modified":"2026-04-10T20:55:03","modified_gmt":"2026-04-10T18:55:03","slug":"motion-control-sinamics-g120-v90","status":"publish","type":"page","link":"https:\/\/www.gtronic.it\/test\/index.php\/motion-control-sinamics-g120-v90\/","title":{"rendered":"Motion control &#8211; Sinamics &#8211; G120 &#8211; V90"},"content":{"rendered":"<p>In questa pagina potete trovare utilissimi esempi per la configurazione degli azionamenti di vario tipo.<\/p>\n<p>scarica\u00a0<a href=\"http:\/\/www.gtronic.it\/test\/wp-content\/uploads\/2021\/11\/IMPOSTAZIONE-G120-CON-S7.docx\">IMPOSTAZIONE-G120-CON-S7<\/a><\/p>\n<ol>\n<li><a href=\"http:\/\/www.gtronic.it\/test\/wp-content\/uploads\/2016\/06\/Librerie_g120_da_Aggiungere_a_Tia16.zip\">Librerie_g120_da_Aggiungere_a_Tia16<\/a><\/li>\n<li><a href=\"http:\/\/www.gtronic.it\/test\/wp-content\/uploads\/2016\/06\/IMPOSTAZIONE-G120-CON-S7.docx\">Doc spiegazione come configurare G120<\/a><\/li>\n<li><a href=\"http:\/\/www.gtronic.it\/test\/wp-content\/uploads\/2016\/06\/G120-Sincronismo-assi-senza-Motion-Control.zip\">G120 Sincronismo assi senza Motion Control<\/a><\/li>\n<\/ol>\n<hr \/>\n<p><strong>Esempio di profilo trapezoidale con MC_move_table<\/strong><\/p>\n<p><a href=\"http:\/\/www.gtronic.it\/test\/wp-content\/uploads\/2021\/11\/M542-Comandi-Motion-move-table.zip\">M542 Comandi Motion move table<\/a><\/p>\n<hr \/>\n<p>Esempio di controllo di due assi con M542T<\/p>\n<p>Questo programma esegue il movimento di un utensile lungo il profilo di un quadrato di lunghezza 150mmx150mm.<\/p>\n<p>Due driver M542T controllano due motori bipolari stepper.tramite comandi intervallati MC_MOVE_RELATIVE e sfruttando l&#8217;uscita done, prelevata dal DB di istanza.<\/p>\n<p><a href=\"http:\/\/www.gtronic.it\/test\/wp-content\/uploads\/2021\/11\/movimento-utensile-quadrato.zip\">movimento utensile quadrato<\/a><\/p>\n<hr \/>\n<p><strong>Template base per eseguire il primo test con V90<\/strong><\/p>\n<p>Per impostare il V90 si deve operare sia sul PC tramite un tool di configurazione che sugli oggetti tecnologici di TIA Portal al fine di poter usare i comandi Motion Control &#8220;MC&#8221;.<\/p>\n<p>Download basic hardware configuration -&gt; <a href=\"http:\/\/www.gtronic.it\/test\/wp-content\/uploads\/2026\/04\/V90-basic.zip\">V90 basic<\/a><\/p>\n<p>Download programma di esempio testato -&gt;\u00a0<a href=\"http:\/\/www.gtronic.it\/test\/wp-content\/uploads\/2021\/11\/v90-asse.zip\">v90 asse<\/a><\/p>\n<p><strong>Lato Tia Portal V18<\/strong><br \/>\nusare standard telegram 3<br \/>\ninserire un empty submodule sotto il telegram 3<br \/>\nIn FC inserire<br \/>\nper primo MC_Power,<br \/>\nseguito da MC_HOME,<br \/>\nseguito da MC_MOVE_RELATIVE<\/p>\n<p>Prima di fare il comando mc absolute \u00e8 sempre necessario dare il comando MC home in modo che assumano significato le quote di lunghezza e posizione dell&#8217;asse.<\/p>\n<p><strong>Impostazione oggetto tecnologico<\/strong><\/p>\n<p>Creare un asse come &#8220;to positioning axsis&#8221; (non usare la tabella con V90).<br \/>\ngeneral -&gt; PROFIdrive, no simulation<br \/>\nDrive -&gt; aggiungere standard telegram 3 precedentemente inserito in hardware V90 vista di rete.<br \/>\nImpostare l&#8217;encoder in funzione del numero di impulsi sulla targhetta del brushless<br \/>\nnel caso del dispositivo nel nostro laboratrio la targhetta riporta 2500 e non 2048<br \/>\ncome da preset.<br \/>\nPer cambiare l&#8217;impostazione togliere lo spunto da Automatically apply encoder&#8230; e dopo averlo settato a 2500 rimettere il flag.<br \/>\nLa meccanica \u00e8 customizzabile in base a cosa ha costruito l&#8217;utente, ovvero il passo<br \/>\ndella filettatura determina l&#8217;avanzamento lineare.<br \/>\nAbilitare il modulo, va bene il default a 360.<br \/>\nImpostare i Software linit Switch ad esempio a -4000.0 fino a 4000.0 ovvero un asse lungo 8 metri.<br \/>\nDynamics<br \/>\nimposta le accelerazioni e il para strappi &#8220;jerk&#8221;, nell&#8217;esempio funzionante in labratorio abbiamo messo: mm\/s -&gt; velocitu 200.0 , sulle accelerazioni abbiamo invece posto 50.0mm\/s^2 con tempi di 4 secondi sia in accelerazione che frenatura.<br \/>\nEnable jerk 0.25s<br \/>\nEmergency stop -&gt; 200mm\/s con tempo di 2s.<br \/>\nHoming:<br \/>\nuse zero mark via Profidrive<br \/>\npositive direction<br \/>\napproch velocity 100.0 mm\/s<br \/>\nhoming velocity 20.0<br \/>\nsul passive indicare<br \/>\nuse zero mark via Profidrive<\/p>\n<p>Position monitoring<br \/>\n1.0s su 1.0mm<br \/>\nminimun dwell time 0.1s su 1.0mm<\/p>\n<p>following eroor<br \/>\nLo prende in automatico dalle impostazioni precedenti<br \/>\nad esempio scala 10.0 mm\/s fino a 200.0mm\/s mentre in ascissa 10.0mm fino a a 100.0mm mettere il flag su Enable following error monitorin.<\/p>\n<p>Standstill signal<br \/>\nscalare 0.01s su 4.0mm\/s<\/p>\n<p>Control loop<br \/>\nPrecontrol 10.0% su 8.0 1\/s<\/p>\n<p><strong>Lato V assistent V1.8<\/strong><\/p>\n<p>E&#8217; necessario scarica il V_Assistent dal sito Siemens, questi \u00e8 un toool che carica le impostazioni per la definizione dei parametri del motore connesso al drive, ad esempio, nel caso del nostro laboratorio il motore \u00e8 un id46\u00a0 corrispondente a 100watt senza freni bloccanti e encoder da 2500 impulsi\/giro.<br \/>\nusare modalit\u00e0 speed control e non positioning in V assistent 1.8<br \/>\nPrima di fare il comando mc absolute \u00e8 sempre necessario dare il comando MC home in modo che assumano significato le quote di lunghezza e posizione dell&#8217;asse.<\/p>\n<hr \/>\n<p><strong>Secondo esempio testato V90 con TIA V18<\/strong><\/p>\n<p>In questo esempio testato il 27 aprile 2023 \u00e8 mostrato come attivare i comando <strong>MC_power<\/strong> (accende il drive, quando questo avviene si spegne il LED rosso sul V90 e si accende quello verde segnalando che l&#8217;azionamento \u00e8 pronto a ricevere altri comandi motion control).<\/p>\n<p><strong>MC_movejog<\/strong> per muovere manualmente l&#8217;asse<\/p>\n<p>Ruotare il selettore da manuale a automatico per poter testare il comando <strong>MC_move relative<\/strong> che porta l&#8217;azionamento a un certo valore trasdotto dall&#8217;encoder montato sul motore, secondo la cinematica assegnata durante a configurazione dell&#8217;oggetto tecnologico asse, ad esempio 1 giro = 10 mm.<\/p>\n<p>Commutare il secondo rotativo per poter azionare il <strong>MC_MoveAbsolute<\/strong> che muove il brushless sia avanti che indietro a seconda della quota precedentemente raggiunta ma tenendo come riferimento lo zero macchina.<\/p>\n<p>Impostare il parametro &#8220;3&#8221; sul tio di moviemnto, vedi la pagina di documentazione posta sul pannello HMI per una spiegazione chiara e approfondita.<\/p>\n<p><img decoding=\"async\" loading=\"lazy\" class=\"alignnone size-full wp-image-5099\" src=\"http:\/\/www.gtronic.it\/test\/wp-content\/uploads\/2021\/11\/G-Tronic-programma-V90-1.png\" alt=\"G-Tronic programma V90\" width=\"954\" height=\"696\" srcset=\"https:\/\/www.gtronic.it\/test\/wp-content\/uploads\/2021\/11\/G-Tronic-programma-V90-1.png 954w, https:\/\/www.gtronic.it\/test\/wp-content\/uploads\/2021\/11\/G-Tronic-programma-V90-1-300x219.png 300w, https:\/\/www.gtronic.it\/test\/wp-content\/uploads\/2021\/11\/G-Tronic-programma-V90-1-768x560.png 768w, https:\/\/www.gtronic.it\/test\/wp-content\/uploads\/2021\/11\/G-Tronic-programma-V90-1-411x300.png 411w\" sizes=\"(max-width: 954px) 100vw, 954px\" \/><\/p>\n<p>scarica il programma completo -&gt; <a href=\"http:\/\/www.gtronic.it\/test\/wp-content\/uploads\/2021\/11\/controllo-v90.zip\">controllo V90<\/a><\/p>\n<hr \/>\n<p><strong>Ricostruire il comando command_table per eseguirlo su V90<\/strong><\/p>\n<p>Il comando command_table \u00e8 stato sviluppato per gli azionamenti comandati tramite segnale PTO e non PROFINET.<\/p>\n<p>Il V90 dispone di ingressi PTO nel connettore X8 che solitamente per\u00f2 non \u00e8 in uso dato che si preferisce controllare il dispositivo tramite Telegramma in un canale PN.<\/p>\n<p>Per eseguire sequenze, come avviene nella command_table \u00e8 stata riscostruita la struttura di questo comando basandosi su un array di PLC data type aventi la struttura &#8220;copiata&#8221; dal comando originale Siemens.<\/p>\n<p>Il programma scaricabile dal link sottostante mostra la struttura e esegue un profilo di marcia trapezoidale.<\/p>\n<p><a href=\"http:\/\/www.gtronic.it\/test\/wp-content\/uploads\/2021\/11\/V90-CT_20230312_1841.zap18.zip\">V90 CT_20230312_1841.zap18<\/a><\/p>\n<p>Per eseguire la tabella di test, presente nel programma attivate (true) i boolean &#8220;enable&#8221; e &#8220;execute&#8221; presenti nei primi segmenti del codice in FC1.<\/p>\n<hr \/>\n<p><strong>Command table &#8211; Custom creata con array <\/strong>(testato il 03\/03\/2024 con TIA 19)<\/p>\n<p><a href=\"http:\/\/www.gtronic.it\/test\/index.php\/command-table-custom-creata-con-array-testato-il-03-03-2024-con-tia-19\/\">Vai alla pagina dedicata a Command Table creta custom per V90<\/a><\/p>\n<p>In questo programma viene ricostruita la funzione MC_Command Table in modo che possa essere eseguita su V90 PN, quindi con un sistema PROFINET.<\/p>\n<p>Il sistema \u00e8 configurato con standard telegram 3, ma viene passato all&#8217;azionamento un vettore di 5 elementi.<\/p>\n<p>Nell&#8217;MC_Move_Table di Siemens questo vettore \u00e8 di 32 elementi, ma in questo programma dimostrativo ci siamo limitati a 5.<\/p>\n<p>I campi della struttura, che abbiamo chiamato &#8220;Relative&#8221;, sono:<\/p>\n<ul>\n<li>Distance &#8211; Real<\/li>\n<li>Speed\u00a0 &#8211; Real<\/li>\n<li>Execute &#8211; Bool<\/li>\n<li>Dune &#8211; Bool<\/li>\n<li>Delay &#8211; DINT (serve per configurare i wait)<\/li>\n<\/ul>\n<p>Costruiamo un array di nome <strong>my_table array \u00e8 [0..4} of Relative<\/strong>.<\/p>\n<p>La scansione avviene tramite il blocchetto di comando MOVE_BLK_variant che permette di manipolare pi\u00f9 dati per ogni singolo valore dell&#8217;indice, qui chiamato IndexTable di tipo INT.<\/p>\n<p>L&#8217;interfaccia HMI \u00e8 la seguente:<\/p>\n<p><img decoding=\"async\" loading=\"lazy\" class=\"alignnone size-full wp-image-5479\" src=\"http:\/\/www.gtronic.it\/test\/wp-content\/uploads\/2024\/03\/V90-controlo-prof-Gottardo-2024-03-03.png\" alt=\"\" width=\"1100\" height=\"799\" srcset=\"https:\/\/www.gtronic.it\/test\/wp-content\/uploads\/2024\/03\/V90-controlo-prof-Gottardo-2024-03-03.png 1100w, https:\/\/www.gtronic.it\/test\/wp-content\/uploads\/2024\/03\/V90-controlo-prof-Gottardo-2024-03-03-300x218.png 300w, https:\/\/www.gtronic.it\/test\/wp-content\/uploads\/2024\/03\/V90-controlo-prof-Gottardo-2024-03-03-1024x744.png 1024w, https:\/\/www.gtronic.it\/test\/wp-content\/uploads\/2024\/03\/V90-controlo-prof-Gottardo-2024-03-03-768x558.png 768w, https:\/\/www.gtronic.it\/test\/wp-content\/uploads\/2024\/03\/V90-controlo-prof-Gottardo-2024-03-03-413x300.png 413w\" sizes=\"(max-width: 1100px) 100vw, 1100px\" \/><\/p>\n<p>Nell&#8217;immagine sopra abbiamo il campo Max. Speed che arriva dal campo &#8220;Max velocity&#8221; che viene impostato durante la configurazione dell&#8217;oggetto tecnologico, nella sezione che riguarda la dinamica, ovvero &#8220;Dynamic limit&#8221;.<\/p>\n<p>In questo esempio \u00e8 fissato a 375mm\/s con il motore 0.1kWatt\u00a0 con encoder incrementale senza freno, id46 con codice Siemens 1FL6024-2AF21-1AG1<\/p>\n<p>Scarica il programma demo completo e testato \u00a0\u00a0<a href=\"http:\/\/www.gtronic.it\/test\/wp-content\/uploads\/2024\/03\/V90-Profilo-trapezioidale.zip\">V90 Profilo trapezioidale<\/a><\/p>\n<hr \/>\n<p><strong>Profilo trapezoidale su Altivar 11 con CPU1200<\/strong><\/p>\n<p>Presso la Galvoservice srl abbiamo assemblato un PLC, con CPU 1212C AC\/DC\/RLY + modulo analogico due ingressi e due uscite a 14bit, + un modulo 8 ingressi e 8 uscite digitali a transistor, visibile in foto.<\/p>\n<p>Abbiamo realizzato il profilo di marcia per il motore asincrono trifase secondo il digramma sottostante:<\/p>\n<p><img decoding=\"async\" loading=\"lazy\" class=\"alignnone size-full wp-image-1792\" src=\"http:\/\/www.gtronic.it\/test\/wp-content\/uploads\/2016\/06\/Profilo-trapezoidale.png\" alt=\"Profilo trapezoidale\" width=\"482\" height=\"219\" srcset=\"https:\/\/www.gtronic.it\/test\/wp-content\/uploads\/2016\/06\/Profilo-trapezoidale.png 482w, https:\/\/www.gtronic.it\/test\/wp-content\/uploads\/2016\/06\/Profilo-trapezoidale-300x136.png 300w\" sizes=\"(max-width: 482px) 100vw, 482px\" \/><\/p>\n<p>SCARICA BOZZA PROGRAMMA -&gt;\u00a0<a href=\"http:\/\/www.gtronic.it\/test\/wp-content\/uploads\/2016\/06\/Inverter_2.zip\">Inverter_2<\/a><\/p>\n<p>Una versione pi\u00f9 evoluta dello stesso programma \u00e8 stata realizzata al corso, nei week end, per allievi fuori sede. La versione qui proposta \u00e8 stata realizzata dall&#8217;allievo Rossa Michele di Belluno.<\/p>\n<p><img decoding=\"async\" loading=\"lazy\" class=\"alignnone size-full wp-image-1869\" src=\"http:\/\/www.gtronic.it\/test\/wp-content\/uploads\/2016\/06\/Rampa_Motore_Screen_Shot.jpg\" alt=\"Rampa_Motore_Screen_Shot\" width=\"604\" height=\"524\" srcset=\"https:\/\/www.gtronic.it\/test\/wp-content\/uploads\/2016\/06\/Rampa_Motore_Screen_Shot.jpg 604w, https:\/\/www.gtronic.it\/test\/wp-content\/uploads\/2016\/06\/Rampa_Motore_Screen_Shot-300x260.jpg 300w, https:\/\/www.gtronic.it\/test\/wp-content\/uploads\/2016\/06\/Rampa_Motore_Screen_Shot-346x300.jpg 346w\" sizes=\"(max-width: 604px) 100vw, 604px\" \/><\/p>\n<p>Scarica il programma completo di HMI con rampe impostabili -&gt;<a href=\"http:\/\/www.gtronic.it\/test\/wp-content\/uploads\/2016\/06\/Rampe_2.zip\">Rampe_2<\/a><\/p>\n<p>Questa versione del software, per CPU 1212C AC\/DC\/RLY firm. 40, consente la modifica della durata delle rampe da touch screen rendendo il prodotto altamente professionale. L&#8217;uscita analogica \u00e8 collegato all&#8217;inverter Altivar 11, che muove un MAT della potenza di un kiloWatt.<\/p>\n<hr \/>\n<p><strong>Comandare il drive economico M542T con Motion Control<\/strong><\/p>\n<p>Il questa pagina vediamo come impartire comandi cinematici e dinamici ai driver a basso costo facilmente reperibili su ebay a costi molto bassi, ad esempio 20\u20ac compreso il motore.<\/p>\n<p>Download esempio -&gt;\u00a0<a href=\"http:\/\/www.gtronic.it\/test\/wp-content\/uploads\/2021\/11\/MC-in-drive-M542T.zip\">MC in drive M542T<\/a><\/p>\n<p><a href=\"http:\/\/www.gtronic.it\/test\/index.php\/comandare-il-drive-economico-m542t-con-motion-control\/\">Vai alla pagina della spiegazione dettagliata<\/a><\/p>\n<hr \/>\n<p><strong>Command Table. Esempio base su V90<\/strong><\/p>\n<p>Scarica programma test V90 con configurazione V-assistent =&gt;\u00a0<a href=\"http:\/\/www.gtronic.it\/test\/wp-content\/uploads\/2021\/11\/V90-Test_.zip\">V90 Test_<\/a><\/p>\n<p>Dopo avere eseguito la configurazione dell&#8217;asse da controllare, quindi avere inserito nella vista di rete il drive V90 PN, e in questo avere montato lo standard telegram 3, \u00e8 possibile muovere l&#8217;utensile o manualmente, ad esempio con MOVE_JOG, o tramite una sequenza memorizzata in un array. (come mostrato nell&#8217;esempio successivo).<\/p>\n<p><img decoding=\"async\" loading=\"lazy\" class=\"alignnone size-full wp-image-4335\" src=\"http:\/\/www.gtronic.it\/test\/wp-content\/uploads\/2021\/11\/Senza-titolo.jpg\" alt=\"Senza titolo\" width=\"721\" height=\"510\" srcset=\"https:\/\/www.gtronic.it\/test\/wp-content\/uploads\/2021\/11\/Senza-titolo.jpg 721w, https:\/\/www.gtronic.it\/test\/wp-content\/uploads\/2021\/11\/Senza-titolo-300x212.jpg 300w, https:\/\/www.gtronic.it\/test\/wp-content\/uploads\/2021\/11\/Senza-titolo-424x300.jpg 424w\" sizes=\"(max-width: 721px) 100vw, 721px\" \/><\/p>\n<p><a href=\"http:\/\/www.gtronic.it\/test\/index.php\/move-table-fare-eseguire-sequenze-di-comandi-agli-assi\/\">Vai alla pagina di spiegazione dettagliata<\/a><\/p>\n<p>Scarica il programma completo del pantografo con MOVE_TABLE\u00a0<a href=\"http:\/\/www.gtronic.it\/test\/wp-content\/uploads\/2021\/11\/v90motori.zip\">v90motori<\/a><\/p>\n<hr \/>\n<p><strong>Acquisire da HMI i punti della\u00a0traccia del command table<\/strong><\/p>\n<p>Con questo programma riusciamo a cambiare la forma delle rampe da eseguire con un V90 modificando i parametri dai campi posti in HMI.<\/p>\n<p>Il commando To_command table genera un array di struct, in cui ogni campo \u00e8 un valore significativo per i movimenti del motore brushless, ad esempio la posizione, la velocit\u00e0, il tempo di waite, ecc.<\/p>\n<p>Questi campi di trovano sul DB di istanza e verranno duplicati in un DB globale a cui faremo puntare le tags in HMI a disposizione dell&#8217;utente.<\/p>\n<p>La modifica dei campi nel DB globale si ripercuote nella tabella nel DB di istanza tramite comandi MOVE interbloccati dal segnale &#8220;done&#8221; del comando motion control precedente, citato e sequenziato dal comando MC command table.<\/p>\n<p>E&#8217; possibile verificare il cambio della traccia anche se non si dispone dell&#8217;azionamento servo drive V90 semplicemente ponendo in simulazione il PLC e il pannello e quindi ispezionando le variabili (funzione occhialini).<\/p>\n<p><a href=\"http:\/\/www.gtronic.it\/test\/wp-content\/uploads\/2021\/11\/Tappatrice.zip\">Scarica il programma di esempio TIA V17 &#8211; KTP700 basic &#8211; V90 PN &#8211; 1214C DC\/DC\/DC<\/a><\/p>\n<p><img decoding=\"async\" loading=\"lazy\" class=\"alignnone size-full wp-image-4187\" src=\"http:\/\/www.gtronic.it\/test\/wp-content\/uploads\/2021\/11\/Parametrizza-command-table-2.png\" alt=\"Parametrizza command table (2)\" width=\"1147\" height=\"594\" srcset=\"https:\/\/www.gtronic.it\/test\/wp-content\/uploads\/2021\/11\/Parametrizza-command-table-2.png 1147w, https:\/\/www.gtronic.it\/test\/wp-content\/uploads\/2021\/11\/Parametrizza-command-table-2-300x155.png 300w, https:\/\/www.gtronic.it\/test\/wp-content\/uploads\/2021\/11\/Parametrizza-command-table-2-768x398.png 768w, https:\/\/www.gtronic.it\/test\/wp-content\/uploads\/2021\/11\/Parametrizza-command-table-2-1024x530.png 1024w, https:\/\/www.gtronic.it\/test\/wp-content\/uploads\/2021\/11\/Parametrizza-command-table-2-500x259.png 500w\" sizes=\"(max-width: 1147px) 100vw, 1147px\" \/> <img decoding=\"async\" loading=\"lazy\" class=\"alignnone size-full wp-image-4188\" src=\"http:\/\/www.gtronic.it\/test\/wp-content\/uploads\/2021\/11\/Parametrizza-command-table-3.png\" alt=\"Parametrizza command table (3)\" width=\"1279\" height=\"604\" srcset=\"https:\/\/www.gtronic.it\/test\/wp-content\/uploads\/2021\/11\/Parametrizza-command-table-3.png 1279w, https:\/\/www.gtronic.it\/test\/wp-content\/uploads\/2021\/11\/Parametrizza-command-table-3-300x142.png 300w, https:\/\/www.gtronic.it\/test\/wp-content\/uploads\/2021\/11\/Parametrizza-command-table-3-768x363.png 768w, https:\/\/www.gtronic.it\/test\/wp-content\/uploads\/2021\/11\/Parametrizza-command-table-3-1024x484.png 1024w, https:\/\/www.gtronic.it\/test\/wp-content\/uploads\/2021\/11\/Parametrizza-command-table-3-500x236.png 500w\" sizes=\"(max-width: 1279px) 100vw, 1279px\" \/><\/p>\n<p>Per collegare le variabili di impostazione dei movimenti, inserite tramite HMI e presenti nel DB globale, agli elementi dell&#8217;array, ad esempio in corrispondenza delle singole voci velocit\u00e0 o impostazione REAL di ogni singolo comando, portarsi sull&#8217;icona che rappresenta la tabella come dispositivo tecnologico in project tree. Qui vedremo l&#8217;icona sottostante che aperta in vista dettagli mostra la lista dei comandi.<\/p>\n<p>Per dare i parametri aprire i vettori di strutture e collegare alle uscite dei MOVE le voci corrispondenti ad esempio alla velocit\u00e0 o alla posizione.<\/p>\n<p><img decoding=\"async\" loading=\"lazy\" class=\"alignnone size-full wp-image-4189\" src=\"http:\/\/www.gtronic.it\/test\/wp-content\/uploads\/2021\/11\/Parametrizza-command-table-4.png\" alt=\"Parametrizza command table (4)\" width=\"1300\" height=\"601\" srcset=\"https:\/\/www.gtronic.it\/test\/wp-content\/uploads\/2021\/11\/Parametrizza-command-table-4.png 1300w, https:\/\/www.gtronic.it\/test\/wp-content\/uploads\/2021\/11\/Parametrizza-command-table-4-300x139.png 300w, https:\/\/www.gtronic.it\/test\/wp-content\/uploads\/2021\/11\/Parametrizza-command-table-4-768x355.png 768w, https:\/\/www.gtronic.it\/test\/wp-content\/uploads\/2021\/11\/Parametrizza-command-table-4-1024x473.png 1024w, https:\/\/www.gtronic.it\/test\/wp-content\/uploads\/2021\/11\/Parametrizza-command-table-4-500x231.png 500w\" sizes=\"(max-width: 1300px) 100vw, 1300px\" \/><\/p>\n<p>I MOVE sovrastanti sono funzionanti se agendo sulle singole voci nel pannello operatore, ad esempio Step 1 -&gt; Velocit\u00e0, il valore inserito cambier\u00e0 run time la forma della curva<\/p>\n<p><img decoding=\"async\" loading=\"lazy\" class=\"alignnone size-full wp-image-4197\" src=\"http:\/\/www.gtronic.it\/test\/wp-content\/uploads\/2021\/11\/asse-parametrizzato.png\" alt=\"asse parametrizzato\" width=\"873\" height=\"480\" srcset=\"https:\/\/www.gtronic.it\/test\/wp-content\/uploads\/2021\/11\/asse-parametrizzato.png 873w, https:\/\/www.gtronic.it\/test\/wp-content\/uploads\/2021\/11\/asse-parametrizzato-300x165.png 300w, https:\/\/www.gtronic.it\/test\/wp-content\/uploads\/2021\/11\/asse-parametrizzato-768x422.png 768w, https:\/\/www.gtronic.it\/test\/wp-content\/uploads\/2021\/11\/asse-parametrizzato-500x275.png 500w\" sizes=\"(max-width: 873px) 100vw, 873px\" \/><\/p>\n<p>Nell&#8217;immagine sovrastante, la voce &#8220;Command&#8221; in configuration della &#8220;command Table&#8221; mostra un vettore di strutture che contiene 32 elementi, ovvero 32 possibili azioni da eseguire in sequenza.<\/p>\n<p>Oltre al numero di 32 si crea una nuoa command table e si aggiunge a seguito della precedente.<\/p>\n<p><img decoding=\"async\" loading=\"lazy\" class=\"alignnone size-full wp-image-4190\" src=\"http:\/\/www.gtronic.it\/test\/wp-content\/uploads\/2021\/11\/Parametrizza-command-table-5.png\" alt=\"Parametrizza command table (5)\" width=\"960\" height=\"583\" srcset=\"https:\/\/www.gtronic.it\/test\/wp-content\/uploads\/2021\/11\/Parametrizza-command-table-5.png 960w, https:\/\/www.gtronic.it\/test\/wp-content\/uploads\/2021\/11\/Parametrizza-command-table-5-300x182.png 300w, https:\/\/www.gtronic.it\/test\/wp-content\/uploads\/2021\/11\/Parametrizza-command-table-5-768x466.png 768w, https:\/\/www.gtronic.it\/test\/wp-content\/uploads\/2021\/11\/Parametrizza-command-table-5-494x300.png 494w\" sizes=\"(max-width: 960px) 100vw, 960px\" \/> <img decoding=\"async\" loading=\"lazy\" class=\"alignnone size-full wp-image-4191\" src=\"http:\/\/www.gtronic.it\/test\/wp-content\/uploads\/2021\/11\/Parametrizza-command-table-6.png\" alt=\"Parametrizza command table (6)\" width=\"953\" height=\"583\" srcset=\"https:\/\/www.gtronic.it\/test\/wp-content\/uploads\/2021\/11\/Parametrizza-command-table-6.png 953w, https:\/\/www.gtronic.it\/test\/wp-content\/uploads\/2021\/11\/Parametrizza-command-table-6-300x184.png 300w, https:\/\/www.gtronic.it\/test\/wp-content\/uploads\/2021\/11\/Parametrizza-command-table-6-768x470.png 768w, https:\/\/www.gtronic.it\/test\/wp-content\/uploads\/2021\/11\/Parametrizza-command-table-6-490x300.png 490w\" sizes=\"(max-width: 953px) 100vw, 953px\" \/><\/p>\n<p><img decoding=\"async\" loading=\"lazy\" class=\"alignnone size-full wp-image-4186\" src=\"http:\/\/www.gtronic.it\/test\/wp-content\/uploads\/2021\/11\/Parametrizza-command-table-1.png\" alt=\"Parametrizza command table (1)\" width=\"1026\" height=\"590\" srcset=\"https:\/\/www.gtronic.it\/test\/wp-content\/uploads\/2021\/11\/Parametrizza-command-table-1.png 1026w, https:\/\/www.gtronic.it\/test\/wp-content\/uploads\/2021\/11\/Parametrizza-command-table-1-300x173.png 300w, https:\/\/www.gtronic.it\/test\/wp-content\/uploads\/2021\/11\/Parametrizza-command-table-1-768x442.png 768w, https:\/\/www.gtronic.it\/test\/wp-content\/uploads\/2021\/11\/Parametrizza-command-table-1-1024x589.png 1024w, https:\/\/www.gtronic.it\/test\/wp-content\/uploads\/2021\/11\/Parametrizza-command-table-1-500x288.png 500w\" sizes=\"(max-width: 1026px) 100vw, 1026px\" \/><\/p>\n<p>Scarica esempio per tre assi <strong>ITIS Mattei Urbino<\/strong><\/p>\n<p><a href=\"http:\/\/www.gtronic.it\/test\/wp-content\/uploads\/2021\/11\/Cartesio_V18.zip\">Cartesio_V18<\/a><\/p>\n<p><strong>bibliografia<\/strong>: Ecco il libro di testo, aggiornato e completo, da cui attingere queste nozioni e formarsi in materia di programmazione dei PLC.\u00a0<a href=\"https:\/\/www.amazon.it\/dp\/B09HFZLF4V\">Vai al libro su Amazon<\/a><\/p>\n<p><img decoding=\"async\" loading=\"lazy\" class=\"alignnone size-full wp-image-3872\" src=\"http:\/\/www.gtronic.it\/test\/wp-content\/uploads\/2022\/03\/Esercitazioni-PLC-2022-Gottardo.jpg\" sizes=\"(max-width: 914px) 100vw, 914px\" srcset=\"http:\/\/www.gtronic.it\/test\/wp-content\/uploads\/2022\/03\/Esercitazioni-PLC-2022-Gottardo.jpg 914w, http:\/\/www.gtronic.it\/test\/wp-content\/uploads\/2022\/03\/Esercitazioni-PLC-2022-Gottardo-300x168.jpg 300w, http:\/\/www.gtronic.it\/test\/wp-content\/uploads\/2022\/03\/Esercitazioni-PLC-2022-Gottardo-768x429.jpg 768w, http:\/\/www.gtronic.it\/test\/wp-content\/uploads\/2022\/03\/Esercitazioni-PLC-2022-Gottardo-500x280.jpg 500w\" alt=\"Esercitazioni PLC 2022 Gottardo\" width=\"914\" height=\"511\" \/><\/p>\n<p><a href=\"http:\/\/www.gtronic.it\/test\/index.php\/programmazione-plc\/\">back to PLC programming pages<\/a><\/p>\n","protected":false},"excerpt":{"rendered":"<p>In questa pagina potete trovare utilissimi esempi per la configurazione degli azionamenti di vario tipo. scarica\u00a0IMPOSTAZIONE-G120-CON-S7 Librerie_g120_da_Aggiungere_a_Tia16 Doc spiegazione come configurare G120 G120 Sincronismo assi senza Motion Control Esempio di profilo trapezoidale con MC_move_table M542 Comandi Motion move table Esempio &hellip; <a href=\"https:\/\/www.gtronic.it\/test\/index.php\/motion-control-sinamics-g120-v90\/\">Continua a leggere<span class=\"meta-nav\">&rarr;<\/span><\/a><\/p>\n","protected":false},"author":1,"featured_media":0,"parent":0,"menu_order":0,"comment_status":"closed","ping_status":"closed","template":"","meta":[],"_links":{"self":[{"href":"https:\/\/www.gtronic.it\/test\/index.php\/wp-json\/wp\/v2\/pages\/3498"}],"collection":[{"href":"https:\/\/www.gtronic.it\/test\/index.php\/wp-json\/wp\/v2\/pages"}],"about":[{"href":"https:\/\/www.gtronic.it\/test\/index.php\/wp-json\/wp\/v2\/types\/page"}],"author":[{"embeddable":true,"href":"https:\/\/www.gtronic.it\/test\/index.php\/wp-json\/wp\/v2\/users\/1"}],"replies":[{"embeddable":true,"href":"https:\/\/www.gtronic.it\/test\/index.php\/wp-json\/wp\/v2\/comments?post=3498"}],"version-history":[{"count":38,"href":"https:\/\/www.gtronic.it\/test\/index.php\/wp-json\/wp\/v2\/pages\/3498\/revisions"}],"predecessor-version":[{"id":5938,"href":"https:\/\/www.gtronic.it\/test\/index.php\/wp-json\/wp\/v2\/pages\/3498\/revisions\/5938"}],"wp:attachment":[{"href":"https:\/\/www.gtronic.it\/test\/index.php\/wp-json\/wp\/v2\/media?parent=3498"}],"curies":[{"name":"wp","href":"https:\/\/api.w.org\/{rel}","templated":true}]}}