{"id":2761,"date":"2020-03-20T12:11:07","date_gmt":"2020-03-20T11:11:07","guid":{"rendered":"http:\/\/www.gtronic.it\/test\/?page_id=2761"},"modified":"2020-03-20T14:36:31","modified_gmt":"2020-03-20T13:36:31","slug":"utilizzo-text-list-dialogo-con-kit-car-di-valitutto-giuseppantonio","status":"publish","type":"page","link":"https:\/\/www.gtronic.it\/test\/index.php\/utilizzo-text-list-dialogo-con-kit-car-di-valitutto-giuseppantonio\/","title":{"rendered":"Utilizzo text list- Dialogo con KIT Car di Valitutto GiuseppAntonio"},"content":{"rendered":"<p>Questo esercizio non ha nulla a che vedere con la realt\u00e0 aziendale, si tratta di una esercitazione di utilizzo delle liste di testo.<\/p>\n<p>Prendendo spunto dal libro di esercizi dell&#8217;ing\u00a0<a href=\"https:\/\/www.facebook.com\/gtronic.robotic?fref=gs&amp;__tn__=%2CdK-R-R&amp;eid=ARDh2AzWqcv0WCRyEf13IeqO8jh2vU1e5raTwr2z2Jmm4XCDVIqpzfW4SdzdjyPZk2bzTyObz1ZgPSCC&amp;dti=787328848280831&amp;hc_location=group\">Gottardo Marco<\/a>, ho cercato di realizzare un dialogo virtuale tra Michael e Kitt (supercar).<\/p>\n<p>L&#8217;effetto non \u00e8 proprio quello desiderato, anche perch\u00e9 pi\u00f9 alta era la frequenza di conteggio e pi\u00f9 i comparatori mi saltavano qualche confronto.<\/p>\n<p>ho deciso di usare un 1214 dc\/dc\/dc e un HMI 7&#8243; confort.<\/p>\n<p>Poi mi sono attivato i clock di sistema e giocando con i TON, COUNTER e comparatori ho creato l&#8217;effetto dialogo.<br \/>\nGiustamente mi sono creato una lista di testo da far cambiare con dei MOVE.<br \/>\nPer la parte che simula KITT parlante, per esercitarmi ho fatto l&#8217;elenco delle PILOT LIGHT nel DATA TYPE e mi sono creato un ARREY nel DB&#8230;. Giustamente in questo caso per creare l&#8217;effetto KITT che parla ho usato un counter avanti e indietro, creando il conteggio ciclico.<\/p>\n<p>L&#8217;unico problema che ho \u00e8: pi\u00f9 veloce \u00e8 la frequenza di clock e pi\u00f9 i comparatori mi saltano qualche lettura e di conseguenza non si accendono alcune PILOT LIGHT, ma alla fine l&#8217;effetto \u00e8 giusto.<\/p>\n<p><img decoding=\"async\" loading=\"lazy\" class=\"alignnone size-full wp-image-2762\" src=\"http:\/\/www.gtronic.it\/test\/wp-content\/uploads\/2020\/03\/kit-car.png\" alt=\"kit car\" width=\"689\" height=\"466\" srcset=\"https:\/\/www.gtronic.it\/test\/wp-content\/uploads\/2020\/03\/kit-car.png 689w, https:\/\/www.gtronic.it\/test\/wp-content\/uploads\/2020\/03\/kit-car-300x203.png 300w, https:\/\/www.gtronic.it\/test\/wp-content\/uploads\/2020\/03\/kit-car-444x300.png 444w\" sizes=\"(max-width: 689px) 100vw, 689px\" \/><\/p>\n<p>l&#8217;attivazione delle\u00a0 pilot\u00a0 light dedicate all&#8217;effetto KITT. Attivabili tamite comparatore in\u00a0 base al\u00a0 numero\u00a0 di impulsi generato dal clock di sistema.<\/p>\n<p>N.B. pi\u00f9 veloce \u00e8 il clock di sistema e pi\u00f9 il comparatore potrebbe non leggere il numero di impulsi, ma in questo caso \u00e8 poco rilevante, in quanto si tratta solo di effetto luminoso, che alla fine d\u00e0 anche l&#8217;effetto giusto<\/p>\n<p>E&#8217; da tenere presente che l&#8217;accensione parte dal centro e si espande verso l&#8217;alto e verso il basso in\u00a0 contemporanea e dall&#8217;esterno verso il centro, in\u00a0 sequenza ciclica.<\/p>\n<p><img decoding=\"async\" loading=\"lazy\" class=\"alignnone size-full wp-image-2763\" src=\"http:\/\/www.gtronic.it\/test\/wp-content\/uploads\/2020\/03\/kit-car-1.png\" alt=\"kit car 1\" width=\"413\" height=\"253\" srcset=\"https:\/\/www.gtronic.it\/test\/wp-content\/uploads\/2020\/03\/kit-car-1.png 413w, https:\/\/www.gtronic.it\/test\/wp-content\/uploads\/2020\/03\/kit-car-1-300x184.png 300w\" sizes=\"(max-width: 413px) 100vw, 413px\" \/><\/p>\n<p><img decoding=\"async\" loading=\"lazy\" class=\"alignnone size-full wp-image-2764\" src=\"http:\/\/www.gtronic.it\/test\/wp-content\/uploads\/2020\/03\/kit-car-2.png\" alt=\"kit car 2\" width=\"429\" height=\"678\" srcset=\"https:\/\/www.gtronic.it\/test\/wp-content\/uploads\/2020\/03\/kit-car-2.png 429w, https:\/\/www.gtronic.it\/test\/wp-content\/uploads\/2020\/03\/kit-car-2-190x300.png 190w\" sizes=\"(max-width: 429px) 100vw, 429px\" \/><\/p>\n<p><img decoding=\"async\" loading=\"lazy\" class=\"alignnone size-full wp-image-2765\" src=\"http:\/\/www.gtronic.it\/test\/wp-content\/uploads\/2020\/03\/kit-car-3.png\" alt=\"kit car 3\" width=\"657\" height=\"511\" srcset=\"https:\/\/www.gtronic.it\/test\/wp-content\/uploads\/2020\/03\/kit-car-3.png 657w, https:\/\/www.gtronic.it\/test\/wp-content\/uploads\/2020\/03\/kit-car-3-300x233.png 300w, https:\/\/www.gtronic.it\/test\/wp-content\/uploads\/2020\/03\/kit-car-3-386x300.png 386w\" sizes=\"(max-width: 657px) 100vw, 657px\" \/><\/p>\n<p>Scarica il sorgente per TIA V15-&gt; <a href=\"http:\/\/www.gtronic.it\/test\/wp-content\/uploads\/2020\/03\/effetto-supercar.zip\">Kit Car dialogue<\/a><\/p>\n<p>&nbsp;<\/p>\n<p>&nbsp;<\/p>\n<p>&nbsp;<\/p>\n","protected":false},"excerpt":{"rendered":"<p>Questo esercizio non ha nulla a che vedere con la realt\u00e0 aziendale, si tratta di una esercitazione di utilizzo delle liste di testo. Prendendo spunto dal libro di esercizi dell&#8217;ing\u00a0Gottardo Marco, ho cercato di realizzare un dialogo virtuale tra Michael &hellip; <a href=\"https:\/\/www.gtronic.it\/test\/index.php\/utilizzo-text-list-dialogo-con-kit-car-di-valitutto-giuseppantonio\/\">Continua a leggere<span class=\"meta-nav\">&rarr;<\/span><\/a><\/p>\n","protected":false},"author":1,"featured_media":0,"parent":0,"menu_order":0,"comment_status":"closed","ping_status":"closed","template":"","meta":[],"_links":{"self":[{"href":"https:\/\/www.gtronic.it\/test\/index.php\/wp-json\/wp\/v2\/pages\/2761"}],"collection":[{"href":"https:\/\/www.gtronic.it\/test\/index.php\/wp-json\/wp\/v2\/pages"}],"about":[{"href":"https:\/\/www.gtronic.it\/test\/index.php\/wp-json\/wp\/v2\/types\/page"}],"author":[{"embeddable":true,"href":"https:\/\/www.gtronic.it\/test\/index.php\/wp-json\/wp\/v2\/users\/1"}],"replies":[{"embeddable":true,"href":"https:\/\/www.gtronic.it\/test\/index.php\/wp-json\/wp\/v2\/comments?post=2761"}],"version-history":[{"count":4,"href":"https:\/\/www.gtronic.it\/test\/index.php\/wp-json\/wp\/v2\/pages\/2761\/revisions"}],"predecessor-version":[{"id":2771,"href":"https:\/\/www.gtronic.it\/test\/index.php\/wp-json\/wp\/v2\/pages\/2761\/revisions\/2771"}],"wp:attachment":[{"href":"https:\/\/www.gtronic.it\/test\/index.php\/wp-json\/wp\/v2\/media?parent=2761"}],"curies":[{"name":"wp","href":"https:\/\/api.w.org\/{rel}","templated":true}]}}