{"id":2547,"date":"2019-11-09T16:54:36","date_gmt":"2019-11-09T15:54:36","guid":{"rendered":"http:\/\/www.gtronic.it\/test\/?page_id=2547"},"modified":"2019-11-09T17:48:51","modified_gmt":"2019-11-09T16:48:51","slug":"sequencer-valvole","status":"publish","type":"page","link":"https:\/\/www.gtronic.it\/test\/index.php\/sequencer-valvole\/","title":{"rendered":"Sequencer valvole"},"content":{"rendered":"<p>Realizzare un sequencer programmabile di valvole per irrigazione. Lo schema semplificato \u00e8 mostrato nell&#8217;immagine.<\/p>\n<p><strong>Ipotesi<\/strong>: In un sistema di irrigazione sono disponibili quattro fonti di irrigazione o quattro fonti di liquidi nutrizionali.\u00a0 Il botanico fornisce una tabella di tempi e modi di irrigazione nelle cui colonne sono riportate le elettrovalvole e relativi morsetti di uscita del PLC, mentre nelle righe abbiamo la conversione da binario a decimale delle combinazioni per righe. Ad ogni riga \u00e8 abbinato un tempo di attivazione. nella prima versione dell&#8217;esercizio proposto metteremo una tabella con tempi e stati fissi. In una seconda piu evoluta versione metteremo stati e tempi selezionabili dall&#8217;utente.<\/p>\n<p><img decoding=\"async\" loading=\"lazy\" class=\"alignnone size-full wp-image-2548\" src=\"http:\/\/www.gtronic.it\/test\/wp-content\/uploads\/2019\/11\/Gruppo-Valvole.png\" alt=\"Gruppo Valvole\" width=\"950\" height=\"505\" srcset=\"https:\/\/www.gtronic.it\/test\/wp-content\/uploads\/2019\/11\/Gruppo-Valvole.png 950w, https:\/\/www.gtronic.it\/test\/wp-content\/uploads\/2019\/11\/Gruppo-Valvole-300x159.png 300w, https:\/\/www.gtronic.it\/test\/wp-content\/uploads\/2019\/11\/Gruppo-Valvole-768x408.png 768w, https:\/\/www.gtronic.it\/test\/wp-content\/uploads\/2019\/11\/Gruppo-Valvole-500x266.png 500w\" sizes=\"(max-width: 950px) 100vw, 950px\" \/><\/p>\n<p><strong>Tesi:\u00a0<\/strong>Si vuole rappresentare con la tecnica delle <strong>graphic list\u00a0<\/strong>Lo stato di tubo scarico e tubo in pressione, e per analogia valvola chiusa (grigia) e valvola aperta (verde). Potremmo optare di assegnare ai tags delle variabili integer anche se al momento sono ipotizzati solo due stati da rappresentare.<\/p>\n<p><strong>Soluzione: <\/strong>Esistono molte tecniche per la soluzione, la pi\u00f9 semplice \u00e8 quella di creare una rampa temporale, come uscita di un timer ritardato all&#8217;eccitazione TON, impostato in millisecondi. Notiamo che la somma dei tempi richiesti dalle specifiche sono 20000 pari a 20 secondi.\u00a0 Un comparatore &#8220;&gt;=&#8221; si cura di riavviare il timer quando scadono i venti secondi generando una sorta di onda a denti di sega. La rampa verr\u00e0 intercettata con molti comparatori &#8220;==&#8221; sui valori in millisecondi in cui si vuole variare la combinazione degli stati delle 4 valvole.<\/p>\n<p>Una seconda tecnica, forse anche pi\u00f9 semplice, \u00e8 di generare un segnale di clock, ad esempio dalle propriet\u00e0 della CPU, agire su\u00a0 &#8220;System and clock memory&#8221; e impostare il byte M100. Il bit M100.5 assumer\u00e0 un&#8217;oscillazione pari a 1Hz, utile al nostro scopo. I medesimi comparatori descritti per la predente\u00a0tecnica possono mandare il CTU in conteggio ciclico e intercettarlo ai valori temporali prescelti.<\/p>\n<p><strong>Un&#8217;altra versione del Generatore di sequenza 4 valvole\/5 righe<\/strong><\/p>\n<p>Nel pacchetto ZIP scaricabile \u00e8 contenuto l\u2019archivio ZAP15 del programma completo mostrato nel video esposto da Mattia Siciliano. Si tratta di un programma per la piattaforma TIA V15, Per CPU 1212C AC\/DC\/RLY con touch panle KTP400basic. Il programma contiene il sequencer svolto su 4 valvole a 4 stati (chiusa, aperta, allarme, sovra temperatura) implementato con liste grafiche. Ci dei trace multi traccia sia in modalit\u00e0 dot interpolato (linea grafica di funzione temperatura con relativo setpoint) che in modalit\u00e0 bar per evidenziare lo stato delle valvole su diagrammi corsa tempo. Ottimo esercizio didattico ma spendibile anche nella professione. Questo \u00e8 quanto si impara ai corsi di primo livello a Padova. per info ad.noctis@gmail.com<\/p>\n<p>Scarica il programma completo TIA V15 per 1212C AC\/DC\/RLY-&gt;\u00a0<a href=\"http:\/\/www.gtronic.it\/test\/wp-content\/uploads\/2016\/06\/C_Drum_EV_2.zip\">C_Drum_EV_2<\/a><\/p>\n<p>&nbsp;<\/p>\n","protected":false},"excerpt":{"rendered":"<p>Realizzare un sequencer programmabile di valvole per irrigazione. Lo schema semplificato \u00e8 mostrato nell&#8217;immagine. Ipotesi: In un sistema di irrigazione sono disponibili quattro fonti di irrigazione o quattro fonti di liquidi nutrizionali.\u00a0 Il botanico fornisce una tabella di tempi e &hellip; <a href=\"https:\/\/www.gtronic.it\/test\/index.php\/sequencer-valvole\/\">Continua a leggere<span class=\"meta-nav\">&rarr;<\/span><\/a><\/p>\n","protected":false},"author":1,"featured_media":0,"parent":0,"menu_order":0,"comment_status":"closed","ping_status":"closed","template":"","meta":[],"_links":{"self":[{"href":"https:\/\/www.gtronic.it\/test\/index.php\/wp-json\/wp\/v2\/pages\/2547"}],"collection":[{"href":"https:\/\/www.gtronic.it\/test\/index.php\/wp-json\/wp\/v2\/pages"}],"about":[{"href":"https:\/\/www.gtronic.it\/test\/index.php\/wp-json\/wp\/v2\/types\/page"}],"author":[{"embeddable":true,"href":"https:\/\/www.gtronic.it\/test\/index.php\/wp-json\/wp\/v2\/users\/1"}],"replies":[{"embeddable":true,"href":"https:\/\/www.gtronic.it\/test\/index.php\/wp-json\/wp\/v2\/comments?post=2547"}],"version-history":[{"count":8,"href":"https:\/\/www.gtronic.it\/test\/index.php\/wp-json\/wp\/v2\/pages\/2547\/revisions"}],"predecessor-version":[{"id":2557,"href":"https:\/\/www.gtronic.it\/test\/index.php\/wp-json\/wp\/v2\/pages\/2547\/revisions\/2557"}],"wp:attachment":[{"href":"https:\/\/www.gtronic.it\/test\/index.php\/wp-json\/wp\/v2\/media?parent=2547"}],"curies":[{"name":"wp","href":"https:\/\/api.w.org\/{rel}","templated":true}]}}