{"id":2487,"date":"2019-10-31T17:03:20","date_gmt":"2019-10-31T16:03:20","guid":{"rendered":"http:\/\/www.gtronic.it\/test\/?page_id=2487"},"modified":"2019-10-31T17:03:46","modified_gmt":"2019-10-31T16:03:46","slug":"time-server-emulato-in-una-rete-1200","status":"publish","type":"page","link":"https:\/\/www.gtronic.it\/test\/index.php\/time-server-emulato-in-una-rete-1200\/","title":{"rendered":"Time server emulato in una rete 1200."},"content":{"rendered":"<p>Questo programma, nella prima\u00a0 versione sviluppato durante il corso di programmazione avanzata tenuto presso la vecchia sede di Via Austria della G-Tronic robotics, il 7\/12\/2017, E nella nuova versione sviluppato il 31\/10\/2019 per TIA V15. Ora i corsi si tengono in via Andorra 22, sempre a Padova. Il programma sincronizza l&#8217;ora dei PLC della rete Profinet. L&#8217;ora corretta viene inserita dall&#8217;operatore nel KTP400 e corregge il PLC Master. Viene poi aperto un canale di comunicazione in streaming che tiene allineato il PLC slave. Bench\u00e9 in questo esercizio siano presenti solo tre elementi nella rete PN, \u00e8 possibile l&#8217;estensione al numero necessario di PLC slave.\u00a0 Bench\u00e9 qui sia proposta una velocit\u00e0 di aggiornamento massima, basata sulla scansione dei tempi di ciclo, in molte occasioni non sar\u00e0 necessario riallineare cos\u00ec di sovente ad esempio sfruttando le caratteristiche dei normali DB a tempo. L&#8217;esercizio \u00e8 anche molto utile per fissare bene le idee sull&#8217;uso dei puntatori e delle dati trasmessi con essi.<\/p>\n<p>Nel HMI, il campo di sinistra mostra il tempo presente nel PLC master. Questo campo \u00e8 di tipo input\/output cos\u00ec l&#8217;operatore ha la possibilit\u00e0 di aggiornarlo. Nel campo di destra \u00e8 mostrato l&#8217;orologio del PLC slave. In questa immagine sono riportate date e orari di default, mentre nell&#8217;esecuzione reale i valori risulteranno corretti.<\/p>\n<p><img decoding=\"async\" loading=\"lazy\" class=\"alignnone size-full wp-image-1574\" src=\"http:\/\/www.gtronic.it\/test\/wp-content\/uploads\/2016\/06\/touchscreen.png\" alt=\"touchscreen\" width=\"602\" height=\"499\" srcset=\"https:\/\/www.gtronic.it\/test\/wp-content\/uploads\/2016\/06\/touchscreen.png 602w, https:\/\/www.gtronic.it\/test\/wp-content\/uploads\/2016\/06\/touchscreen-300x249.png 300w, https:\/\/www.gtronic.it\/test\/wp-content\/uploads\/2016\/06\/touchscreen-362x300.png 362w\" sizes=\"(max-width: 602px) 100vw, 602px\" \/><\/p>\n<ul>\n<li>Scarica il programma TIA V14 -&gt;\u00a0\u00a0<a href=\"http:\/\/www.gtronic.it\/test\/wp-content\/uploads\/2016\/06\/time_server_1.zip\">time_server_1<\/a><\/li>\n<li><a href=\"http:\/\/www.gtronic.it\/test\/wp-content\/uploads\/2016\/06\/time_server_plc_master.pdf\">time_server_plc_master<\/a><\/li>\n<li><a href=\"http:\/\/www.gtronic.it\/test\/wp-content\/uploads\/2016\/06\/time_server_plc_slave.pdf\">time_server_plc_slave<\/a><\/li>\n<\/ul>\n<p><strong>Versione del Time server sviluppata in data 31\/10\/2019<\/strong><\/p>\n<p>L&#8217;esercizio \u00e8 stato migliorato a fine Ottobre 2019, sviluppato con la versione TIA Potal V15 e la CPU 1214c DC\/DC\/DC AG40 come master mentre una 1212C AC\/DC\/RLY con firmware AG31 che riceve il settaggio della DTL.<\/p>\n<p><img decoding=\"async\" loading=\"lazy\" class=\"alignnone size-full wp-image-2484\" src=\"http:\/\/www.gtronic.it\/test\/wp-content\/uploads\/2016\/06\/Time-server-and-sincronization.png\" alt=\"Time server and sincronization\" width=\"898\" height=\"664\" srcset=\"https:\/\/www.gtronic.it\/test\/wp-content\/uploads\/2016\/06\/Time-server-and-sincronization.png 898w, https:\/\/www.gtronic.it\/test\/wp-content\/uploads\/2016\/06\/Time-server-and-sincronization-300x222.png 300w, https:\/\/www.gtronic.it\/test\/wp-content\/uploads\/2016\/06\/Time-server-and-sincronization-768x568.png 768w, https:\/\/www.gtronic.it\/test\/wp-content\/uploads\/2016\/06\/Time-server-and-sincronization-406x300.png 406w\" sizes=\"(max-width: 898px) 100vw, 898px\" \/><\/p>\n<p>Scarica il progetto ZAP15 -&gt;<a href=\"http:\/\/www.gtronic.it\/test\/wp-content\/uploads\/2016\/06\/Set-data-time-and-transmit-to-CPUs_1.zip\">Set data time and transmit to CPUs_1<\/a><\/p>\n<p>L&#8217;esercizio, e tutti gli argomenti correlati, \u00e8 spiegato anche nel libro di testo<\/p>\n<h2>Let\u2019s Program a PLC!!! Esercizi di programmazione in TIA Portal V15 S7-1200\/1500 e PLC modelli S7300-400 WinCC flexible per HMI edizione 2018<\/h2>\n<p>Disponibile per l&#8217;acquisto al link:\u00a0 <a href=\"http:\/\/www.lulu.com\/shop\/marco-gottardo\/lets-program-a-plc-esercizi-di-programmazione-in-tia-portal-v15-s7-12001500-e-plc-modelli-s7300-400-wincc-flexible-per-hmi-edizione-2018\/paperback\/product-23623014.html\">Esercizi di PLC edizione 2018 Marco Gottardo<\/a><\/p>\n<p>Con ISBN:\u00a09780244984526<\/p>\n<p>E&#8217; possibile comprarlo anche con Amazon Prime, ma in questo caso accertarsi che la copertina sia a tema verde e non arancione (i libri hanno diversa impaginazione).<\/p>\n<p><img decoding=\"async\" loading=\"lazy\" class=\"alignnone size-full wp-image-2425\" src=\"http:\/\/www.gtronic.it\/test\/wp-content\/uploads\/2019\/10\/esercizi-PLC-2018.png\" alt=\"esercizi PLC 2018\" width=\"835\" height=\"631\" srcset=\"https:\/\/www.gtronic.it\/test\/wp-content\/uploads\/2019\/10\/esercizi-PLC-2018.png 835w, https:\/\/www.gtronic.it\/test\/wp-content\/uploads\/2019\/10\/esercizi-PLC-2018-300x227.png 300w, https:\/\/www.gtronic.it\/test\/wp-content\/uploads\/2019\/10\/esercizi-PLC-2018-768x580.png 768w, https:\/\/www.gtronic.it\/test\/wp-content\/uploads\/2019\/10\/esercizi-PLC-2018-397x300.png 397w\" sizes=\"(max-width: 835px) 100vw, 835px\" \/><\/p>\n<p><strong>La versione su Amazon Prime ho questa copertina.<\/strong><\/p>\n<p><img decoding=\"async\" loading=\"lazy\" class=\"alignnone size-full wp-image-2095\" src=\"http:\/\/www.gtronic.it\/test\/wp-content\/uploads\/2018\/10\/Esercizi-di-PLC-Marco-Gottardo-2018.jpg\" alt=\"Esercizi di PLC Marco Gottardo 2018\" width=\"387\" height=\"499\" srcset=\"https:\/\/www.gtronic.it\/test\/wp-content\/uploads\/2018\/10\/Esercizi-di-PLC-Marco-Gottardo-2018.jpg 387w, https:\/\/www.gtronic.it\/test\/wp-content\/uploads\/2018\/10\/Esercizi-di-PLC-Marco-Gottardo-2018-233x300.jpg 233w\" sizes=\"(max-width: 387px) 100vw, 387px\" \/><\/p>\n<p>I corsi a Padova sono aperti tutto l&#8217;anno, fruibili da tutta Italia, si organizza il convitto per chi f\u00e0 il full immersion 5 giornate. Se la distanza la consente \u00e8 disponibile la versione 6 giornate sabato\/domenica nei week end (solo 3 viaggi a padova con convitto). Info al numero 3356204892\u00a0 ad.noctis@gmail.com\u00a0 \u00a0Ilmiglior rapporto qualit\u00e0 prezzo in Italia e all&#8217;estero.<\/p>\n","protected":false},"excerpt":{"rendered":"<p>Questo programma, nella prima\u00a0 versione sviluppato durante il corso di programmazione avanzata tenuto presso la vecchia sede di Via Austria della G-Tronic robotics, il 7\/12\/2017, E nella nuova versione sviluppato il 31\/10\/2019 per TIA V15. Ora i corsi si tengono &hellip; <a href=\"https:\/\/www.gtronic.it\/test\/index.php\/time-server-emulato-in-una-rete-1200\/\">Continua a leggere<span class=\"meta-nav\">&rarr;<\/span><\/a><\/p>\n","protected":false},"author":1,"featured_media":0,"parent":0,"menu_order":0,"comment_status":"closed","ping_status":"closed","template":"","meta":[],"_links":{"self":[{"href":"https:\/\/www.gtronic.it\/test\/index.php\/wp-json\/wp\/v2\/pages\/2487"}],"collection":[{"href":"https:\/\/www.gtronic.it\/test\/index.php\/wp-json\/wp\/v2\/pages"}],"about":[{"href":"https:\/\/www.gtronic.it\/test\/index.php\/wp-json\/wp\/v2\/types\/page"}],"author":[{"embeddable":true,"href":"https:\/\/www.gtronic.it\/test\/index.php\/wp-json\/wp\/v2\/users\/1"}],"replies":[{"embeddable":true,"href":"https:\/\/www.gtronic.it\/test\/index.php\/wp-json\/wp\/v2\/comments?post=2487"}],"version-history":[{"count":1,"href":"https:\/\/www.gtronic.it\/test\/index.php\/wp-json\/wp\/v2\/pages\/2487\/revisions"}],"predecessor-version":[{"id":2488,"href":"https:\/\/www.gtronic.it\/test\/index.php\/wp-json\/wp\/v2\/pages\/2487\/revisions\/2488"}],"wp:attachment":[{"href":"https:\/\/www.gtronic.it\/test\/index.php\/wp-json\/wp\/v2\/media?parent=2487"}],"curies":[{"name":"wp","href":"https:\/\/api.w.org\/{rel}","templated":true}]}}