{"id":2305,"date":"2019-08-30T16:51:06","date_gmt":"2019-08-30T14:51:06","guid":{"rendered":"http:\/\/www.gtronic.it\/test\/?page_id=2305"},"modified":"2019-08-30T17:14:27","modified_gmt":"2019-08-30T15:14:27","slug":"g-tronic-magazine","status":"publish","type":"page","link":"https:\/\/www.gtronic.it\/test\/index.php\/g-tronic-magazine\/","title":{"rendered":"G-Tronic magazine"},"content":{"rendered":"<p>La rivista G-Tronic Robotics \u00e8 un periodico, nato in via sperimentale in Agosto 2019, con distribuzione in formato cartaceo. La prima uscita, in tiratura limitata, viene consegnata gratuitamente a un pubblico mirato, scuole, aziende, imprenditori, allievi della scuola G-Tronic, e chi ne ha fatto richiesta e sia stato selezionato.<\/p>\n<p>Gli inserzionisti possono presentare i loro progetti amatoriali da cui sar\u00e0 possibile anche ricavare dei KIT di montaggio.\u00a0 Inizialmente, per non gravare sui costi che dobbiamo sostenere potranno essere forniti i soli circuiti stampati.<\/p>\n<p>Per proporre un proprio articolo\/progetto\/kit, scarica il template in formato Publisher di Office 2010, riempi gli spazi alla pagina\/pagine accordate.\u00a0 Invia alla redazione all&#8217;attenzione del direttore editoriale ing. Marco Gottardo\u00a0 ad.noctis@gmail.com<\/p>\n<p>Template impaginazione per inserzionisti -&gt;\u00a0<a href=\"http:\/\/www.gtronic.it\/test\/wp-content\/uploads\/2019\/08\/G-Tronic-1-2019.zip\">G-Tronic 1-2019<\/a><\/p>\n<p>Il tuo articolo verr\u00e0 valutato e sarai avvisato tramite mail se \u00e8 pubblicabile e in quale numero apparir\u00e0.<\/p>\n<p>Numero 1:\u00a0 Ottobre 2019 -&gt;<\/p>\n","protected":false},"excerpt":{"rendered":"<p>La rivista G-Tronic Robotics \u00e8 un periodico, nato in via sperimentale in Agosto 2019, con distribuzione in formato cartaceo. La prima uscita, in tiratura limitata, viene consegnata gratuitamente a un pubblico mirato, scuole, aziende, imprenditori, allievi della scuola G-Tronic, e &hellip; <a href=\"https:\/\/www.gtronic.it\/test\/index.php\/g-tronic-magazine\/\">Continua a leggere<span class=\"meta-nav\">&rarr;<\/span><\/a><\/p>\n","protected":false},"author":1,"featured_media":0,"parent":0,"menu_order":0,"comment_status":"closed","ping_status":"closed","template":"","meta":[],"_links":{"self":[{"href":"https:\/\/www.gtronic.it\/test\/index.php\/wp-json\/wp\/v2\/pages\/2305"}],"collection":[{"href":"https:\/\/www.gtronic.it\/test\/index.php\/wp-json\/wp\/v2\/pages"}],"about":[{"href":"https:\/\/www.gtronic.it\/test\/index.php\/wp-json\/wp\/v2\/types\/page"}],"author":[{"embeddable":true,"href":"https:\/\/www.gtronic.it\/test\/index.php\/wp-json\/wp\/v2\/users\/1"}],"replies":[{"embeddable":true,"href":"https:\/\/www.gtronic.it\/test\/index.php\/wp-json\/wp\/v2\/comments?post=2305"}],"version-history":[{"count":6,"href":"https:\/\/www.gtronic.it\/test\/index.php\/wp-json\/wp\/v2\/pages\/2305\/revisions"}],"predecessor-version":[{"id":2312,"href":"https:\/\/www.gtronic.it\/test\/index.php\/wp-json\/wp\/v2\/pages\/2305\/revisions\/2312"}],"wp:attachment":[{"href":"https:\/\/www.gtronic.it\/test\/index.php\/wp-json\/wp\/v2\/media?parent=2305"}],"curies":[{"name":"wp","href":"https:\/\/api.w.org\/{rel}","templated":true}]}}