{"id":160,"date":"2016-06-13T14:54:36","date_gmt":"2016-06-13T12:54:36","guid":{"rendered":"http:\/\/www.gtronic.it\/test\/?page_id=160"},"modified":"2022-02-02T01:14:34","modified_gmt":"2022-02-02T00:14:34","slug":"informatica-e-computer","status":"publish","type":"page","link":"https:\/\/www.gtronic.it\/test\/index.php\/informatica-e-computer\/","title":{"rendered":"Informatica e Computer"},"content":{"rendered":"<h1 id=\"title\" class=\"a-spacing-none a-text-normal\"><span id=\"productTitle\" class=\"a-size-extra-large\">SIIC Basi di informatica a ciclo unico: first edition 2021\u00a0<\/span><span id=\"productSubtitle\" class=\"a-size-large a-color-secondary\">(Italiano)\u00a0<\/span><\/h1>\n<div class=\"actual-price-display\"><span class=\"price-label\"><img decoding=\"async\" loading=\"lazy\" class=\"alignleft\" src=\"https:\/\/images-na.ssl-images-amazon.com\/images\/I\/41g4gnt+hXL._SX331_BO1,204,203,200_.jpg\" width=\"230\" height=\"337\" \/>Prezzo<\/span> <span class=\"actual-price\"> \u20ac 26\u00a0<span class=\"price-label\">(IVA inclusa)<\/span> <\/span><\/div>\n<div class=\"actual-price-display\"><a href=\"https:\/\/www.amazon.it\/dp\/B08N8MPBFG\">vai al sito di vendita<\/a><\/div>\n<div class=\"shipping-info\">\n<div>Stampa in 3-5 giorni feriali<\/div>\n<\/div>\n<div class=\"description\">Questo libro di informatica si integra in un contesto multidisciplinare presentando la materia con complessit\u00e0 progressiva, in relazione con il livello di istruzione che lo studente ha raggiunto.I primi fondamenti riguardano lo studio dell\u2019hardware con uno sguardo ai sistemi operativi. Questa fase \u00e8 adatta agli studenti delle scuole medie, questi se spinti da una naturale curiosit\u00e0 si spingeranno nei capitoli successivi apprendendo i basilari strumenti della programmazione. Il linguaggio principale \u00e8 il C++, ma molti esempi sono stati introdotti in Python e in C per emebedded con applicazioni ai sistemi a microprocessore. Tutti gli argomenti trattati sono presentati in modo da collegarsi agli studi di matematica e fisica che gli studenti parallelamente seguono durante gli anni scolastici tra le medie e il liceo. L\u2019obiettivo principale che la Scuola si prefigge \u00e8 il raggiungimento della completa padronanza delle lingue italiana, cinese e inglese, e dal liceo \u00e8 impartita anche la lingua spagnola a tutti gli studenti. A questo si aggiunge una propensione per un pensiero aperto ed elastico, per l\u2019apprendimento dei valori e un portamento elegante, per la laboriosit\u00e0, l\u2019amore verso lo studio, l\u2019educazione, il rispetto tra alunni e insegnanti e una giusta collaborazione tra le parti al fine di ottenere impeccabili profitti. La Scuola, inoltre, predilige la creazione di un ambiente multiculturale e multietnico, in cui ogni singolo studente \u00e8 parte integrante del gruppo, senza esclusioni e, per tale ragione, gli studenti sono seguiti uno ad uno, gradualmente, cercando di valorizzare ognuno di loro per stimolarli sempre pi\u00f9 nell\u2019apprendimento. Per informazioni e iscrizioni: 049 0983405 info@siic.it<\/div>\n<div class=\"description\"><a href=\"http:\/\/www.gtronic.it\/test\/wp-content\/uploads\/2016\/06\/swap-diametro-della-terra.pdf\">swap diametro della terra<\/a><\/div>\n<div class=\"description\"><a href=\"http:\/\/www.gtronic.it\/test\/wp-content\/uploads\/2016\/06\/swap-allunaggio-modulo-LEM.pdf\">swap allunaggio modulo LEM<\/a><\/div>\n<div class=\"description\"><a href=\"http:\/\/www.gtronic.it\/test\/wp-content\/uploads\/2016\/06\/swap-calcolo-dei-lingotti-di-oro.pdf\">swap calcolo dei lingotti di oro<\/a><\/div>\n<div class=\"description\"><a href=\"http:\/\/www.gtronic.it\/test\/wp-content\/uploads\/2016\/06\/Swap-Lenergia-del-futuro-fusione-nucleare.pdf\">Swap L&#8217;energia del futuro &#8211; fusione nucleare<\/a><\/div>\n<div class=\"description\"><\/div>\n<div class=\"description\">\n<hr \/>\n<p><strong>Amministratore, installatore, manutentore delle reti L.A.N.<\/strong><\/p>\n<div class=\"actual-price-display\"><span class=\"price-label\"><img decoding=\"async\" loading=\"lazy\" class=\"alignnone size-medium wp-image-327 alignleft\" src=\"http:\/\/www.gtronic.it\/test\/wp-content\/uploads\/2016\/06\/amministratore-Reti-lan-210x300.jpg\" alt=\"amministratore Reti lan\" width=\"210\" height=\"300\" srcset=\"https:\/\/www.gtronic.it\/test\/wp-content\/uploads\/2016\/06\/amministratore-Reti-lan-210x300.jpg 210w, https:\/\/www.gtronic.it\/test\/wp-content\/uploads\/2016\/06\/amministratore-Reti-lan.jpg 224w\" sizes=\"(max-width: 210px) 100vw, 210px\" \/>Prezzo<\/span>\u00a0<span class=\"actual-price\">\u20ac 40,68\u00a0<span class=\"price-label\">(IVA esclusa)<\/span><\/span><\/div>\n<div class=\"actual-price-display\"><a href=\"http:\/\/www.lulu.com\/shop\/marco-gottardo\/amministratore-installatore-manutentore-delle-reti-lan\/paperback\/product-20924797.html\">vai al sito di vendita<\/a><\/div>\n<div class=\"shipping-info\">\n<div>Stampa in 3-5 giorni feriali<\/div>\n<\/div>\n<div class=\"description\"><span class=\"expandable-text\">Ottimo supporto per quei tecnici che dovranno ricoprire il ruolo di amministratore dei server e dei sistemi. La teoria non \u00e8 trascurata, come anche la terminologia tecnica si vedano i capitoli che riguardano il TCP\/IP e il glossario di fine libro. Il libro \u00e8 incentrato sulla versione Windows Server 2012, ma non trascura anche le versioni precedenti, Windows server 2003 e Windows server 2008, e dei client Windows 8. Ben sviluppato \u00e8 il capitolo su Active Directory. Approfondita esposizione del sistema RAID, teorica e pratica. Altri argomenti trattati sono i firewall proxy IPCop, i sistemi di recovery e backup pi\u00f9 usati Acronis e Norton Ghost, oltre agli strumenti software di Windows Server 2012. L\u2019impostazione dei vari device hardware per il networking, sia WiFi che cablati, router cisco, proxy\/firewall digicom firegate, hub switch,telecamere IP di sorveglianza, cablaggi per l\u2019infrastruttura e tutto quanto serve per diventare un provetto\u00a0<span class=\"more-text\">amministratore della rete aziendale.<\/span><\/span><\/div>\n<\/div>\n<div class=\"description\">\n<hr \/>\n<div class=\"actual-price-display\"><strong>Centro culturale ZIP corso assemblatore di PC.<\/strong><\/div>\n<div class=\"actual-price-display\"><span class=\"price-label\"><img decoding=\"async\" loading=\"lazy\" class=\"alignnone size-medium wp-image-329 alignleft\" src=\"http:\/\/www.gtronic.it\/test\/wp-content\/uploads\/2016\/06\/Centro-culturale-ZIP-corso-assemblatore-di-PC--192x300.jpg\" alt=\"Centro culturale ZIP corso assemblatore di PC\" width=\"192\" height=\"300\" srcset=\"https:\/\/www.gtronic.it\/test\/wp-content\/uploads\/2016\/06\/Centro-culturale-ZIP-corso-assemblatore-di-PC--192x300.jpg 192w, https:\/\/www.gtronic.it\/test\/wp-content\/uploads\/2016\/06\/Centro-culturale-ZIP-corso-assemblatore-di-PC-.jpg 205w\" sizes=\"(max-width: 192px) 100vw, 192px\" \/>Prezzo<\/span> <span class=\"actual-price\"> \u20ac 24,75 <span class=\"price-label\">(IVA esclusa)<\/span> <\/span><\/div>\n<div class=\"actual-price-display\"><a href=\"http:\/\/www.lulu.com\/shop\/marco-gottardo\/centro-culturale-zip-corso-assemblatore-di-pc\/paperback\/product-20488652.html\">vai al sito di vendita<\/a><\/div>\n<div class=\"shipping-info\">\n<div>Stampa in 3-5 giorni feriali<\/div>\n<\/div>\n<div class=\"description\">Testo che introduce alla moderna professione del tecnico impiegato nei negozi di computer, o installatore e manutentore d\u2019impianti multimediali. In primo piano \u00e8 messo l\u2019hardware del PC con sconfinamento nei sistemi operativi, di cui si fa anche un\u2019esaustiva cronistoria. Il lettore imparer\u00e0 a risolvere i pi\u00f9 problemi pi\u00f9 comuni, quali la configurazione di una rete locale, l\u2019accesso a internet e la configurazione della posta elettronica. Di grande importanza i capitoli dedicati alle impostazioni del WiFi e delle periferiche pi\u00f9 comuni, ed esempio al stampante, il fax lo scanner ecc. Oggi, i corsi in cui viene impiegato il testo si svolgono presso la sede della G-Tronic Robotics\u00a0 didactis division, sita in Via Austria 19b, va comunque ricordato che le prime edizioni si sono svolte presso il centro culturale ZIP, sito nel cuore della zona industriale di Padova Questo nasceva nella primavera del 1967 in concomitanza con la nascente zona industriale. L&#8217;iniziativa fu una collaborazione tra tre importanti enti che operavano allora, Il comune di Padova, La provincia di Padova, e la camera di commercio.<\/div>\n<div class=\"description\">\n<hr \/>\n<p><strong>ECI elettronica. Concetti di base e applicazioni fondamentali per la formazione interna.<\/strong><\/p>\n<\/div>\n<div class=\"description\"><img decoding=\"async\" loading=\"lazy\" class=\"alignnone size-medium wp-image-331 alignleft\" src=\"http:\/\/www.gtronic.it\/test\/wp-content\/uploads\/2016\/06\/ECI-elettronica.-Concetti-di-base-e-applicazioni-fondamentali-per-la-formazione-interna-210x300.jpg\" alt=\"ECI elettronica. Concetti di base e applicazioni fondamentali per la formazione interna\" width=\"210\" height=\"300\" srcset=\"https:\/\/www.gtronic.it\/test\/wp-content\/uploads\/2016\/06\/ECI-elettronica.-Concetti-di-base-e-applicazioni-fondamentali-per-la-formazione-interna-210x300.jpg 210w, https:\/\/www.gtronic.it\/test\/wp-content\/uploads\/2016\/06\/ECI-elettronica.-Concetti-di-base-e-applicazioni-fondamentali-per-la-formazione-interna.jpg 224w\" sizes=\"(max-width: 210px) 100vw, 210px\" \/><span class=\"price-label\">Prezzo<\/span> <span class=\"actual-price\"> \u20ac 24,50 <span class=\"price-label\">(IVA esclusa)<\/span> <\/span><\/div>\n<div class=\"description\">\n<div class=\"savings\"><a href=\"http:\/\/www.lulu.com\/shop\/marco-gottardo\/eci-elettronica-concetti-di-base-e-applicazioni-fondamentali-per-la-formazione-interna\/paperback\/product-20701656.html\"><span class=\"percent-savings\"><u><span style=\"color: #0066cc;\">vai al sito di vendita<\/span><\/u><\/span><\/a><\/div>\n<div class=\"shipping-info\">\n<div>Stampa in 3-5 giorni feriali<\/div>\n<div><\/div>\n<div>Il testo \u00e8 la guida per l\u2019azione formativa per un progetto di formazione interna dei tecnici installatori e manutentori della ECI elettronica, azienda leader che fornisce ed istalla impianti per la sicurezza sia di media che di grande portata. Di particolare rilevanza l\u2019istallazione e la configurazione delle telecamere IP Axis, leader mondiale per gli impianti di sicurezza. Fondamentali e ben sviluppati sono gli argomenti classici di studio delle infrastrutture di rete LAN, lo studi dei protocolli con particolare riferimento al TCP\/IP e altri. Questo libro \u00e8 senz&#8217;altro quanto pi\u00f9 applicativo reperibile nel mercato per le reti di sicurezza e il telecontrollo ma \u00e8 una guida fondamentale anche semplicemente per chi si accinge a diventare amministratore di una rete LAN. Non mancano infatti lo studio dei sistemi operativi versione server con una introduzione anche a Windows 2012.<\/div>\n<div>\n<hr \/>\n<div class=\"actual-price-display\"><strong>Officinacultura Informatica di base.<\/strong><\/div>\n<div class=\"actual-price-display\"><span class=\"price-label\"><img decoding=\"async\" loading=\"lazy\" class=\"alignnone size-medium wp-image-334 alignleft\" src=\"http:\/\/www.gtronic.it\/test\/wp-content\/uploads\/2016\/06\/Officinacultura-Informatica-di-base-210x300.jpg\" alt=\"Officinacultura Informatica di base\" width=\"210\" height=\"300\" srcset=\"https:\/\/www.gtronic.it\/test\/wp-content\/uploads\/2016\/06\/Officinacultura-Informatica-di-base-210x300.jpg 210w, https:\/\/www.gtronic.it\/test\/wp-content\/uploads\/2016\/06\/Officinacultura-Informatica-di-base.jpg 224w\" sizes=\"(max-width: 210px) 100vw, 210px\" \/>Prezzo<\/span> <span class=\"actual-price\"> \u20ac 27,75 <span class=\"price-label\">(IVA esclusa)<\/span> <\/span><\/div>\n<div class=\"savings\"><a href=\"http:\/\/www.lulu.com\/shop\/marco-gottardo\/officinacultura-informatica-di-base\/paperback\/product-20586663.html\"><span class=\"price-label\">Vai al sito di vendita<\/span><\/a><\/div>\n<div class=\"shipping-info\">\n<div>Stampa in 3-5 giorni feriali<\/div>\n<\/div>\n<div class=\"description\"><span class=\"expandable-text\"> L\u2019associazione culturale senza scopo di lucro \u201cOfficinacultura\u201d nasce nel 1994 da un gruppo di volontari ed \u00e8 impegnata nella promozione della cultura in tutte le sue forme ed espressioni. Inizialmente l&#8217;associazione si \u00e8 occupata dell&#8217;organizzazione di corsi rivolti alla popolazione allargando negli anni la variet\u00e0 di materie fino alla formazione delle attuali aree tematiche che coprono materie linguistiche, tecnico-scientifiche, enogastronomiche, psicologia e benessere della persona, arti espressive. Le novit\u00e0 introdotte quest&#8217;anno riguardano il nuovo corso di pittura che permetter\u00e0 di conoscere e perfezionare la propria tecnica, il corso di teatro in differenti formule destinato ad adulti e ragazzi, i nuovi corsi di lingue, i nuovi corsi di cucina e degustazione vini, i corsi dedicati all\u2019area psicologico-affettiva e del benessere, e molti altri. L&#8217;associazione oggi comprende anche un gruppo artistico composto da artisti <span class=\"more-text\">professionisti e principianti, impegnato nella promozione di attivit\u00e0 ed eventi.<\/span><\/span><\/div>\n<div class=\"description\">\n<hr \/>\n<div class=\"actual-price-display\"><strong>Introduzione al C++<\/strong><\/div>\n<div class=\"actual-price-display\"><img decoding=\"async\" loading=\"lazy\" class=\"alignnone size-medium wp-image-336 alignleft\" src=\"http:\/\/www.gtronic.it\/test\/wp-content\/uploads\/2016\/06\/Introduzione-al-C--211x300.jpg\" alt=\"Introduzione al C++\" width=\"211\" height=\"300\" srcset=\"https:\/\/www.gtronic.it\/test\/wp-content\/uploads\/2016\/06\/Introduzione-al-C--211x300.jpg 211w, https:\/\/www.gtronic.it\/test\/wp-content\/uploads\/2016\/06\/Introduzione-al-C-.jpg 225w\" sizes=\"(max-width: 211px) 100vw, 211px\" \/><span class=\"price-label\">Prezzo<\/span> <span class=\"actual-price\"> \u20ac 8,00 <span class=\"price-label\">(IVA esclusa)<\/span> <\/span><\/div>\n<div class=\"savings\"><a href=\"http:\/\/www.lulu.com\/shop\/marco-gottardo\/introduzione-al-c\/paperback\/product-21530131.html\"><span class=\"price-label\">vai al sito di vendita<\/span><\/a><\/div>\n<div class=\"shipping-info\">\n<div>Stampa in 3-5 giorni feriali<\/div>\n<\/div>\n<div class=\"description\">Questa pubblicazione \u00e8 pensata per una rapida introduzione ai concetti di base della programmazione in C++. Fin dalle prime pagine sono esposti i concetti che riguardano la programmazione ad oggetti usando il costrutto class. Molto importanti e ben esposti sono i concetti di overloading dei nomi di funzione, dell&#8217;information hiding e del polimorfismo. Alcuni esempi di programmazione strutturata classica non possono mancare, come l&#8217;implementazione degli algoritmi di ordinamento e di manipolazione delle stringhe di caratteri e gestione dei file su memoria di massa. Verso la parte finale troverete dei chiari esempi di allocazione dinamica della memoria usando le strutture a lista concatenata e di albero binario di ricerca.<\/div>\n<div class=\"description\">\n<hr \/>\n<p><strong>Ottimizzazione dei tempi di ricerca in alberi bilanciati.<\/strong><\/p>\n<\/div>\n<div class=\"description\">\n<div class=\"actual-price-display\"><span class=\"price-label\"><img decoding=\"async\" loading=\"lazy\" class=\"alignnone size-medium wp-image-339 alignleft\" src=\"http:\/\/www.gtronic.it\/test\/wp-content\/uploads\/2016\/06\/ottimizzazione-dei-tempi-di-ricerca-in-alberi-bilanciati-211x300.jpg\" alt=\"ottimizzazione dei tempi di ricerca in alberi bilanciati\" width=\"211\" height=\"300\" srcset=\"https:\/\/www.gtronic.it\/test\/wp-content\/uploads\/2016\/06\/ottimizzazione-dei-tempi-di-ricerca-in-alberi-bilanciati-211x300.jpg 211w, https:\/\/www.gtronic.it\/test\/wp-content\/uploads\/2016\/06\/ottimizzazione-dei-tempi-di-ricerca-in-alberi-bilanciati.jpg 225w\" sizes=\"(max-width: 211px) 100vw, 211px\" \/>Prezzo<\/span> <span class=\"actual-price\"> \u20ac 20,00 <span class=\"price-label\">(IVA esclusa)<\/span> <\/span><\/div>\n<div class=\"savings\"><a href=\"http:\/\/www.lulu.com\/shop\/marco-gottardo\/ottimizzazione-dei-tempi-di-ricerca-in-alberi-bilanciati\/paperback\/product-20610775.html\"><span class=\"percent-savings\">vai al sito di vendita<\/span><\/a><\/div>\n<div class=\"shipping-info\">\n<div>Stampa in 3-5 giorni feriali<\/div>\n<\/div>\n<div class=\"description\">Nella presente Tesi si espone una potente tecnica di accesso ai dati residenti in memoria volatile. Lo scopo \u00e8 quello di estrarre da una quantit\u00e0 a priori non delimitata di dati (Set dinamico) delle informazioni in un tempo garantito logaritmico. L\u2019algoritmo \u00e8 un\u2019implementazione della struttura dati Red-Black Tree, ovvero una variante potenziata in ricerca degli elementi inseriti un albero binario. Questa struttura risulta, infatti, come vedremo nella tesi, autobilanciante, e nel caso peggiore le foglie saranno sbilanciate di al massimo un livello. La Tesi \u00e8 di tipo sperimentale, ovvero contestualmente alla produzione dell&#8217;elaborato cartaceo \u00e8 stato prodotto un effettivo programma sorgente che implementa le principali routine di accesso alla struttura. Il programma ippodrom \u00e8 stato scritto in linguaggio C++ perch\u00e9 ben si presta per la soluzione di problemi di questo tipo.<\/div>\n<div class=\"description\">\n<hr \/>\n<p><strong>Let&#8217;s Hack !!! Note sui virus trojan e worms IMPLEMENTAZIONE DI PROGRAMMI \u201cTSR\u201d E CONSIDERAZIONE SUL LORO UTILIZZO ILLEGALE A SCOPO DI SPIONAGGIO INDUSTRIALE.<\/strong><\/p>\n<\/div>\n<div class=\"description\">Attenzione: Adatto\u00a0solo per programmatori esperti. (contiene i codici sorgenti per realizzare un virus in Visual C++)<\/div>\n<div class=\"description\">\n<div class=\"actual-price-display\"><span class=\"price-label\"><img decoding=\"async\" loading=\"lazy\" class=\"alignnone size-medium wp-image-341 alignleft\" src=\"http:\/\/www.gtronic.it\/test\/wp-content\/uploads\/2016\/06\/lets-hack-di-marco-gottardo-210x300.jpg\" alt=\"lets hack di marco gottardo\" width=\"210\" height=\"300\" srcset=\"https:\/\/www.gtronic.it\/test\/wp-content\/uploads\/2016\/06\/lets-hack-di-marco-gottardo-210x300.jpg 210w, https:\/\/www.gtronic.it\/test\/wp-content\/uploads\/2016\/06\/lets-hack-di-marco-gottardo.jpg 224w\" sizes=\"(max-width: 210px) 100vw, 210px\" \/>Prezzo<\/span> <span class=\"actual-price\"> \u20ac 60,00 <span class=\"price-label\">(IVA esclusa)<\/span> <\/span><\/div>\n<div class=\"actual-price-display\"><a href=\"http:\/\/www.lulu.com\/shop\/marco-gottardo\/lets-hack-note-sui-virus-trojan-e-worms-implementazione-di-programmi-tsr-e-considerazione-sul-loro-utilizzo-illegale-a-scopo-di-spionaggio-industriale\/paperback\/product-21010479.html\">Vai al sito di vendita<\/a><\/div>\n<div class=\"shipping-info\">\n<div>Stampa in 3-5 giorni feriali<\/div>\n<\/div>\n<div class=\"description\">Let\u2019s Hack !!! Ci proietta nell\u2019affascinante mondo dello spionaggio informatico industriale. La teoria e la programmazione di un virus di generazione Trojan horse \u00e8 il cuore di questa pubblicazione dell\u2019ing. Marco Gottardo, basata su un lavoro accademico realizzato in territorio svizzero. I sorgenti sono stati sviluppati in Visual C++ e sono facilmente convertibili in C# contenuto nella nuova piattaforma .NET di Visual Studio 2012. Importanti sono le considerazioni sull\u2019uso illegale dei programmi TSR per scopo di spionaggio industriale, quindi l\u2019ultimo capitolo, delegato a studenti di magistero che si stanno specializzando in frodi informatiche sia nel territorio italiano che estero. Il programma ha i sorgenti depositati in territorio svizzero e il loro diretto utilizzo non \u00e8 consentito in territorio italiano.<\/div>\n<\/div>\n<\/div>\n<\/div>\n<\/div>\n<\/div>\n<\/div>\n<\/div>\n<div class=\"description\">\n<hr \/>\n<\/div>\n","protected":false},"excerpt":{"rendered":"<p>SIIC Basi di informatica a ciclo unico: first edition 2021\u00a0(Italiano)\u00a0 Prezzo \u20ac 26\u00a0(IVA inclusa) vai al sito di vendita Stampa in 3-5 giorni feriali Questo libro di informatica si integra in un contesto multidisciplinare presentando la materia con complessit\u00e0 progressiva, &hellip; <a href=\"https:\/\/www.gtronic.it\/test\/index.php\/informatica-e-computer\/\">Continua a leggere<span class=\"meta-nav\">&rarr;<\/span><\/a><\/p>\n","protected":false},"author":1,"featured_media":0,"parent":0,"menu_order":0,"comment_status":"closed","ping_status":"closed","template":"","meta":[],"_links":{"self":[{"href":"https:\/\/www.gtronic.it\/test\/index.php\/wp-json\/wp\/v2\/pages\/160"}],"collection":[{"href":"https:\/\/www.gtronic.it\/test\/index.php\/wp-json\/wp\/v2\/pages"}],"about":[{"href":"https:\/\/www.gtronic.it\/test\/index.php\/wp-json\/wp\/v2\/types\/page"}],"author":[{"embeddable":true,"href":"https:\/\/www.gtronic.it\/test\/index.php\/wp-json\/wp\/v2\/users\/1"}],"replies":[{"embeddable":true,"href":"https:\/\/www.gtronic.it\/test\/index.php\/wp-json\/wp\/v2\/comments?post=160"}],"version-history":[{"count":13,"href":"https:\/\/www.gtronic.it\/test\/index.php\/wp-json\/wp\/v2\/pages\/160\/revisions"}],"predecessor-version":[{"id":3756,"href":"https:\/\/www.gtronic.it\/test\/index.php\/wp-json\/wp\/v2\/pages\/160\/revisions\/3756"}],"wp:attachment":[{"href":"https:\/\/www.gtronic.it\/test\/index.php\/wp-json\/wp\/v2\/media?parent=160"}],"curies":[{"name":"wp","href":"https:\/\/api.w.org\/{rel}","templated":true}]}}