{"id":1347,"date":"2017-08-22T00:53:42","date_gmt":"2017-08-21T22:53:42","guid":{"rendered":"http:\/\/www.gtronic.it\/test\/?page_id=1347"},"modified":"2020-11-21T22:35:35","modified_gmt":"2020-11-21T21:35:35","slug":"robotica","status":"publish","type":"page","link":"https:\/\/www.gtronic.it\/test\/index.php\/robotica\/","title":{"rendered":"Robotica"},"content":{"rendered":"<div id=\"page\" class=\"hfeed\">\n<div id=\"main\">\n<div id=\"primary\">\n<div id=\"content\">\n<article id=\"post-12\" class=\"post-12 page type-page status-publish hentry\">\n<div class=\"entry-content\">\n<h2 style=\"text-align: left;\">Robot industriali, edizione 2021<\/h2>\n<h2 style=\"text-align: left;\"><strong style=\"color: #333333;\">ISBN:<span class=\"a-text-bold\">\u00a0<\/span><\/strong>979-8559076799<\/h2>\n<div id=\"main\">\n<div class=\"innerContainer\">\n<div id=\"pageProduct\" class=\"product full-product framed-box print-products\">\n<div class=\"clearfix\">\n<div class=\"product-information\">\n<div class=\"description\" style=\"text-align: left;\"><span class=\"price-label\">Prezzo<\/span>\u00a0<span class=\"actual-price\">\u20ac 39,50\u00a0<span class=\"price-label\">(IVA inclusa)<\/span><\/span><\/div>\n<div class=\"description\" style=\"text-align: left;\"><a href=\"https:\/\/www.amazon.it\/dp\/B08MSV1R4P\">Vedi il sito di vendita.<\/a><\/div>\n<div class=\"description\"><img decoding=\"async\" loading=\"lazy\" class=\"wp-image-3002 alignleft\" src=\"http:\/\/www.gtronic.it\/test\/wp-content\/uploads\/2017\/08\/robot-industriali.jpg\" alt=\"robot industriali\" width=\"234\" height=\"347\" \/>Questo libro di testo prende spunto da una riflessione sul futuro prossimo della gestione del lavoro manuale a livello globale: i robot industriali saranno sempre pi\u00f9 utilizzati sia nei comparti produttivi delle grandi aziende, ma anche nelle realt\u00e0 aziendali pi\u00f9 piccole, se non anche a livello artigianale I principali prodotto oggi commercializzati vengono esposto abbastanza nel dettaglio, mentre si entra in maniera approfondita nella progettazione di isole robotizzate e nella simulazione con strumenti 3D per quanto concerne i modelli COMAU, Fanuc, Motoman, Kuka KRC2, ABB IRC5, e altri con l&#8217;ausilio di RobotDK. Particolarmente interessante un esempio di integrazione delle stazioni COMAU su TIA Portal V16. Il testo prepara il tecnico per affrontare la professione ed \u00e8 adottato ai corsi di formazione proposti dalla G-Tronic Robotics nella sede di Padova.<\/div>\n<\/div>\n<\/div>\n<\/div>\n<\/div>\n<\/div>\n<div class=\"author-info\" style=\"text-align: left;\"><span class=\"authors\"><a href=\"http:\/\/www.lulu.com\/shop\/search.ep?contributorId=1123904\" target=\"_parent\"><u>Di\u00a0<span class=\"author\">Marco Gottardo<\/span><\/u><\/a><\/span><\/div>\n<h2><\/h2>\n<h2>Robotica: basi applicative, edizione 2018<\/h2>\n<h2><a href=\"http:\/\/www.lulu.com\/shop\/marco-gottardo\/robotica-basi-applicative-edizione-2018\/paperback\/product-23303890.html\"><img decoding=\"async\" loading=\"lazy\" class=\"size-full wp-image-1341 alignleft\" src=\"http:\/\/www.gtronic.it\/test\/wp-content\/uploads\/2016\/06\/robotica-basi-applicative.jpg\" sizes=\"(max-width: 212px) 100vw, 212px\" alt=\"robotica basi applicative\" width=\"212\" height=\"320\" srcset=\"https:\/\/www.gtronic.it\/test\/wp-content\/uploads\/2016\/06\/robotica-basi-applicative.jpg 212w, https:\/\/www.gtronic.it\/test\/wp-content\/uploads\/2016\/06\/robotica-basi-applicative-199x300.jpg 199w\" \/><\/a><\/h2>\n<div id=\"main\">\n<div class=\"innerContainer\">\n<div id=\"pageProduct\" class=\"product full-product framed-box print-products\">\n<div class=\"clearfix\">\n<div class=\"product-information\">\n<div class=\"description\"><strong>ISBN:<\/strong>9780244027704<\/div>\n<div class=\"description\"><span class=\"price-label\">Prezzo<\/span>\u00a0<span class=\"actual-price\">\u20ac 39,20\u00a0<span class=\"price-label\">(IVA esclusa)<\/span><\/span><\/div>\n<div class=\"description\"><a href=\"http:\/\/www.lulu.com\/shop\/marco-gottardo\/robotica-basi-applicative-edizione-2018\/paperback\/product-23303890.html\">Vedi il sito di vendita.<\/a><\/div>\n<div class=\"description\">Questo libro ci proietta nell&#8217;affascinante mondo della robotica creando il giusto equilibrio tra l\u2019hobby e la scienza ingegneristica. Tutte le nozioni fondamentali sono impartite ovvero le basi elettroniche, meccaniche, elettrotecniche e delle logiche programmabili. Alcuni concetti pi\u00f9 complessi richiedono nozioni ingegneristiche, ad esempio nella programmazione dei sistemi quindi vengono introdotti in maniera descrittiva ma comunque soddisfacente. Le relazioni matematiche avanzate, presenti a fine testo, potranno essere apprese in un secondo momento quando gli studi saranno pi\u00f9 maturi. Buona lettura e ben venuti nel fantastico mondo della robotica.<\/div>\n<\/div>\n<\/div>\n<\/div>\n<\/div>\n<\/div>\n<div class=\"author-info\"><span class=\"authors\"><a href=\"http:\/\/www.lulu.com\/shop\/search.ep?contributorId=1123904\" target=\"_parent\"><u>Di <span class=\"author\">Marco Gottardo<\/span><\/u><\/a> <\/span><\/div>\n<\/div>\n<\/article>\n<\/div>\n<\/div>\n<\/div>\n<\/div>\n","protected":false},"excerpt":{"rendered":"<p>Robot industriali, edizione 2021 ISBN:\u00a0979-8559076799 Prezzo\u00a0\u20ac 39,50\u00a0(IVA inclusa) Vedi il sito di vendita. Questo libro di testo prende spunto da una riflessione sul futuro prossimo della gestione del lavoro manuale a livello globale: i robot industriali saranno sempre pi\u00f9 utilizzati &hellip; <a href=\"https:\/\/www.gtronic.it\/test\/index.php\/robotica\/\">Continua a leggere<span class=\"meta-nav\">&rarr;<\/span><\/a><\/p>\n","protected":false},"author":1,"featured_media":0,"parent":0,"menu_order":0,"comment_status":"closed","ping_status":"closed","template":"","meta":[],"_links":{"self":[{"href":"https:\/\/www.gtronic.it\/test\/index.php\/wp-json\/wp\/v2\/pages\/1347"}],"collection":[{"href":"https:\/\/www.gtronic.it\/test\/index.php\/wp-json\/wp\/v2\/pages"}],"about":[{"href":"https:\/\/www.gtronic.it\/test\/index.php\/wp-json\/wp\/v2\/types\/page"}],"author":[{"embeddable":true,"href":"https:\/\/www.gtronic.it\/test\/index.php\/wp-json\/wp\/v2\/users\/1"}],"replies":[{"embeddable":true,"href":"https:\/\/www.gtronic.it\/test\/index.php\/wp-json\/wp\/v2\/comments?post=1347"}],"version-history":[{"count":8,"href":"https:\/\/www.gtronic.it\/test\/index.php\/wp-json\/wp\/v2\/pages\/1347\/revisions"}],"predecessor-version":[{"id":3005,"href":"https:\/\/www.gtronic.it\/test\/index.php\/wp-json\/wp\/v2\/pages\/1347\/revisions\/3005"}],"wp:attachment":[{"href":"https:\/\/www.gtronic.it\/test\/index.php\/wp-json\/wp\/v2\/media?parent=1347"}],"curies":[{"name":"wp","href":"https:\/\/api.w.org\/{rel}","templated":true}]}}