{"id":116,"date":"2016-06-11T13:11:20","date_gmt":"2016-06-11T11:11:20","guid":{"rendered":"http:\/\/www.gtronic.it\/test\/?page_id=116"},"modified":"2017-01-27T00:35:23","modified_gmt":"2017-01-26T23:35:23","slug":"schede-pcb-elettronica","status":"publish","type":"page","link":"https:\/\/www.gtronic.it\/test\/index.php\/schede-pcb-elettronica\/","title":{"rendered":"PCB Elettronica"},"content":{"rendered":"<p><strong>Circuiti stampati disponibili.<\/strong><\/p>\n<p>Prendere contatto tramite la mail ad.noctis@gmail.com<\/p>\n<p><img decoding=\"async\" loading=\"lazy\" class=\"alignnone size-medium wp-image-221\" src=\"http:\/\/www.gtronic.it\/test\/wp-content\/uploads\/2016\/07\/Micro-GT-mini-PCB-300x263.jpg\" alt=\"Micro-GT mini PCB\" width=\"300\" height=\"263\" srcset=\"https:\/\/www.gtronic.it\/test\/wp-content\/uploads\/2016\/07\/Micro-GT-mini-PCB-300x263.jpg 300w, https:\/\/www.gtronic.it\/test\/wp-content\/uploads\/2016\/07\/Micro-GT-mini-PCB-342x300.jpg 342w, https:\/\/www.gtronic.it\/test\/wp-content\/uploads\/2016\/07\/Micro-GT-mini-PCB.jpg 574w\" sizes=\"(max-width: 300px) 100vw, 300px\" \/><\/p>\n<p>Circuito stampato <strong>Micro-GT mini<\/strong> (prima serie), disponibile in singolo esemplare per hobbistica\u00a0o piccole serie per laboratori scolastici o affini. Microcontrollore a 28 pin, ad esempio 16F876A. Schema elettrico disponibile online.<\/p>\n<p><strong>Sorgente C di un orologio ore : minuti per PIC 16F876A<\/strong> <a href=\"http:\/\/www.gtronic.it\/test\/wp-content\/uploads\/2016\/06\/Orologio-UP-PIC16F876A.X.zip\">Orologio UP PIC16F876A.X<\/a><\/p>\n<p>Il programma sovrastante mostra ore e minuti sul Micro-GT universal\u00a0display oppure sul display led a 4 digit il cui circuito stampato \u00e8 mostrato in questa pagina.<\/p>\n<p>Singolo esemplare <strong>5\u20ac<\/strong> (spedizione compresa in Italia, posta tradizionale).<\/p>\n<p>Lotti di 10 esemplari <strong>40\u20ac<\/strong> (spedizione compresa in Italia, posta tradizionale).<\/p>\n<hr \/>\n<p><img decoding=\"async\" loading=\"lazy\" class=\"alignnone size-medium wp-image-227\" src=\"http:\/\/www.gtronic.it\/test\/wp-content\/uploads\/2016\/07\/Micro-GT-IDE-prima-serie-lato-componenti-300x292.jpg\" alt=\"Micro-GT IDE prima serie lato componenti\" width=\"300\" height=\"292\" srcset=\"https:\/\/www.gtronic.it\/test\/wp-content\/uploads\/2016\/07\/Micro-GT-IDE-prima-serie-lato-componenti-300x292.jpg 300w, https:\/\/www.gtronic.it\/test\/wp-content\/uploads\/2016\/07\/Micro-GT-IDE-prima-serie-lato-componenti-768x747.jpg 768w, https:\/\/www.gtronic.it\/test\/wp-content\/uploads\/2016\/07\/Micro-GT-IDE-prima-serie-lato-componenti-1024x995.jpg 1024w, https:\/\/www.gtronic.it\/test\/wp-content\/uploads\/2016\/07\/Micro-GT-IDE-prima-serie-lato-componenti-309x300.jpg 309w, https:\/\/www.gtronic.it\/test\/wp-content\/uploads\/2016\/07\/Micro-GT-IDE-prima-serie-lato-componenti.jpg 1720w\" sizes=\"(max-width: 300px) 100vw, 300px\" \/><\/p>\n<p>Circuito stampato <strong>Micro-GT\u00a0IDE<\/strong> (prima serie), disponibile fino ad esaurimento scorte\u00a0in singolo esemplare per hobbistica\u00a0o piccole serie per laboratori scolastici o affini. Vari microcontrollori su zoccolo ZIF, quelli pi\u00f9 noti sono il 16F877A a 40pin e il 16F876A a 28pin, ovviamente potrete mettere i pic a 18pin come il vecchio 16F84 e i moderni da esso derivati. Nella scheda e&#8217; possibile commutare tra due quarzi a\u00a020Mhz e 4Mhz. Contiene una sezione programmer seriale, le interfacce di potenza per il collegamento dei motori DC con inversione di marcia e un motore stepper.\u00a0 I display standard sono on board mentre gli LCD hanno i connettori predisposti.\u00a0E&#8217; possibile montare anche pic della serie 18.\u00a0Schema elettrico disponibile online.<\/p>\n<p><strong>Programma sorgente in C per 16F877A\u00a0 Micro-GT IDE<\/strong> <a href=\"http:\/\/www.gtronic.it\/test\/wp-content\/uploads\/2016\/06\/Orologio_Micro-GT_IDE.X.zip\">Orologio_Micro-GT_IDE.X<\/a><\/p>\n<p>Singolo esemplare <strong>15\u20ac<\/strong> (spedizione compresa in Italia, posta tradizionale).<\/p>\n<p>Lotti di\u00a05 esemplari <strong>40\u20ac<\/strong> (spedizione compresa in Italia, posta tradizionale).<\/p>\n<div>\n<hr \/>\n<\/div>\n<div><strong>Micro-GT mini 2 (prima serie)<\/strong><\/div>\n<div><\/div>\n<div><img decoding=\"async\" loading=\"lazy\" class=\"alignnone size-medium wp-image-254\" src=\"http:\/\/www.gtronic.it\/test\/wp-content\/uploads\/2016\/07\/Micro-GT-mini-2-prima-serie-e1468789908787-300x300.jpg\" alt=\"Micro-GT mini 2 prima serie\" width=\"300\" height=\"300\" srcset=\"https:\/\/www.gtronic.it\/test\/wp-content\/uploads\/2016\/07\/Micro-GT-mini-2-prima-serie-e1468789908787-300x300.jpg 300w, https:\/\/www.gtronic.it\/test\/wp-content\/uploads\/2016\/07\/Micro-GT-mini-2-prima-serie-e1468789908787-150x150.jpg 150w, https:\/\/www.gtronic.it\/test\/wp-content\/uploads\/2016\/07\/Micro-GT-mini-2-prima-serie-e1468789908787-1019x1024.jpg 1019w, https:\/\/www.gtronic.it\/test\/wp-content\/uploads\/2016\/07\/Micro-GT-mini-2-prima-serie-e1468789908787-299x300.jpg 299w, https:\/\/www.gtronic.it\/test\/wp-content\/uploads\/2016\/07\/Micro-GT-mini-2-prima-serie-e1468789908787.jpg 1636w\" sizes=\"(max-width: 300px) 100vw, 300px\" \/><\/div>\n<div><strong>Micro-GT mini 2 (prima serie)<\/strong> disponibile fino ad esaurimento scorte.<\/div>\n<div>Predisposto per PIC a 28 pin (tipicamente 16F876A oppure 18F2550). Porta seriale su DB9 acquisita con MAX232. Alimentazione tramite i 5V di una USB. Porta di programmazione ICSP. Ottima per realizzare controlli e sistemi di acquisizione di piccole dimensioni.<\/div>\n<div><\/div>\n<div>Prezzo fornitura del solo circuito stampato <b>5\u20ac<\/b> (spedizione compresa in Italia, posta tradizionale).<\/div>\n<div><\/div>\n<div>\n<hr \/>\n<\/div>\n<p><img decoding=\"async\" loading=\"lazy\" class=\"alignnone size-medium wp-image-231\" src=\"http:\/\/www.gtronic.it\/test\/wp-content\/uploads\/2016\/07\/Orologio-Micro-GT-300x246.jpg\" alt=\"Orologio Micro-GT\" width=\"300\" height=\"246\" srcset=\"https:\/\/www.gtronic.it\/test\/wp-content\/uploads\/2016\/07\/Orologio-Micro-GT-300x246.jpg 300w, https:\/\/www.gtronic.it\/test\/wp-content\/uploads\/2016\/07\/Orologio-Micro-GT-768x629.jpg 768w, https:\/\/www.gtronic.it\/test\/wp-content\/uploads\/2016\/07\/Orologio-Micro-GT-1024x838.jpg 1024w, https:\/\/www.gtronic.it\/test\/wp-content\/uploads\/2016\/07\/Orologio-Micro-GT-367x300.jpg 367w, https:\/\/www.gtronic.it\/test\/wp-content\/uploads\/2016\/07\/Orologio-Micro-GT.jpg 1984w\" sizes=\"(max-width: 300px) 100vw, 300px\" \/><\/p>\n<p>Kit (solo PCB) per costruire un ottimo <strong>Orologio ore:minuti<\/strong> basato su PIC a 18pin.<\/p>\n<p><strong>Sorgenti in C per realizzare l&#8217;orologio:<\/strong><\/p>\n<ul>\n<li><a href=\"http:\/\/www.gtronic.it\/test\/wp-content\/uploads\/2016\/06\/Orologio-UP-16F84A.zip\">Orologio UP 16F84A<\/a><\/li>\n<li><a href=\"http:\/\/www.gtronic.it\/test\/wp-content\/uploads\/2016\/06\/Orologio-UP-16F628.zip\">Orologio UP 16F628<\/a><\/li>\n<li><a href=\"http:\/\/www.gtronic.it\/test\/wp-content\/uploads\/2016\/06\/OrologioUP_2.0.X.zip\">OrologioUP_2.0.X<\/a>\u00a0per 16F1827<\/li>\n<\/ul>\n<p>I firmware esistenti, disponibili per download nel sito,\u00a0sono per 16F84A (sconsigliato perch\u00e9 obsoleto) oppure il pi\u00f9 performante 16F1827, l&#8217;orologio risulter\u00e0 pi\u00f9 preciso.<\/p>\n<p>I quattro pulsanti permetto di aumentare\/diminuire l&#8217;ora visualizzata nel display.<\/p>\n<p>Il secondo chip e&#8217; un decoder BCD 7 segmenti per il controllo dei 4 digit a sette segmenti.\u00a0 Lo schema elettrico e&#8217; disponibile online.<\/p>\n<p>Singolo esemplare <strong>5\u20ac<\/strong> (spedizione compresa in Italia, posta tradizionale).<\/p>\n<p>Lotti di\u00a010 esemplari <strong>40\u20ac<\/strong> (spedizione compresa in Italia, posta tradizionale).<\/p>\n<hr \/>\n<p><img decoding=\"async\" loading=\"lazy\" class=\"alignnone size-medium wp-image-228\" src=\"http:\/\/www.gtronic.it\/test\/wp-content\/uploads\/2016\/07\/Micro-GT-PWM-Power-Inverter-minishield-300x228.jpg\" alt=\"Micro-GT PWM Power Inverter minishield\" width=\"300\" height=\"228\" srcset=\"https:\/\/www.gtronic.it\/test\/wp-content\/uploads\/2016\/07\/Micro-GT-PWM-Power-Inverter-minishield-300x228.jpg 300w, https:\/\/www.gtronic.it\/test\/wp-content\/uploads\/2016\/07\/Micro-GT-PWM-Power-Inverter-minishield-768x584.jpg 768w, https:\/\/www.gtronic.it\/test\/wp-content\/uploads\/2016\/07\/Micro-GT-PWM-Power-Inverter-minishield-1024x778.jpg 1024w, https:\/\/www.gtronic.it\/test\/wp-content\/uploads\/2016\/07\/Micro-GT-PWM-Power-Inverter-minishield-395x300.jpg 395w\" sizes=\"(max-width: 300px) 100vw, 300px\" \/><\/p>\n<p>Circuito stampato <strong>PWM power inverter<\/strong> per il controllo del verso di marcia e della velocit\u00e0 di un motore DC di grosse dimensioni fino 20A (dipende dai rel\u00e8 che monterete). Il diodo di ricircolo e&#8217; onboard.<\/p>\n<p>Due Led indicano il verso di rotazione e un terzo led l&#8217;accensione del controllino.<\/p>\n<p>Il circuito pu\u00f2 funzionare in maniera autonoma, aggiungendo il potenziometro per il controllo della velocit\u00e0 e i pulsanti\/interruttori per il verso di marcia, oppure potr\u00e0 essere collegato a un sistema embedded Micro-GT oppure Arduino o anche a un comune PLC.<\/p>\n<p>Lo schema elettrico e&#8217; disponibile online.<\/p>\n<p>Singolo esemplare <strong>5\u20ac<\/strong> (spedizione compresa in Italia, posta tradizionale).<\/p>\n<p>Lotti di 10 esemplari <strong>40\u20ac<\/strong> (spedizione compresa in Italia, posta tradizionale).<\/p>\n<hr \/>\n<p><strong>Modellismo o tesine scolastiche, Mini semaforo.<\/strong><\/p>\n<p><img decoding=\"async\" loading=\"lazy\" class=\"alignnone size-medium wp-image-229\" src=\"http:\/\/www.gtronic.it\/test\/wp-content\/uploads\/2016\/07\/20160717_174101-279x300.jpg\" alt=\"20160717_174101\" width=\"279\" height=\"300\" srcset=\"https:\/\/www.gtronic.it\/test\/wp-content\/uploads\/2016\/07\/20160717_174101-279x300.jpg 279w, https:\/\/www.gtronic.it\/test\/wp-content\/uploads\/2016\/07\/20160717_174101-768x826.jpg 768w, https:\/\/www.gtronic.it\/test\/wp-content\/uploads\/2016\/07\/20160717_174101-952x1024.jpg 952w, https:\/\/www.gtronic.it\/test\/wp-content\/uploads\/2016\/07\/20160717_174101.jpg 1779w\" sizes=\"(max-width: 279px) 100vw, 279px\" \/><\/p>\n<p>Circuiti stampati per mini semafori (solo paletti), altezza 5cm, per LED diametro 3mm, disponibili a 3 luci (traffico automobilistico) oppure 2 luci (traffico pedonale). Assemblando le resistenze da 1K potranno essere controllati dai sistemi embedded Micro-GT oppure Arduino, mentre con le resistenza da 4k7 potranno essere collegati ai normali PLC.\u00a0 Il sistema e&#8217; un&#8217;ottima esercitazione di laboratorio citata sia nel libro di testo Let&#8217;s program a PLC che Let&#8217;s GO PIC!!! the book.<\/p>\n<p>Fino ad esaurimento delle scorte:<\/p>\n<p>Singolo esemplare, come mostrato in immagine,\u00a0<strong>5\u20ac<\/strong> (spedizione compresa in Italia, posta tradizionale). Per avere solo paletti a 3 luci contattare via email per verificare la disponibilit\u00e0.<\/p>\n<hr \/>\n<p><strong>Controller per robotica semovente.<\/strong><\/p>\n<p><img decoding=\"async\" loading=\"lazy\" class=\"alignnone size-medium wp-image-239\" src=\"http:\/\/www.gtronic.it\/test\/wp-content\/uploads\/2016\/07\/Micro-GT-Smart-controller-300x144.jpg\" alt=\"Micro-GT Smart controller\" width=\"300\" height=\"144\" srcset=\"https:\/\/www.gtronic.it\/test\/wp-content\/uploads\/2016\/07\/Micro-GT-Smart-controller-300x144.jpg 300w, https:\/\/www.gtronic.it\/test\/wp-content\/uploads\/2016\/07\/Micro-GT-Smart-controller-768x369.jpg 768w, https:\/\/www.gtronic.it\/test\/wp-content\/uploads\/2016\/07\/Micro-GT-Smart-controller-1024x492.jpg 1024w, https:\/\/www.gtronic.it\/test\/wp-content\/uploads\/2016\/07\/Micro-GT-Smart-controller-500x240.jpg 500w\" sizes=\"(max-width: 300px) 100vw, 300px\" \/><\/p>\n<p>Il <strong>Micro-GT Smart controller<\/strong> e&#8217; un circuito espressamente studiato per controllare robot semoventi (su ruote o su cingoli) oppure piattaforme mobili (automobiline elettriche con bambini a bordo, monopattini, cyclette a pedalata assistita, ecc).<\/p>\n<p>Ottimo per tesine o tesi di laurea. Il circuito ha anche applicazioni professionali. Predisposto per microcontroller a 28pin (tipico 16F876). Ingresso ICSP, porta seriale, alimentazioni di potenza separate.<\/p>\n<p>I rel\u00e8 di possono portare fino a 20 ampere per motore. Due motori sono predisposti per controllo della velocit\u00e0 e della direzione grazie al doppio ponte H integrato di potenza. Altri due motori di grande potenza possono essere controllanti in velocit\u00e0, in totale 4 grossi motori.\u00a0 La scheda e&#8217; predisposta per 8 servomori ausiliari per \u00a0le appendici del robot, ad esempio il braccio manipolatore. Oltre ai canali PWM software nella scheda sonoGeneratore PWM o onda quadra miniaturizzato PCB o Kit implementati due canali hardware indipendenti.<\/p>\n<p>E&#8217; possibile interfacciare la scheda con un numero elevato di minishield PWM power inverter aumentando notevolmente il numero di attuatori.<\/p>\n<p>Singolo esemplare <strong>12\u20ac<\/strong> (spedizione compresa in Italia, posta tradizionale).<\/p>\n<p>Lotti di 10 esemplari <strong>80\u20ac<\/strong> (spedizione compresa in Italia, posta tradizionale).<\/p>\n<hr \/>\n<p>Mini controller per motori DC.<\/p>\n<p><img decoding=\"async\" loading=\"lazy\" class=\"alignnone size-medium wp-image-255\" src=\"http:\/\/www.gtronic.it\/test\/wp-content\/uploads\/2016\/07\/Controller-Motori-DC-inversione-e-PWM-e1468789881864-300x155.jpg\" alt=\"Controller Motori DC inversione e PWM\" width=\"300\" height=\"155\" srcset=\"https:\/\/www.gtronic.it\/test\/wp-content\/uploads\/2016\/07\/Controller-Motori-DC-inversione-e-PWM-e1468789881864-300x155.jpg 300w, https:\/\/www.gtronic.it\/test\/wp-content\/uploads\/2016\/07\/Controller-Motori-DC-inversione-e-PWM-e1468789881864-768x398.jpg 768w, https:\/\/www.gtronic.it\/test\/wp-content\/uploads\/2016\/07\/Controller-Motori-DC-inversione-e-PWM-e1468789881864-1024x531.jpg 1024w, https:\/\/www.gtronic.it\/test\/wp-content\/uploads\/2016\/07\/Controller-Motori-DC-inversione-e-PWM-e1468789881864-500x259.jpg 500w\" sizes=\"(max-width: 300px) 100vw, 300px\" \/><\/p>\n<p>Con un PIC a 18 pin, ad esempio 16F84 (sconsigliato perch\u00e9 obsoleto) oppure un 16F1827, o similari, e&#8217; possibile controllare l&#8217;inversione di marcia di un grosso motore DC fino a 20A (dipende dai rel\u00e8 che monterete) e contemporaneamente la velocit\u00e0 di un grosso motore DC tramite una sezione PWM hardware. Gli schemi sono disponibili online.<\/p>\n<p>costo del solo PCB <b>10\u20ac<\/b> (spedizione compresa in Italia, posta tradizionale).<\/p>\n<p>Costo di un lotto di 10 PCB <strong>8<\/strong><b>0\u20ac <\/b>(spedizione compresa in Italia con posta tradizionale)<\/p>\n<hr \/>\n<p><strong>Generatore PWM o onda quadra miniaturizzato PCB o Kit.<\/strong><\/p>\n<p><img decoding=\"async\" loading=\"lazy\" class=\"alignnone size-medium wp-image-243\" src=\"http:\/\/www.gtronic.it\/test\/wp-content\/uploads\/2016\/07\/PWM-oscillator-300x293.jpg\" alt=\"PWM oscillator\" width=\"300\" height=\"293\" srcset=\"https:\/\/www.gtronic.it\/test\/wp-content\/uploads\/2016\/07\/PWM-oscillator-300x293.jpg 300w, https:\/\/www.gtronic.it\/test\/wp-content\/uploads\/2016\/07\/PWM-oscillator-308x300.jpg 308w, https:\/\/www.gtronic.it\/test\/wp-content\/uploads\/2016\/07\/PWM-oscillator.jpg 322w\" sizes=\"(max-width: 300px) 100vw, 300px\" \/>\u00a0<img decoding=\"async\" loading=\"lazy\" class=\"alignnone size-medium wp-image-244\" src=\"http:\/\/www.gtronic.it\/test\/wp-content\/uploads\/2016\/07\/Generatore-di-PWM-o-onda-quadra-G-Tronic-280x300.jpg\" alt=\"Generatore di PWM o onda quadra G-Tronic\" width=\"280\" height=\"300\" srcset=\"https:\/\/www.gtronic.it\/test\/wp-content\/uploads\/2016\/07\/Generatore-di-PWM-o-onda-quadra-G-Tronic-280x300.jpg 280w, https:\/\/www.gtronic.it\/test\/wp-content\/uploads\/2016\/07\/Generatore-di-PWM-o-onda-quadra-G-Tronic.jpg 597w\" sizes=\"(max-width: 280px) 100vw, 280px\" \/><\/p>\n<p><strong>Generatore di onda Quadrata oppure di segnale PWM<\/strong> di dimensione estremamente compatto.\u00a0 Applicazioni: Controllo di velocit\u00e0 dei motori DC, stadio driver di una sezione di potenza non compresa nella fornitura, ad esempio un MOSFET o un IGBT. Generatore di funzione. Esercizio scolastico di montaggio SMD. Applicazioni industriali varie (non certificate CE). Il generatore di onda quadra pu\u00f2 essere impostato a una frequenza fissa calcolabile, mentre il generatore PWM pu\u00f2 essere collegato a un controllo manuale a potenziometro. Il circuito risulta essere molto stabile. Schemi disponibili.<\/p>\n<p>Prezzo PCB <strong>1<\/strong> esemplare <strong>5\u20ac<\/strong> (spedizione con posta tradizionale compresa)<\/p>\n<p>Prezzo <strong>1<\/strong> esemplare assemblato, escluso il potenziometro,\u00a0<strong>10\u20ac<\/strong> (aggiungere 2 euro per la spedizione con posta tradizionale)<\/p>\n<p>Prezzo <strong>4 esemplari PCB<\/strong>, come mostrati nell&#8217;immagine <strong>12\u20ac<\/strong> (compresa la spedizione)<\/p>\n<hr \/>\n<p><strong>Display LED 4 digit per Micro-GT o Arduino o PLC.<\/strong><\/p>\n<p><img decoding=\"async\" loading=\"lazy\" class=\"size-medium wp-image-247 aligncenter\" src=\"http:\/\/www.gtronic.it\/test\/wp-content\/uploads\/2016\/07\/Display-Micro-GT-per-orologio-300x197.jpg\" alt=\"Display Micro-GT per orologio\" width=\"300\" height=\"197\" srcset=\"https:\/\/www.gtronic.it\/test\/wp-content\/uploads\/2016\/07\/Display-Micro-GT-per-orologio-300x197.jpg 300w, https:\/\/www.gtronic.it\/test\/wp-content\/uploads\/2016\/07\/Display-Micro-GT-per-orologio-456x300.jpg 456w, https:\/\/www.gtronic.it\/test\/wp-content\/uploads\/2016\/07\/Display-Micro-GT-per-orologio.jpg 468w\" sizes=\"(max-width: 300px) 100vw, 300px\" \/><\/p>\n<p><img decoding=\"async\" loading=\"lazy\" class=\"size-medium wp-image-248 aligncenter\" src=\"http:\/\/www.gtronic.it\/test\/wp-content\/uploads\/2016\/07\/Display-Micro-GT-schema-300x180.jpg\" alt=\"Display Micro-GT schema\" width=\"300\" height=\"180\" srcset=\"https:\/\/www.gtronic.it\/test\/wp-content\/uploads\/2016\/07\/Display-Micro-GT-schema-300x180.jpg 300w, https:\/\/www.gtronic.it\/test\/wp-content\/uploads\/2016\/07\/Display-Micro-GT-schema-500x300.jpg 500w, https:\/\/www.gtronic.it\/test\/wp-content\/uploads\/2016\/07\/Display-Micro-GT-schema.jpg 762w\" sizes=\"(max-width: 300px) 100vw, 300px\" \/><\/p>\n<p><img decoding=\"async\" loading=\"lazy\" class=\"size-full wp-image-249 aligncenter\" src=\"http:\/\/www.gtronic.it\/test\/wp-content\/uploads\/2016\/07\/Orologio-Micro-GT-con-display.jpg\" alt=\"Orologio Micro-GT con display\" width=\"478\" height=\"638\" srcset=\"https:\/\/www.gtronic.it\/test\/wp-content\/uploads\/2016\/07\/Orologio-Micro-GT-con-display.jpg 478w, https:\/\/www.gtronic.it\/test\/wp-content\/uploads\/2016\/07\/Orologio-Micro-GT-con-display-225x300.jpg 225w\" sizes=\"(max-width: 478px) 100vw, 478px\" \/><\/p>\n<p><strong>Display a 4 digit LED<\/strong> a catodo comune verdi o rossi (dipende dalla disponibilit\u00e0). Le resistenze vanno assemblate a parte o sui fori da cui poi derivare il flat. Questo permette di dimensionarle in funzione dell&#8217;applicazione, ad esempio schede a micproprocessore oppure PLC per funzionare alle tensioni pi\u00f9 comuni 3V3 oppure 5V oppure 24V (PLC). Lo schema di collegamento \u00e8 tra le immagini. L&#8217;immagine sovrastante mostra il display applicato all&#8217;orologio Micro-GT V2.0<\/p>\n<p>Il costo di <strong>12\u20ac<\/strong> comprende la spedizione con posta tradizionale (non raccomandata).<\/p>\n<hr \/>\n<p><strong>Amplificatore stereo HiFi 20+20W <\/strong>(fino ad esaurimento scorte)<\/p>\n<p><img decoding=\"async\" loading=\"lazy\" class=\"alignnone size-medium wp-image-260\" src=\"http:\/\/www.gtronic.it\/test\/wp-content\/uploads\/2016\/07\/20160717_174142-300x168.jpg\" alt=\"20160717_174142\" width=\"300\" height=\"168\" srcset=\"https:\/\/www.gtronic.it\/test\/wp-content\/uploads\/2016\/07\/20160717_174142-300x168.jpg 300w, https:\/\/www.gtronic.it\/test\/wp-content\/uploads\/2016\/07\/20160717_174142-768x430.jpg 768w, https:\/\/www.gtronic.it\/test\/wp-content\/uploads\/2016\/07\/20160717_174142-1024x573.jpg 1024w, https:\/\/www.gtronic.it\/test\/wp-content\/uploads\/2016\/07\/20160717_174142-500x280.jpg 500w\" sizes=\"(max-width: 300px) 100vw, 300px\" \/><\/p>\n<p>Ottimo amplificatore Stereo HiFi, di dimensioni compatte, lo schema elettrico si trova in questo sito nella sezione elettronica hobbistica. Pu\u00f2 fornire fino a 20+20W in classe B, grazie agli integrati finali della National. Per anni e&#8217; stato usato nelle scuole di formazione professionale come prova di laboratorio. L&#8217;assemblaggio e&#8217; semplice e il funzionamento sicuro.<\/p>\n<p>Costo del solo PCB\u00a0 <b>5\u20ac<\/b> (spedizione compresa in Italia, posta tradizionale).<\/p>\n<p>Costo lotti di 10 PCB <b>40\u20ac<\/b> (spedizione compresa in Italia, posta tradizionale).<\/p>\n","protected":false},"excerpt":{"rendered":"<p>Circuiti stampati disponibili. Prendere contatto tramite la mail ad.noctis@gmail.com Circuito stampato Micro-GT mini (prima serie), disponibile in singolo esemplare per hobbistica\u00a0o piccole serie per laboratori scolastici o affini. Microcontrollore a 28 pin, ad esempio 16F876A. Schema elettrico disponibile online. Sorgente &hellip; <a href=\"https:\/\/www.gtronic.it\/test\/index.php\/schede-pcb-elettronica\/\">Continua a leggere<span class=\"meta-nav\">&rarr;<\/span><\/a><\/p>\n","protected":false},"author":1,"featured_media":0,"parent":0,"menu_order":0,"comment_status":"closed","ping_status":"closed","template":"","meta":[],"_links":{"self":[{"href":"https:\/\/www.gtronic.it\/test\/index.php\/wp-json\/wp\/v2\/pages\/116"}],"collection":[{"href":"https:\/\/www.gtronic.it\/test\/index.php\/wp-json\/wp\/v2\/pages"}],"about":[{"href":"https:\/\/www.gtronic.it\/test\/index.php\/wp-json\/wp\/v2\/types\/page"}],"author":[{"embeddable":true,"href":"https:\/\/www.gtronic.it\/test\/index.php\/wp-json\/wp\/v2\/users\/1"}],"replies":[{"embeddable":true,"href":"https:\/\/www.gtronic.it\/test\/index.php\/wp-json\/wp\/v2\/comments?post=116"}],"version-history":[{"count":9,"href":"https:\/\/www.gtronic.it\/test\/index.php\/wp-json\/wp\/v2\/pages\/116\/revisions"}],"predecessor-version":[{"id":444,"href":"https:\/\/www.gtronic.it\/test\/index.php\/wp-json\/wp\/v2\/pages\/116\/revisions\/444"}],"wp:attachment":[{"href":"https:\/\/www.gtronic.it\/test\/index.php\/wp-json\/wp\/v2\/media?parent=116"}],"curies":[{"name":"wp","href":"https:\/\/api.w.org\/{rel}","templated":true}]}}