{"id":103,"date":"2016-06-11T12:53:05","date_gmt":"2016-06-11T10:53:05","guid":{"rendered":"http:\/\/www.gtronic.it\/test\/?page_id=103"},"modified":"2018-07-09T11:27:20","modified_gmt":"2018-07-09T09:27:20","slug":"micro-gt-mini","status":"publish","type":"page","link":"https:\/\/www.gtronic.it\/test\/index.php\/micro-gt-mini\/","title":{"rendered":"Micro-GT MINI"},"content":{"rendered":"<h1 style=\"text-align: center;\"><strong>Sistema di controllo a Microcontrollore PIC per le scuole l&#8217;hobbistica e piccole applicazioni di robotica<\/strong><\/h1>\n<p>Nota bene: Oggi disponibile nella versione upgrade con porta <strong>USB<\/strong> e che non richiede alimentazione esterna.<\/p>\n<p>Sito per i compilatori Hi-Tech\u00a0<a href=\"http:\/\/www.htsoft.com\/\">http:\/\/www.htsoft.com\/<\/a><\/p>\n<p><a href=\"http:\/\/www.lulu.com\/shop\/marco-gottardo\/primi-passi-con-i-pic-sul-sistema-micro-gt-mini\/ebook\/product-21607555.html\">Scarica ebook gratuito per fare i primi passi nella programmazione PIC. (il sito richiede di fare un account gratuito).<\/a><\/p>\n<p>E&#8217; possibile installare il PIC18F2550 ed usare la porta USB nativa di questo PIC oppure istallare il KIT di UPgrade.<\/p>\n<ol>\n<li>Scarica un set completo di programmi per PIC18 compatibili Micro-GT\u00a0<a href=\"http:\/\/www.gtronic.it\/test\/wp-content\/uploads\/2017\/01\/PIC18F_examples.zip\">PIC18F_examples<\/a><\/li>\n<li><a href=\"http:\/\/www.gtronic.it\/test\/wp-content\/uploads\/2016\/06\/Micro-GT-18-mini.docx\">Scarica la presentazione della versione Micro-GT 18 mini.<\/a><\/li>\n<li><a href=\"http:\/\/www.gtronic.it\/test\/wp-content\/uploads\/2016\/06\/Micro-GT_32mini.docx\">Scarica la presentazione della versione Micro-GT 32 mini.<\/a><\/li>\n<li>Scarica il progetto del line follower <a href=\"http:\/\/www.gtronic.it\/test\/wp-content\/uploads\/2016\/06\/GT-Bot-1.3.zip\">GT Bot 1.3<\/a><\/li>\n<\/ol>\n<p><img decoding=\"async\" loading=\"lazy\" class=\"size-full wp-image-383 aligncenter\" src=\"http:\/\/www.gtronic.it\/test\/wp-content\/uploads\/2017\/01\/Micro-GT-mini-Layout-2.png\" alt=\"Micro-GT mini Layout (2)\" width=\"353\" height=\"295\" srcset=\"https:\/\/www.gtronic.it\/test\/wp-content\/uploads\/2017\/01\/Micro-GT-mini-Layout-2.png 353w, https:\/\/www.gtronic.it\/test\/wp-content\/uploads\/2017\/01\/Micro-GT-mini-Layout-2-300x251.png 300w\" sizes=\"(max-width: 353px) 100vw, 353px\" \/>Costo del singolo esemplare montato e collaudato <strong>25\u20ac<\/strong> pi\u00f9 contributo per la spedizione.<\/p>\n<p><img decoding=\"async\" loading=\"lazy\" class=\"alignnone size-full wp-image-221\" src=\"http:\/\/www.gtronic.it\/test\/wp-content\/uploads\/2016\/07\/Micro-GT-mini-PCB.jpg\" alt=\"Micro-GT mini PCB\" width=\"574\" height=\"504\" srcset=\"https:\/\/www.gtronic.it\/test\/wp-content\/uploads\/2016\/07\/Micro-GT-mini-PCB.jpg 574w, https:\/\/www.gtronic.it\/test\/wp-content\/uploads\/2016\/07\/Micro-GT-mini-PCB-300x263.jpg 300w, https:\/\/www.gtronic.it\/test\/wp-content\/uploads\/2016\/07\/Micro-GT-mini-PCB-342x300.jpg 342w\" sizes=\"(max-width: 574px) 100vw, 574px\" \/><\/p>\n<p>Costo del singolo circuito stampato <strong>5\u20ac<\/strong>, per piccoli stock prendere contatto via mail.<\/p>\n<p>Micro-GT MINI \u00e8 la versione ridotta ed economica del sistema di sviluppo <a href=\"https:\/\/microgt.wordpress.com\/prodotti-micro-gt\/schede-micro-gt-ide\/\" target=\"_blank\">Micro-GT \u00a0IDE<\/a><\/p>\n<p><a href=\"https:\/\/youtu.be\/a8kHXQqwWgE\">video introduttivo del prof. Lino Battilana.<\/a><\/p>\n<p>Ottima come controller per servomotori, dispone infatti di ben 14 connettori dedicati con alimentazione separata.<\/p>\n<p><img decoding=\"async\" loading=\"lazy\" class=\"size-full wp-image-415 aligncenter\" src=\"http:\/\/www.gtronic.it\/test\/wp-content\/uploads\/2016\/06\/Micro-GT_mini_collegata_a_8_dei_14_possibili_servomotori.jpg\" alt=\"Micro-GT_mini_collegata_a_8_dei_14_possibili_servomotori\" width=\"760\" height=\"513\" srcset=\"https:\/\/www.gtronic.it\/test\/wp-content\/uploads\/2016\/06\/Micro-GT_mini_collegata_a_8_dei_14_possibili_servomotori.jpg 760w, https:\/\/www.gtronic.it\/test\/wp-content\/uploads\/2016\/06\/Micro-GT_mini_collegata_a_8_dei_14_possibili_servomotori-300x203.jpg 300w, https:\/\/www.gtronic.it\/test\/wp-content\/uploads\/2016\/06\/Micro-GT_mini_collegata_a_8_dei_14_possibili_servomotori-444x300.jpg 444w\" sizes=\"(max-width: 760px) 100vw, 760px\" \/><\/p>\n<p style=\"text-align: center;\"><strong>Collegamento della Micro-GT mini fino a 8 servomotori.<\/strong><\/p>\n<p style=\"text-align: center;\">Scarica il programma <a href=\"http:\/\/www.gtronic.it\/test\/wp-content\/uploads\/2016\/06\/Robo-Hand-V3-mirror-mode.zip\">Robot Hand V3 mirror mode<\/a><\/p>\n<p style=\"text-align: left;\">L&#8217;applicazione pi\u00f9 imitata della Micro-GT mini, fin dalla sua creazione, \u00e8 il braccio con mano robot. Di questa ne sono state fatte due versioni, con controllo seriale oppure con controllo in mirror mode. Il programma di quest&#8217;ultima \u00e8 scaricabile dal precedente link e consiste nel attrezzare un guanto con 5 potenziometri o slider lineari, con ritorno a molla. Muovendo le dita di questo guanto, l&#8217;atro arto costruito artificialmente ne copia i movimenti. Questo progetto \u00e8 un&#8217;ottima tesina scolastica.<\/p>\n<p>I corsi di programmazione dei microcontrollori PIC si tengono a Padova il <strong>marted\u00ec<\/strong> e e il <strong>gioved\u00ec<\/strong> dalle ore 18:00 alle ore 23:00, nella sede di Via Austria 19b. E\u2019 possibile, per chi viene da fuori citt\u00e0 frequentare nelle sessioni week end. La durata del corso \u00e8 di 40 ore e il costo, compresa IVA, \u00e8 di 300\u20ac. inf su \u00a0ad.noctis@gmail.com<\/p>\n<p>Costruzione di un braccio robot con servomotori per tesi scolastiche o hobbistica.<\/p>\n<p><img decoding=\"async\" loading=\"lazy\" class=\"alignnone size-full wp-image-1015 aligncenter\" src=\"http:\/\/www.gtronic.it\/test\/wp-content\/uploads\/2016\/06\/Robot_hand_V2.jpg\" alt=\"Robot_hand_V2\" width=\"212\" height=\"320\" srcset=\"https:\/\/www.gtronic.it\/test\/wp-content\/uploads\/2016\/06\/Robot_hand_V2.jpg 212w, https:\/\/www.gtronic.it\/test\/wp-content\/uploads\/2016\/06\/Robot_hand_V2-199x300.jpg 199w\" sizes=\"(max-width: 212px) 100vw, 212px\" \/>Il libro di testo contiene il programma testato per la Micro-GT mini <a href=\"http:\/\/www.lulu.com\/shop\/marco-gottardo\/robot-hand-v2-gestione-a-microcontrollore-di-una-protesi-robotica\/paperback\/product-21037802.html\">\u00e8 in vendita qui<\/a><\/p>\n<p>La filosofia principale cambia passando\u00a0dalla &#8220;all in one&#8221; ovvero tutto a bordo, al sistema distribuito su pi\u00f9 supporti mini shield.<\/p>\n<p>Punto di forza \u00e8\u00a0l&#8217;estrema economicit\u00e0 del sistema abbinata comunque a grande versatilit\u00e0\u00a0ed interfacciabilit\u00e0.<\/p>\n<p style=\"text-align: center;\"><img decoding=\"async\" loading=\"lazy\" class=\"size-full wp-image-413 aligncenter\" src=\"http:\/\/www.gtronic.it\/test\/wp-content\/uploads\/2016\/06\/Micro_GT_mini_con-_LCD.jpg\" alt=\"Micro_GT_mini_con _LCD\" width=\"960\" height=\"631\" srcset=\"https:\/\/www.gtronic.it\/test\/wp-content\/uploads\/2016\/06\/Micro_GT_mini_con-_LCD.jpg 960w, https:\/\/www.gtronic.it\/test\/wp-content\/uploads\/2016\/06\/Micro_GT_mini_con-_LCD-300x197.jpg 300w, https:\/\/www.gtronic.it\/test\/wp-content\/uploads\/2016\/06\/Micro_GT_mini_con-_LCD-768x505.jpg 768w, https:\/\/www.gtronic.it\/test\/wp-content\/uploads\/2016\/06\/Micro_GT_mini_con-_LCD-456x300.jpg 456w\" sizes=\"(max-width: 960px) 100vw, 960px\" \/><strong>Collegamento della Micro-GT mini al Display LCD.<\/strong><\/p>\n<p><img decoding=\"async\" loading=\"lazy\" class=\"alignnone size-full wp-image-824\" src=\"http:\/\/www.gtronic.it\/test\/wp-content\/uploads\/2016\/06\/Micro-GT_mini_accelerometro.png\" alt=\"Micro-GT_mini_accelerometro\" width=\"832\" height=\"819\" srcset=\"https:\/\/www.gtronic.it\/test\/wp-content\/uploads\/2016\/06\/Micro-GT_mini_accelerometro.png 832w, https:\/\/www.gtronic.it\/test\/wp-content\/uploads\/2016\/06\/Micro-GT_mini_accelerometro-300x295.png 300w, https:\/\/www.gtronic.it\/test\/wp-content\/uploads\/2016\/06\/Micro-GT_mini_accelerometro-768x756.png 768w, https:\/\/www.gtronic.it\/test\/wp-content\/uploads\/2016\/06\/Micro-GT_mini_accelerometro-305x300.png 305w\" sizes=\"(max-width: 832px) 100vw, 832px\" \/><\/p>\n<p style=\"text-align: center;\"><strong>collegamento della Micro-GT mini all&#8217;accelerometro inclinometro<\/strong><\/p>\n<p><b>Let<\/b><b>\u2019s GO PIC!!! The book<\/b><\/p>\n<p><a href=\"https:\/\/microgt.wordpress.com\/libri\/\" target=\"_blank\"><img decoding=\"async\" loading=\"lazy\" class=\"alignleft wp-image-133 size-thumbnail\" src=\"https:\/\/microgt.files.wordpress.com\/2016\/01\/pic-the-book.jpg?w=107\" alt=\"pic the book\" width=\"107\" height=\"150\" \/><\/a><\/p>\n<p align=\"justify\"><span lang=\"it-IT\">Corso completo, seppur mirato ai principianti, di programmazione dei microcontrollori PIC, su piattaforma MpLab e hardware Micro-GT. Contiene molti esercizi ed esempi in Hitech C e Ladder PIC. <\/span>Tre tesine completamente svolte.<\/p>\n<p><a href=\"http:\/\/www.gtronic.it\/community\/cap10_microGT_mini.htm\" target=\"_blank\">Qui trovi l&#8217;articolo completo di tutti i dettagli tecnici<\/a><\/p>\n<p><strong>Ci sono due ambienti di sviluppo<\/strong> per realizzare i propri progetti, a <a href=\"https:\/\/microgt.wordpress.com\/prodotti-micro-gt\/schede-micro-gt-ide\/gt-pic-lab\/\" target=\"_blank\">questo link<\/a> troverete l&#8217;ambiente GT-PIC Lab sviluppato internamente alla G-Tronic Robotics, altra possibilit\u00e0 consiste nell&#8217;\u00a0utilizzare <a href=\"http:\/\/www.microchip.com\/pagehandler\/en-us\/devtools\/devtoolsmain\/home.html\" target=\"_blank\">MplabX<\/a> e il compilatore ufficiale.<\/p>\n<p><img decoding=\"async\" loading=\"lazy\" class=\"alignnone size-full wp-image-411\" src=\"http:\/\/www.gtronic.it\/test\/wp-content\/uploads\/2016\/06\/Esempi_porta_seriale_PIC-1.jpg\" alt=\"Esempi_porta_seriale_PIC\" width=\"225\" height=\"320\" srcset=\"https:\/\/www.gtronic.it\/test\/wp-content\/uploads\/2016\/06\/Esempi_porta_seriale_PIC-1.jpg 225w, https:\/\/www.gtronic.it\/test\/wp-content\/uploads\/2016\/06\/Esempi_porta_seriale_PIC-1-211x300.jpg 211w\" sizes=\"(max-width: 225px) 100vw, 225px\" \/> <img decoding=\"async\" loading=\"lazy\" class=\"alignnone size-full wp-image-412\" src=\"http:\/\/www.gtronic.it\/test\/wp-content\/uploads\/2016\/06\/MicroPIC-partenza-immediata-gottardo-1.jpg\" alt=\"MicroPIC partenza immediata gottardo\" width=\"224\" height=\"320\" srcset=\"https:\/\/www.gtronic.it\/test\/wp-content\/uploads\/2016\/06\/MicroPIC-partenza-immediata-gottardo-1.jpg 224w, https:\/\/www.gtronic.it\/test\/wp-content\/uploads\/2016\/06\/MicroPIC-partenza-immediata-gottardo-1-210x300.jpg 210w\" sizes=\"(max-width: 224px) 100vw, 224px\" \/><\/p>\n<p><strong>Per informazioni, preventivi o per fare un ordine vai alla <a href=\"http:\/\/www.gtronic.it\/test\/index.php\/ordina-prodotti-micro-gt\/\">pagina degli ordini<\/a><\/strong><\/p>\n<p><strong>Articoli caricati da allievi dei corsi del prof. Gottardo.<\/strong><\/p>\n<ol>\n<li>Massimo Pettin\u00e0 <a href=\"http:\/\/www.gtronic.it\/test\/wp-content\/uploads\/2016\/06\/Accelerometro-inclinometro-Marco-Gottardo-Articolo-pubblicato-su-Grix.pdf\">Accelerometro inclinometro Marco Gottardo Articolo pubblicato su Grix<\/a><\/li>\n<\/ol>\n<p><strong>Video caricati dagli utenti Micro-GT mini.<\/strong><\/p>\n<ol>\n<li>prof. Lino Battilana <a href=\"https:\/\/youtu.be\/A-74aNVMlcY\">Come caricare il file hex in ICSP.<\/a><\/li>\n<li>Mirco Battistella <a href=\"https:\/\/youtu.be\/mxKMbJbKsn0\">Un orologio ore minuti secondi su display LED<\/a><\/li>\n<li>Giuseppe Bonfiglio <a href=\"https:\/\/youtu.be\/bcaI588yJxc\">Doppio termometro interno e esterno con LCD e LM35<\/a><\/li>\n<li>prof. Lino Battilana <a href=\"https:\/\/youtu.be\/usLWW9GX0M8\">Termometro su display LCD<\/a><\/li>\n<li>prof. Lino Battilana <a href=\"https:\/\/youtu.be\/pJeSAKAWp94\">Termometro su display LED<\/a><\/li>\n<li>dott. ing. Marco Gottardo <a href=\"https:\/\/youtu.be\/gdP34dmhHTs\">Modellino semaforo con attraversamenti pedonali<\/a><\/li>\n<li>Francesco Tagliapietra <a href=\"https:\/\/youtu.be\/M6ds-uGKO9U\">Tutorial Pickit 3 e display 7 segmenti<\/a><\/li>\n<li>Massimo Pettina GT-Bot V1.1 <a href=\"https:\/\/youtu.be\/cCR-ykcAOdU\">Robot che misura la distanza con ostacoli<\/a><\/li>\n<li>Massimo Pettin\u00e0 GT-Bot V1.0 <a href=\"https:\/\/youtu.be\/cCR-ykcAOdU?list=PLYDEiV0xsDrfH4VSrQlh3JCG9QHPhwwDU\">Robot che evita ostacoli<\/a><\/li>\n<\/ol>\n","protected":false},"excerpt":{"rendered":"<p>Sistema di controllo a Microcontrollore PIC per le scuole l&#8217;hobbistica e piccole applicazioni di robotica Nota bene: Oggi disponibile nella versione upgrade con porta USB e che non richiede alimentazione esterna. Sito per i compilatori Hi-Tech\u00a0http:\/\/www.htsoft.com\/ Scarica ebook gratuito per &hellip; <a href=\"https:\/\/www.gtronic.it\/test\/index.php\/micro-gt-mini\/\">Continua a leggere<span class=\"meta-nav\">&rarr;<\/span><\/a><\/p>\n","protected":false},"author":1,"featured_media":0,"parent":0,"menu_order":0,"comment_status":"closed","ping_status":"closed","template":"","meta":[],"_links":{"self":[{"href":"https:\/\/www.gtronic.it\/test\/index.php\/wp-json\/wp\/v2\/pages\/103"}],"collection":[{"href":"https:\/\/www.gtronic.it\/test\/index.php\/wp-json\/wp\/v2\/pages"}],"about":[{"href":"https:\/\/www.gtronic.it\/test\/index.php\/wp-json\/wp\/v2\/types\/page"}],"author":[{"embeddable":true,"href":"https:\/\/www.gtronic.it\/test\/index.php\/wp-json\/wp\/v2\/users\/1"}],"replies":[{"embeddable":true,"href":"https:\/\/www.gtronic.it\/test\/index.php\/wp-json\/wp\/v2\/comments?post=103"}],"version-history":[{"count":40,"href":"https:\/\/www.gtronic.it\/test\/index.php\/wp-json\/wp\/v2\/pages\/103\/revisions"}],"predecessor-version":[{"id":1931,"href":"https:\/\/www.gtronic.it\/test\/index.php\/wp-json\/wp\/v2\/pages\/103\/revisions\/1931"}],"wp:attachment":[{"href":"https:\/\/www.gtronic.it\/test\/index.php\/wp-json\/wp\/v2\/media?parent=103"}],"curies":[{"name":"wp","href":"https:\/\/api.w.org\/{rel}","templated":true}]}}