{"id":100,"date":"2016-06-11T12:48:56","date_gmt":"2016-06-11T10:48:56","guid":{"rendered":"http:\/\/www.gtronic.it\/test\/?page_id=100"},"modified":"2021-10-24T22:48:52","modified_gmt":"2021-10-24T20:48:52","slug":"micro-gt-ide","status":"publish","type":"page","link":"https:\/\/www.gtronic.it\/test\/index.php\/micro-gt-ide\/","title":{"rendered":"Micro-GT IDE"},"content":{"rendered":"<h1 style=\"text-align: left;\">Sistema di sviluppo per l\u2019apprendimento della programmazione dei Controllori PIC<\/h1>\n<p>I corsi di programmazione dei microcontrollori PIC si tengono a Padova il <strong>marted\u00ec<\/strong> e e il <strong>gioved\u00ec<\/strong> dalle ore 18:00 alle ore 23:00, nella sede di Via Andorra 22. E\u2019 possibile, per chi viene da fuori citt\u00e0 frequentare nelle sessioni week end. La durata del corso \u00e8 di 40 ore e il costo, compresa IVA, \u00e8 di 300\u20ac. inf su \u00a0ad.noctis@gmail.com<\/p>\n<p style=\"text-align: center;\"><a href=\"http:\/\/www.gtronic.it\/community\/community.html\">vai alla community Micro-GT<\/a>\u00a0\u00a0\u00a0\u00a0 <a href=\"http:\/\/www.gtronic.it\/community\/Librerie_Micro-GT.html\">scarica le librerie della Micro-GT open source<\/a><\/p>\n<p style=\"text-align: center;\"><a href=\"https:\/\/microgt.files.wordpress.com\/2015\/05\/20150517_183157-2.jpg\" rel=\"attachment wp-att-10\"><img decoding=\"async\" loading=\"lazy\" class=\" wp-image-10 aligncenter\" src=\"https:\/\/microgt.files.wordpress.com\/2015\/05\/20150517_183157-2.jpg?w=300&amp;h=169\" alt=\"20150517_183157-2\" width=\"419\" height=\"242\" \/><\/a><a href=\"http:\/\/www.gtronic.it\/test\/wp-content\/uploads\/2016\/06\/Bootloader-per-tutte-le-Micro-GT.zip\">Bootloader per tutte le Micro-GT<\/a><\/p>\n<p>Ideale per le scuole e per le aziende che fanno della <strong>formazione<\/strong> il loro obiettivo principale.<br \/>\nLa Micro-GT IDE integra, oltre al microcontrollore PIC 16F877A, un caposaldo nella didattica, tutto quello che serve per un primo approccio all\u2019affascinante mondo dei PIC:<\/p>\n<p><strong>Corso breve XC per programmare le Micro-GT per 16F876 e 877 e affini:<\/strong><\/p>\n<ol>\n<li><a href=\"http:\/\/www.gtronic.it\/test\/wp-content\/uploads\/2016\/06\/XC_PIC_config-1.zip\">XC_PIC_config<\/a> \u00a0 Questo programma imposta i fuses, legge input e pilota output<\/li>\n<li><a href=\"http:\/\/www.gtronic.it\/test\/wp-content\/uploads\/2016\/06\/XC_Lampeggio.zip\">XC_Lampeggio<\/a> Questo programma esegue il lampeggio di un LED su RC0<\/li>\n<li><a href=\"http:\/\/www.gtronic.it\/test\/wp-content\/uploads\/2016\/06\/XC_supercar.zip\">XC_supercar<\/a> Il programma esegue supercar al PORTB, e definisce tutte le variabili<\/li>\n<li><a href=\"http:\/\/www.gtronic.it\/test\/wp-content\/uploads\/2016\/06\/XC_antirimbalzo.zip\">XC_antirimbalzo<\/a> il programma mostra come leggere correttamente i pulsanti<\/li>\n<li><a href=\"http:\/\/www.gtronic.it\/test\/wp-content\/uploads\/2016\/06\/XC_analogici.zip\">XC_analogici<\/a>\u00a0Questo programma mostra come configurare l&#8217;analogico<\/li>\n<li><a href=\"http:\/\/www.gtronic.it\/test\/wp-content\/uploads\/2016\/06\/interrupt_onda_quadra_2021-10-24_1722.zip\">XC_Interrupt<\/a>\u00a0Esempio di interrupt per TMR0 e pulsante su RB0 (16F877A)<\/li>\n<li><a href=\"http:\/\/www.gtronic.it\/test\/wp-content\/uploads\/2016\/06\/XC_LCD_4bit.zip\">XC_LCD_4bit<\/a> Controllo display 2 righe 16 char, bus 4 bit.<\/li>\n<li><a href=\"http:\/\/www.gtronic.it\/test\/wp-content\/uploads\/2016\/06\/XC_LCD_4bit.rar\">XC_LCD_4bit<\/a>\u00a0Versione rar testata<\/li>\n<li><a href=\"http:\/\/www.gtronic.it\/test\/wp-content\/uploads\/2016\/06\/XC_visualizzazione-temperature-su-display-lcd_2021-10-24_1443.zip\">XC_visualizzazione-temperature-su-display-lcd_8_bit_2021-10-24_1443<\/a><\/li>\n<li><a href=\"http:\/\/www.gtronic.it\/test\/wp-content\/uploads\/2016\/06\/EEPROM.zip\">EEPROM<\/a>\u00a0 XC8 scrittura nell&#8217;area EEPROM del 16F877A Micro-GT<\/li>\n<li><a href=\"http:\/\/www.gtronic.it\/test\/wp-content\/uploads\/2016\/06\/Orologio-UP-PIC16F876A.X-1.zip\">Orologio UP PIC16F876A.X<\/a>\u00a0 Per Micro-GT mini Sviluppato da Mirko Battistella<\/li>\n<li><a href=\"http:\/\/www.gtronic.it\/test\/wp-content\/uploads\/2016\/06\/OrologioUP_2.0.X-1.zip\">OrologioUP_2.0.X<\/a> Per PIC a 18 pin (Disponibili gli stampati a richiesta)<\/li>\n<\/ol>\n<p>Scarica pacchetto di installer compilatori XC e HI-Tech 9.70 <a href=\"https:\/\/www.dropbox.com\/s\/lnp61vpk8ndrdo2\/HCPIC-9.70.zip?dl=0\">scarica compilatori<\/a><br \/>\nScarica un set completo di programmi per PIC18 compatibili <a href=\"http:\/\/www.gtronic.it\/test\/wp-content\/uploads\/2017\/01\/PIC18F_examples.zip\">PIC18F_examples<\/a><\/p>\n<ul>\n<li>Led<\/li>\n<li>Display Led a sette segmenti<\/li>\n<li>Pulsanti configurabili in pull-up o pull-down<\/li>\n<li>L298 e ponte ad H per il controllo di motori DC, servomotori, e motori passo passo<\/li>\n<li>Possibilit\u00e0 di collegare un display Lcd tipo 1609<\/li>\n<li>Free port, bus aperto per poter connettere qualunque dispositivo sensore o attuatore<\/li>\n<\/ul>\n<p>Sito ufficiale per i compilatori Hi-Tech,\u00a0\u00a0<a href=\"http:\/\/www.htsoft.com\/\">http:\/\/www.htsoft.com\/<\/a><\/p>\n<p><strong>Alcuni documenti importanti:<\/strong><br \/>\n\u2013\u00a0<a href=\"https:\/\/microgt.files.wordpress.com\/2016\/01\/schema-elettrico-micro-gt-ultimate-v-02.jpg\" target=\"_blank\">Schema elettrico<\/a><br \/>\n\u2013\u00a0<a href=\"https:\/\/microgt.files.wordpress.com\/2016\/01\/micro-gt_ide_layout.jpg\" target=\"_blank\">Layout<\/a><a href=\"https:\/\/microgt.files.wordpress.com\/2016\/01\/micro-gt_ide_layout.jpg\" target=\"_blank\"><br \/>\n<\/a>\u2013\u00a0<a href=\"https:\/\/microgt.files.wordpress.com\/2016\/01\/microgt-ide.pdf\" target=\"_blank\">Articolo approfondito<\/a> sulla scheda<\/p>\n<p><strong>Alcuni databook di chip consigliati:<\/strong><\/p>\n<ul>\n<li><a href=\"http:\/\/www.gtronic.it\/test\/wp-content\/uploads\/2016\/06\/PIC16F18877.pdf\">PIC16F18877<\/a>\u00a0Compatibile 877 ma con molti potenziamenti.<\/li>\n<li>Analog differential frontend 8 channel biomedical <a href=\"http:\/\/www.gtronic.it\/test\/wp-content\/uploads\/2016\/06\/ads1299.pdf\">ads1299<\/a><\/li>\n<li>Suggest schematics for ads1299 <a href=\"http:\/\/www.gtronic.it\/test\/wp-content\/uploads\/2016\/06\/ADS_V2-2-Sch.pdf\">ADS_V2-2-Sch<\/a><\/li>\n<\/ul>\n<p><strong>Video Tutorial e video corso gratuito.<\/strong><\/p>\n<ol>\n<li>Gottardo Marco <a href=\"https:\/\/youtu.be\/0toc6XePupE\">Controllo Servo In Analogico<\/a><\/li>\n<li>Gottardo Marco <a href=\"https:\/\/youtu.be\/yOBZxKHwfV0\">I convertitori AD del Pic<\/a><\/li>\n<li>Gottardo Marco <a href=\"https:\/\/youtu.be\/UM6HgAu8su8\">La banda morta nei segnali analogici<\/a><\/li>\n<li>Pietro Bassoli <a href=\"https:\/\/youtu.be\/SybGdkbfGIc?list=PLYDEiV0xsDrcufGloTStsn4vlifbnIH0m\">Il display LCD<\/a><\/li>\n<li>Gottardo-Bassoli L&#8217;<a href=\"https:\/\/youtu.be\/R5WsbKM46PU\">anti rimbalzo dei pulsanti<\/a><\/li>\n<li>Gottardo Marco <a href=\"https:\/\/youtu.be\/sDw8F8q2J5Y\">La codifica dei segnali nel bus per display LED<\/a><\/li>\n<\/ol>\n<p><strong>Video corso gratuito<\/strong><\/p>\n<ol>\n<li>Massimo Pettin\u00e0 <a href=\"https:\/\/youtu.be\/mXHeYo26ABs\">Lezione 1<\/a><\/li>\n<li>Massimo Pettin\u00e0 <a href=\"https:\/\/youtu.be\/G97yoZAZkSM?list=PLYDEiV0xsDrcufGloTStsn4vlifbnIH0m\">Lezione 2<\/a><\/li>\n<li>Massimo Pettin\u00e0 <a href=\"https:\/\/youtu.be\/doRrZt2-4b8?list=PLYDEiV0xsDrcufGloTStsn4vlifbnIH0m\">Lezione 3<\/a><\/li>\n<li>Massimo Pettin\u00e0 <a href=\"https:\/\/youtu.be\/4UiKbrGO-1o?list=PLYDEiV0xsDrcufGloTStsn4vlifbnIH0m\">Lezione 4<\/a><\/li>\n<li>Massimo Pettin\u00e0 <a href=\"https:\/\/youtu.be\/3j2PGlrls5c?list=PLYDEiV0xsDrcufGloTStsn4vlifbnIH0m\">Lezione 5<\/a><\/li>\n<li>Massimo Pettin\u00e0 <a href=\"https:\/\/youtu.be\/SYdpKXy9SXU?list=PLYDEiV0xsDrcufGloTStsn4vlifbnIH0m\">Lezione 6<\/a><\/li>\n<li>Massimo Pettin\u00e0 <a href=\"https:\/\/youtu.be\/z1_FXrvXi4w?list=PLYDEiV0xsDrcufGloTStsn4vlifbnIH0m\">Lezione 7<\/a><\/li>\n<li>Massimo Pettin\u00e0 <a href=\"https:\/\/youtu.be\/gLHC9aiTgSs?list=PLYDEiV0xsDrcufGloTStsn4vlifbnIH0m\">Lezione 8<\/a><\/li>\n<li>Gottardo Marco Impostazione fissa di velocit\u00e0 diverse ai mot. DC\u00a0<a href=\"https:\/\/youtu.be\/DEkqCSuTGYk\">Lezione 9<\/a><\/li>\n<\/ol>\n<p><strong>Programmi di esempio, template, librerie per la Micro-GT IDE. <\/strong>esercizi svolti con alcuni allievi durante i corsi di programmazione dei Microcontrollori PIC.<\/p>\n<ol>\n<li><a href=\"http:\/\/www.gtronic.it\/test\/wp-content\/uploads\/2017\/01\/Orologio_Micro-GT_IDE.X.zip\">Orologio Ore e Minuti visualizzato sul display a sette segmenti.<\/a><\/li>\n<li><a href=\"http:\/\/www.gtronic.it\/test\/wp-content\/uploads\/2017\/01\/LCD_hitech_4bit-2.zip\">Controllo display LCD con bus a 4 bit (Gottardo)<\/a><\/li>\n<li>Sensore di temperatura LM35 su display LCD 2&#215;16 <a href=\"http:\/\/www.gtronic.it\/test\/wp-content\/uploads\/2016\/06\/LCD_lm35-testato.zip\"><u><span style=\"color: #0066cc;\">LCD_lm35-testato<\/span><\/u><\/a><b><\/b><i><\/i><u><\/u><\/li>\n<li>Sensore di temperatura e umidit\u00e0 <a href=\"http:\/\/www.gtronic.it\/test\/wp-content\/uploads\/2016\/06\/dth11_brucchietti-temperatura-e-umidita_seriale.zip\">dth11_brucchietti temperatura e umidita_seriale<\/a><\/li>\n<li>Decoder per il Display 7 segmenti nel bus Micro-GT IDE <a href=\"http:\/\/www.gtronic.it\/test\/wp-content\/uploads\/2016\/06\/decoder7seg.zip\">decoder7seg<\/a><\/li>\n<li>Invio tramite seriale\u00a0di numeri dalla tastiera del PC al display\u00a0LED <a href=\"http:\/\/www.gtronic.it\/test\/wp-content\/uploads\/2016\/06\/test_com4511.zip\">test_com4511<\/a><\/li>\n<li>lettura analogica e accensione barra LED <a href=\"http:\/\/www.gtronic.it\/test\/wp-content\/uploads\/2016\/06\/ADCsoglia_rampa.zip\">ADCsoglia_rampa<\/a><\/li>\n<li>Sensore temperatura LM35 su disp 7 seg\u00a0 <a href=\"http:\/\/www.gtronic.it\/test\/wp-content\/uploads\/2016\/06\/LM35_display7seg_Mattiolo.zip\">LM35 su display 7 segmenti<\/a><\/li>\n<li>Display grafico 128 x 64 <a href=\"http:\/\/www.gtronic.it\/test\/wp-content\/uploads\/2016\/06\/MicroGT_12864_KS0108.zip\">MicroGT_12864_KS0108<\/a><\/li>\n<li>Simple botton pressed counter UP-DOWN (0 to 9) on 7 seg.\u00a0<a href=\"http:\/\/www.gtronic.it\/test\/wp-content\/uploads\/2016\/06\/Counter_0to9.zip\">download counter0_9<\/a><\/li>\n<li>Orologio con 16F1827 di Battistella -&gt; <a href=\"http:\/\/www.gtronic.it\/community\/Orologio%20UP%20V2.0\/Orologio%20a%20Up%20V2.htm\">Articolo completo orologio Micro-GT V2<\/a><\/li>\n<li>Interrupt e display a 7 seg, Eleonora Bertuzzi -&gt; <a href=\"http:\/\/www.gtronic.it\/test\/wp-content\/uploads\/2016\/06\/Interrupt.zip\">Interrupt<\/a><\/li>\n<li>GT-Bot robottino line follower (bozza) -&gt; <a href=\"http:\/\/www.gtronic.it\/test\/wp-content\/uploads\/2016\/06\/LCD_hitech_4bit.zip\">LCD_hitech_4bit<\/a><\/li>\n<li>Selettore zucchero su LCD e temperatura tarata -&gt; <a href=\"http:\/\/www.gtronic.it\/test\/wp-content\/uploads\/2016\/06\/Zucchero-e-temperatura-LM35.zip\">Zucchero e temperatura LM35<\/a><\/li>\n<li>Esempio interrupt di supercar con pulsante RB0 -&gt; <a href=\"http:\/\/www.gtronic.it\/test\/wp-content\/uploads\/2016\/06\/interrupt_test.zip\">interrupt_test<\/a><\/li>\n<li>Controllo stepper da USB dott. Marco Barbisan CNR -&gt; <a href=\"http:\/\/www.gtronic.it\/test\/wp-content\/uploads\/2016\/06\/Laser_Focus_adjust_USB.zip\">Laser_Focus_adjust_USB<\/a><\/li>\n<li>Piccolo inverter onda quadra 12F629 Gottardo -&gt; <a href=\"http:\/\/www.gtronic.it\/test\/wp-content\/uploads\/2016\/06\/inverter12F675_last.zip\">inverter12F675_last<\/a><\/li>\n<li>Esempio di comunicazione I2C standard -&gt; <a href=\"http:\/\/www.gtronic.it\/test\/wp-content\/uploads\/2016\/06\/i2c.zip\">i2c<\/a><\/li>\n<li>Esempio di routine di interrupt su TMR0 -&gt; <a href=\"http:\/\/www.gtronic.it\/test\/wp-content\/uploads\/2016\/06\/TimerDemo.zip\">TimerDemo<\/a><\/li>\n<li>Mattiolo Marco interrupt TMR0 -&gt; <a href=\"http:\/\/www.gtronic.it\/test\/wp-content\/uploads\/2016\/06\/interrupt_test_TMR0_Mattiolo_20170221.zip\">interrupt_test_TMR0_Mattiolo_20170221<\/a><\/li>\n<li>Mattiolo Marco interrupt RB0-&gt; <a href=\"http:\/\/www.gtronic.it\/test\/wp-content\/uploads\/2016\/06\/interrupt_supercar_RB0.zip\">interrupt_supercar_RB0<\/a><\/li>\n<li>Mattiolo Marco -&gt;<a href=\"http:\/\/www.gtronic.it\/test\/wp-content\/uploads\/2016\/06\/interrupt_test_servomotore_TMR0_Mattiolo_20170228.zip\">interrupt_test_servomotore_TMR0_Mattiolo_20170228<\/a><\/li>\n<li>Marco Gottardo esempio comunicazione RS232 -&gt;<a href=\"http:\/\/www.gtronic.it\/test\/wp-content\/uploads\/2016\/06\/seriale_COM.zip\">seriale_COM<\/a><\/li>\n<li>Invio continuo numero da\u00a00 a 9\u00a0dalla tastiera alla Micro-GT\u00a0-&gt;<a href=\"http:\/\/www.gtronic.it\/test\/wp-content\/uploads\/2016\/06\/seriale_Mattiolo.zip\">seriale_Mattiolo<\/a><\/li>\n<li>Seriale da Micro-GT a hyperterminal sul PC -&gt; <a href=\"http:\/\/www.gtronic.it\/test\/wp-content\/uploads\/2016\/06\/seriale_da_Micro-GT_a_PC.zip\">seriale_da_Micro-GT_a_PC<\/a><\/li>\n<li>Sensore temperatura umidit\u00e0 -&gt;<a href=\"http:\/\/www.gtronic.it\/test\/wp-content\/uploads\/2016\/06\/seriale_DHT11_LCD2x16_Mattiolo_20170328.zip\">seriale_DHT11_LCD2x16_Mattiolo_20170328<\/a><\/li>\n<li>Lancio task paralleli su 16F887 Julian Miglio\u00a0-&gt;<a href=\"http:\/\/www.gtronic.it\/test\/wp-content\/uploads\/2016\/06\/tasking_pic16f887.zip\">tasking_pic16f887<\/a><\/li>\n<li>Modulo vocale mp3-TF-16P -&gt; <a href=\"http:\/\/www.gtronic.it\/test\/wp-content\/uploads\/2016\/06\/seriale_DHT11_LCD2x16_Mattiolo_20170427.zip\">seriale_DHT11_LCD2x16_Mattiolo_20170427<\/a><\/li>\n<li>Controllo 2 canali PWM Gottardo -&gt; <a href=\"http:\/\/www.gtronic.it\/test\/wp-content\/uploads\/2016\/06\/PWM_ctrl.zip\">PWM_ctrl<\/a><\/li>\n<li>Per la Micro-GT IDE 16F877A -&gt; <a href=\"http:\/\/www.gtronic.it\/test\/wp-content\/uploads\/2016\/06\/Orologio_Micro-GT_IDE.X-1.zip\">Orologio_Micro-GT_IDE.X<\/a><\/li>\n<li>Contatore controllato dai pulsanti up\/down 4 digit -&gt;\u00a0<a href=\"http:\/\/www.gtronic.it\/test\/wp-content\/uploads\/2016\/06\/Contatore-ritenuta_Zampieri-zip.zip\">Contatore-ritenuta_Zampieri-zip<\/a><\/li>\n<\/ol>\n<p><strong>Robotica hobbistica. <\/strong>Costruisci il tuo Robot semovente prendendo come spunto il nostro GT-Bot Rover. La versione GT-Bot 1.4 \u00e8 la prima versione stabile del Robot Micro-GT, realizzato su hardware 16F876 della Micro-GT mini. La versione implementa il sensore telemetrico HC-SR04, il sensore accelerometro inclinometro\u00a0 con valori visualizzati sul display LCD a 2 righe per 16 caratteri. Le ruote sono mosse da due servomotori modificati per la rotazione continua.<\/p>\n<p>scarica il firmware per piattaforma Toy-PLC.\u00a0<a href=\"http:\/\/www.gtronic.it\/test\/wp-content\/uploads\/2016\/06\/GT-Bot-1.4.zip\">GT Bot 1.4<\/a><\/p>\n<p>&nbsp;<\/p>\n<p><strong>Template ufficiale XC<br \/>\n<\/strong><\/p>\n<ol>\n<li><a href=\"http:\/\/www.gtronic.it\/test\/wp-content\/uploads\/2016\/06\/PIC16F1784_DAC.zip\">PIC16F1784_DAC<\/a><\/li>\n<li><a href=\"http:\/\/www.gtronic.it\/test\/wp-content\/uploads\/2016\/06\/PIC16F1784_UART.zip\">PIC16F1784_UART<\/a><\/li>\n<li><a href=\"http:\/\/www.gtronic.it\/test\/wp-content\/uploads\/2016\/06\/PIC16F1824_ServoController.zip\">PIC16F1824_ServoController<\/a><\/li>\n<li><a href=\"http:\/\/www.gtronic.it\/test\/wp-content\/uploads\/2016\/06\/PIC16F1828_Comparator.zip\">PIC16F1828_Comparator<\/a><\/li>\n<li><a href=\"http:\/\/www.gtronic.it\/test\/wp-content\/uploads\/2016\/06\/PIC16F1503_RGB_Controller.zip\">PIC16F1503_RGB_Controller<\/a><\/li>\n<\/ol>\n<p>La Micro-GT IDE e&#8217;\u00a0 acquistabile assemblata e collaudata al costo di <strong>100 euro<\/strong> compresa la spedizione in Italia, oppure solo circuito stampato. La versione Upgrade, se priva del programmer integrato, munita di porta USB, viene fornita a <strong>80\u20ac<\/strong> (vedi la pagina dedicata).<\/p>\n<p><img decoding=\"async\" src=\"http:\/\/www.guiott.com\/Tutorial\/CorsoBasePIC-2\/Pic2_files\/Micro-GT-PIC_pcb.JPG\" \/><\/p>\n<p><strong>Costo PCB 10 euro pi\u00f9 spese di spedizione<\/strong><\/p>\n<p>Per acquistare il solo PCB della scheda Micro-GT IDE mostrato nell&#8217;immagine chiedi la disponibilit\u00e0, fino ad esaurimento scorte, alla mail ad.noctis@gmail.com<\/p>\n<p><strong>i pin ICSP dei vari modelli di PIC<\/strong><\/p>\n<p>Pin ICSP per entrare nella Micro-GT e programmare i vari PIC se si vuole usare un programmer esterno.<\/p>\n<p><img decoding=\"async\" loading=\"lazy\" class=\"alignnone size-full wp-image-837\" src=\"http:\/\/www.gtronic.it\/test\/wp-content\/uploads\/2016\/06\/PIC_pin_icsp.jpg\" alt=\"PIC_pin_icsp\" width=\"763\" height=\"641\" srcset=\"https:\/\/www.gtronic.it\/test\/wp-content\/uploads\/2016\/06\/PIC_pin_icsp.jpg 763w, https:\/\/www.gtronic.it\/test\/wp-content\/uploads\/2016\/06\/PIC_pin_icsp-300x252.jpg 300w, https:\/\/www.gtronic.it\/test\/wp-content\/uploads\/2016\/06\/PIC_pin_icsp-357x300.jpg 357w\" sizes=\"(max-width: 763px) 100vw, 763px\" \/><\/p>\n<p><strong>Corrispondenza pin out tra 16F877a e 16F887<\/strong><\/p>\n<p><img decoding=\"async\" loading=\"lazy\" class=\"alignnone size-full wp-image-1091\" src=\"http:\/\/www.gtronic.it\/test\/wp-content\/uploads\/2016\/06\/887-877-pinout-1.png\" alt=\"887-877 pinout\" width=\"982\" height=\"526\" srcset=\"https:\/\/www.gtronic.it\/test\/wp-content\/uploads\/2016\/06\/887-877-pinout-1.png 982w, https:\/\/www.gtronic.it\/test\/wp-content\/uploads\/2016\/06\/887-877-pinout-1-300x161.png 300w, https:\/\/www.gtronic.it\/test\/wp-content\/uploads\/2016\/06\/887-877-pinout-1-768x411.png 768w, https:\/\/www.gtronic.it\/test\/wp-content\/uploads\/2016\/06\/887-877-pinout-1-500x268.png 500w\" sizes=\"(max-width: 982px) 100vw, 982px\" \/><\/p>\n","protected":false},"excerpt":{"rendered":"<p>Sistema di sviluppo per l\u2019apprendimento della programmazione dei Controllori PIC I corsi di programmazione dei microcontrollori PIC si tengono a Padova il marted\u00ec e e il gioved\u00ec dalle ore 18:00 alle ore 23:00, nella sede di Via Andorra 22. E\u2019 &hellip; <a href=\"https:\/\/www.gtronic.it\/test\/index.php\/micro-gt-ide\/\">Continua a leggere<span class=\"meta-nav\">&rarr;<\/span><\/a><\/p>\n","protected":false},"author":1,"featured_media":0,"parent":0,"menu_order":0,"comment_status":"closed","ping_status":"closed","template":"","meta":[],"_links":{"self":[{"href":"https:\/\/www.gtronic.it\/test\/index.php\/wp-json\/wp\/v2\/pages\/100"}],"collection":[{"href":"https:\/\/www.gtronic.it\/test\/index.php\/wp-json\/wp\/v2\/pages"}],"about":[{"href":"https:\/\/www.gtronic.it\/test\/index.php\/wp-json\/wp\/v2\/types\/page"}],"author":[{"embeddable":true,"href":"https:\/\/www.gtronic.it\/test\/index.php\/wp-json\/wp\/v2\/users\/1"}],"replies":[{"embeddable":true,"href":"https:\/\/www.gtronic.it\/test\/index.php\/wp-json\/wp\/v2\/comments?post=100"}],"version-history":[{"count":77,"href":"https:\/\/www.gtronic.it\/test\/index.php\/wp-json\/wp\/v2\/pages\/100\/revisions"}],"predecessor-version":[{"id":3415,"href":"https:\/\/www.gtronic.it\/test\/index.php\/wp-json\/wp\/v2\/pages\/100\/revisions\/3415"}],"wp:attachment":[{"href":"https:\/\/www.gtronic.it\/test\/index.php\/wp-json\/wp\/v2\/media?parent=100"}],"curies":[{"name":"wp","href":"https:\/\/api.w.org\/{rel}","templated":true}]}}