{"id":10,"date":"2016-06-06T10:40:14","date_gmt":"2016-06-06T08:40:14","guid":{"rendered":"http:\/\/www.gtronic.it\/test\/?page_id=10"},"modified":"2020-11-25T03:33:25","modified_gmt":"2020-11-25T02:33:25","slug":"elettronica","status":"publish","type":"page","link":"https:\/\/www.gtronic.it\/test\/index.php\/elettronica\/","title":{"rendered":"Elettronica"},"content":{"rendered":"<p><span class=\"list-price\"><strong>The ultimate PCB designer. Edizione 2021<\/strong><\/span><\/p>\n<div class=\"actual-price-display\"><span class=\"actual-price\"> \u20ac 39,50 <span class=\"price-label\">(IVA inclusa)<img decoding=\"async\" loading=\"lazy\" class=\"wp-image-3027 alignleft\" src=\"http:\/\/www.gtronic.it\/test\/wp-content\/uploads\/2016\/06\/Aimee-Yuan-copertina-resize.jpg\" alt=\"Aimee Yuan copertina resize\" width=\"258\" height=\"345\" \/><\/span><\/span><\/div>\n<div class=\"shipping-info\">\n<div>pagine 466 copertina flessibile<\/div>\n<div>\n<p><span class=\"a-list-item\"><span class=\"a-text-bold\">I<strong>SBN-13 :<\/strong>\u00a0<\/span>979-8560493783<\/span><\/p>\n<\/div>\n<div><a href=\"https:\/\/www.amazon.it\/dp\/B08MSMP9RM\">Vai al sito di vendita<\/a><\/div>\n<\/div>\n<div class=\"description\">Il libro, edito nel 2021, fa parte della collana di trattati di elettronica del dott. Gottardo. Basato principalmente sul CAD Eagle, di Autodesk, \u00e8 in realt\u00e0 spendibile per qualunque prodotto software. Mirato all\u2019apprendimento delle procedure di progettazione e sviluppo di PCB professionali ma contiene anche una spiegazione pratica su come realizzare in casa prototipi con tecniche di fotoincisione e corrosione facilmente replicabili senza grossi investimenti. Contiene 17 esercizi svolti, altri 40 guidati verso la soluzione, 6 di tipo Quick per la soluzione rapida, e una sezione contenente una miriade di schemi elettrici da proporre come esercitazioni nei laboratori scolastici. Tutti gli schemi proposti sono stati realizzati e testati, sono quindi di funzionamento certo anche se in qualche caso vengono lasciati elementi progettuali al lettore in modo da poter aumentare il suo skill professionale. Concentra la venticinquennale esperienza nel campo maturata dall\u2019autore e segue il volume di elettronica analogica integrata con tecniche smd, gi\u00e0 molto nota e apprezzata dal pubblico. Una nuova impaginazione e la successione con cui si presentano gli argomenti sono ottimali sia per l\u2019apprendimento scolastico sia per autodidatta portando le conoscenze a livello professionale. Testo unico nel suo genere che va ben oltre la normale didattica di laboratorio elettronico, destinato a diventare un riferimento per l\u2019anno 2021 e successivi.<\/div>\n<div class=\"description\">\n<hr \/>\n<\/div>\n<div class=\"description\">\n<p><span class=\"list-price\"><strong>Elettronica Analogica e Digitale con laboratorio e tecniche SMD. Edizione 2018<\/strong><\/span><\/p>\n<div class=\"actual-price-display\"><span class=\"actual-price\">\u20ac 38,50\u00a0<span class=\"price-label\">(IVA esclusa)<img decoding=\"async\" loading=\"lazy\" class=\"size-full wp-image-1903 alignleft\" src=\"http:\/\/www.gtronic.it\/test\/wp-content\/uploads\/2016\/06\/Elettronica-e-laboratorio-con-tecniche-SMD-ed-2018.jpg\" alt=\"Elettronica e laboratorio con tecniche SMD ed 2018\" width=\"212\" height=\"320\" srcset=\"https:\/\/www.gtronic.it\/test\/wp-content\/uploads\/2016\/06\/Elettronica-e-laboratorio-con-tecniche-SMD-ed-2018.jpg 212w, https:\/\/www.gtronic.it\/test\/wp-content\/uploads\/2016\/06\/Elettronica-e-laboratorio-con-tecniche-SMD-ed-2018-199x300.jpg 199w\" sizes=\"(max-width: 212px) 100vw, 212px\" \/><\/span><\/span><\/div>\n<div class=\"shipping-info\">\n<div>Stampa in 3-5 giorni feriali<\/div>\n<div><a href=\"http:\/\/www.lulu.com\/shop\/marco-gottardo\/elettronica-analogica-e-digitale-con-laboratorio-e-tecniche-smd-edizione-2018\/paperback\/product-23668944.html\">Vai al sito di vendita<\/a><\/div>\n<\/div>\n<div class=\"description\">Questo libro, giunto alla seconda edizione a Giungno 2018, sostituisce la precedente di cui ne migliora la grafica e amplia alcuni contenuti. Raccoglie i 25 anni di esperienza didattica dell\u2019autore e propone un\u2019ampia collezione di esperienze pratiche. Il lettore verr\u00e0 guidato nella soluzioni di problemi che spaziano in praticamente tutti i campi dell\u2019elettronica. Qui troverete anche le necessarie basi teoriche in merito alla tecnologia elettronica, lo sviluppo di circuiti stampati con Eagle, una chiara trattazione di elettrotecnica, forti basi per l\u2019uso degli amplificatori operazionali, elettronica digitale anche programmabile, sui sistemi a Microcontrollori PIC si piattaforma MPLabX, e unico in Italia un\u2019introduzione allo sviluppo dei sistemi SoC, ovvero System on chip. Questi sono sistemi basati sui processori ZYNQ7000 che integrano una potente sezione ARM multicore con una estesa area FPGA della Xilinx. Un\u2019interessante capitolo sulle<span class=\"more-text\">\u00a0trasmissioni radio amatoriali \u00e8 stato inserito e ampliato.<\/span><\/div>\n<\/div>\n<div class=\"description\">\n<hr \/>\n<h2>Amplificatori Operazionali edizione 2018<\/h2>\n<p><span class=\"price-label\"><img decoding=\"async\" loading=\"lazy\" class=\"alignnone size-full wp-image-1908 alignleft\" src=\"http:\/\/www.gtronic.it\/test\/wp-content\/uploads\/2016\/06\/Ampificatori-operazionali-edizione-2018.jpg\" alt=\"Ampificatori operazionali edizione 2018\" width=\"212\" height=\"320\" srcset=\"https:\/\/www.gtronic.it\/test\/wp-content\/uploads\/2016\/06\/Ampificatori-operazionali-edizione-2018.jpg 212w, https:\/\/www.gtronic.it\/test\/wp-content\/uploads\/2016\/06\/Ampificatori-operazionali-edizione-2018-199x300.jpg 199w\" sizes=\"(max-width: 212px) 100vw, 212px\" \/>Prezzo<\/span>\u00a0<span class=\"actual-price\">\u20ac 21,25\u00a0<span class=\"price-label\">(IVA esclusa)<\/span><\/span><\/p>\n<p>ISBN:9780244689261<\/p>\n<p><a href=\"http:\/\/www.lulu.com\/shop\/marco-gottardo\/amplificatori-operazionali-edizione-2018\/paperback\/product-23666394.html\">vai al sito di vendita<\/a><\/p>\n<p>Questa terza edizione completamente rinnovata nella sua veste grafica e rivista nei contenuti \u00e8 stata sviluppata per rispondere alle esigenze di chiarezza e sintesi richiesti dagli allievi dei corsi di formazione e dei corsi hobbistici presenti nel territorio. Il testo \u00e8 ufficialmente adottato ai corsi di formazione professionali tenuti dall&#8217;ing. Marco Gottardo presso le aule della G-Tronic Robotics, a Padova. Rispetto all\u2019edizione precedente \u00e8 arricchito di nuovi capitoli per la progettazione di oscillatori sinusoidali, l&#8217;analisi della risposta in frequenza dei filtri attivi di ordine superiore, generatori di forme d&#8217;onda, analisi del rumore, comparatori con isteresi, interfacciamento a transistor per applicazioni audio. Un importante capitolo \u00e8 dedicato all&#8217;introduzione del CAD Eagle per la progettazione e lo sviluppo dei circuiti stampati, con un chiaro esempio guidato. Contiene numerosi esercizi svolti SMD. Approfondito il capitolo dei filtri<span class=\"more-text\"> analogici. Ottimo per autodidatti e hobbisti.<\/span><\/p>\n<hr \/>\n<h2>Dummytronics 2017<\/h2>\n<p><img decoding=\"async\" loading=\"lazy\" class=\"wp-image-1852 alignleft\" src=\"http:\/\/www.gtronic.it\/test\/wp-content\/uploads\/2016\/06\/copertina-Dummytronic-2017.jpg\" alt=\"copertina Dummytronic 2017\" width=\"212\" height=\"320\" srcset=\"https:\/\/www.gtronic.it\/test\/wp-content\/uploads\/2016\/06\/copertina-Dummytronic-2017.jpg 212w, https:\/\/www.gtronic.it\/test\/wp-content\/uploads\/2016\/06\/copertina-Dummytronic-2017-199x300.jpg 199w\" sizes=\"(max-width: 212px) 100vw, 212px\" \/><\/p>\n<p><a href=\"http:\/\/www.lulu.com\/shop\/marco-gottardo\/dummytronics-2017\/paperback\/product-22676827.html\">Vai al sito di vendita<\/a><\/p>\n<p>ISBN:9781326645618<\/p>\n<p><span class=\"price-label\">Prezzo<\/span>\u00a0<span class=\"actual-price\">\u20ac 18,69\u00a0<span class=\"price-label\">(IVA esclusa)<\/span><\/span><\/p>\n<p>Questa nuova edizione \u00e8 stata completamente rivista e corretta, nonch\u00e9 migliorata dal punto di vista grafico rispetto alla prima edizione del 2012. \u00c8 inoltre stata ampliata con le nozioni fondamentali di elettrotecnica Il testo guida il neofita nei suoi primi passi nell\u2019affascinante mondo dell\u2019elettronica. Impareremo assieme a costruire un circuito stampato su cui saldare i componenti del nostro primo circuito elettronico. Il libro \u00e8 di impostazione pratica ma la teoria necessaria non \u00e8 affatto trascurata. Imparerai a conoscere resistenze, condensatori, transistor e molto altro. Tutto il contenuto di questo testo \u00e8 presente anche nel libro\u00a0Elettronica Analogica e Digitale con laboratorio e tecniche SMD. Edizione 2018 mostarto a inizio pagina.<\/p>\n<hr \/>\n<h2>SMD no fear!!! la prima esperienza smd.<\/h2>\n<p><img decoding=\"async\" loading=\"lazy\" class=\"size-full wp-image-1853 alignleft\" src=\"http:\/\/www.gtronic.it\/test\/wp-content\/uploads\/2016\/06\/copertina-SMD-no-fear.jpg\" alt=\"copertina SMD no fear\" width=\"212\" height=\"320\" srcset=\"https:\/\/www.gtronic.it\/test\/wp-content\/uploads\/2016\/06\/copertina-SMD-no-fear.jpg 212w, https:\/\/www.gtronic.it\/test\/wp-content\/uploads\/2016\/06\/copertina-SMD-no-fear-199x300.jpg 199w\" sizes=\"(max-width: 212px) 100vw, 212px\" \/><\/p>\n<p>ISBN: 9781326023799<\/p>\n<p><span class=\"price-label\">Prezzo<\/span>\u00a0<span class=\"actual-price\">\u20ac 10,34\u00a0<span class=\"price-label\">(IVA esclusa)<\/span><\/span><\/p>\n<p><a href=\"http:\/\/www.lulu.com\/shop\/marco-gottardo\/smd-no-fear-la-prima-esperienza-smd\/paperback\/product-21815753.html\">Vai al sito di vendita<\/a><\/p>\n<p><strong>Nota bene: Questo<\/strong> libro \u00e8 inserito completamente come capitolo nel libro <strong>Elettronica Analogica e Digitale con laboratorio e tecniche SMD. Edizione 2018<\/strong><\/p>\n<p><strong>\u00a0<\/strong>mostrato a inizio pagina.<\/p>\n<p>La tecnica di assemblaggio PTH, ovvero con i pin dei componenti infilati attraverso i fori, \u00e8 ormai superata in ogni ambito professionale, bench\u00e9 non sar\u00e0 mai del tutto abbandonata deve ricoprire un ruolo di secondo ordine nella preparazione del tecnico, del perito e dell&#8217;ingegnere. Sfortunatamente le scuole non sono attrezzate e spesso i docenti non se la sento di affrontare un argomento che richiede una manualit\u00e0 che non appartiene a tutti. Ne consegue che pure essendo presente nello scenario mondiale da oltre trent&#8217;anni resta ancora un lato oscuro per i nuovi addetti ai lavori. Questo libro vi introdurr\u00e0 in maniera semplice ed efficace nel mondo dell&#8217;elettronica smd non solo in teoria ma proponendo delle esperienze pratiche basate sui kit di montaggio G-Tronic.<\/p>\n<\/div>\n","protected":false},"excerpt":{"rendered":"<p>The ultimate PCB designer. Edizione 2021 \u20ac 39,50 (IVA inclusa) pagine 466 copertina flessibile ISBN-13 :\u00a0979-8560493783 Vai al sito di vendita Il libro, edito nel 2021, fa parte della collana di trattati di elettronica del dott. Gottardo. Basato principalmente sul &hellip; <a href=\"https:\/\/www.gtronic.it\/test\/index.php\/elettronica\/\">Continua a leggere<span class=\"meta-nav\">&rarr;<\/span><\/a><\/p>\n","protected":false},"author":1,"featured_media":0,"parent":0,"menu_order":0,"comment_status":"closed","ping_status":"closed","template":"","meta":[],"_links":{"self":[{"href":"https:\/\/www.gtronic.it\/test\/index.php\/wp-json\/wp\/v2\/pages\/10"}],"collection":[{"href":"https:\/\/www.gtronic.it\/test\/index.php\/wp-json\/wp\/v2\/pages"}],"about":[{"href":"https:\/\/www.gtronic.it\/test\/index.php\/wp-json\/wp\/v2\/types\/page"}],"author":[{"embeddable":true,"href":"https:\/\/www.gtronic.it\/test\/index.php\/wp-json\/wp\/v2\/users\/1"}],"replies":[{"embeddable":true,"href":"https:\/\/www.gtronic.it\/test\/index.php\/wp-json\/wp\/v2\/comments?post=10"}],"version-history":[{"count":13,"href":"https:\/\/www.gtronic.it\/test\/index.php\/wp-json\/wp\/v2\/pages\/10\/revisions"}],"predecessor-version":[{"id":3028,"href":"https:\/\/www.gtronic.it\/test\/index.php\/wp-json\/wp\/v2\/pages\/10\/revisions\/3028"}],"wp:attachment":[{"href":"https:\/\/www.gtronic.it\/test\/index.php\/wp-json\/wp\/v2\/media?parent=10"}],"curies":[{"name":"wp","href":"https:\/\/api.w.org\/{rel}","templated":true}]}}